
{"id":4091,"date":"2017-11-23T17:38:54","date_gmt":"2017-11-23T16:38:54","guid":{"rendered":"https:\/\/passerelle2.ac-nantes.fr\/matisse\/?page_id=4091"},"modified":"2017-11-29T16:55:23","modified_gmt":"2017-11-29T15:55:23","slug":"zorbalov-et-lorgue-magique","status":"publish","type":"page","link":"https:\/\/passerelle2.ac-nantes.fr\/matisse\/les-cp-ce1\/2017-2018\/zorbalov-et-lorgue-magique\/","title":{"rendered":"Zorbalov et l&rsquo;orgue magique"},"content":{"rendered":"<p><img loading=\"lazy\" decoding=\"async\" class=\"alignleft size-medium wp-image-4144\" src=\"https:\/\/passerelle2.ac-nantes.fr\/matisse\/wp-content\/uploads\/sites\/311\/2017\/11\/IMGP3650-300x225.jpg\" alt=\"\" width=\"300\" height=\"225\" srcset=\"https:\/\/passerelle2.ac-nantes.fr\/matisse\/wp-content\/uploads\/sites\/311\/2017\/11\/IMGP3650-300x225.jpg 300w, https:\/\/passerelle2.ac-nantes.fr\/matisse\/wp-content\/uploads\/sites\/311\/2017\/11\/IMGP3650-768x576.jpg 768w, https:\/\/passerelle2.ac-nantes.fr\/matisse\/wp-content\/uploads\/sites\/311\/2017\/11\/IMGP3650.jpg 800w\" sizes=\"auto, (max-width: 300px) 100vw, 300px\" \/>Spectacle \u00e0 la salle Athena, si vous souhaitez \u00e9couter les musiques du spectacle, voici les r\u00e9f\u00e9rences :<\/p>\n<p><strong>&nbsp;&nbsp;&nbsp;&nbsp;&nbsp;&nbsp;&nbsp;&nbsp;&nbsp;&nbsp;&nbsp;&nbsp;&nbsp;&nbsp;&nbsp;&nbsp;&nbsp;&nbsp;&nbsp;&nbsp; &nbsp;&nbsp;&nbsp;&nbsp;&nbsp;&nbsp;&nbsp;&nbsp;&nbsp;&nbsp;&nbsp;&nbsp;&nbsp;&nbsp;&nbsp;<\/strong><\/p>\n<p><strong>&nbsp;&nbsp;Conte musical fantastique <\/strong><\/p>\n<p>C\u00e9l\u00e8bre \u00e9quilibriste dans sa jeunesse, Zorbalov erre d\u00e9sormais de village en village pour gagner sa vie. Son destin bascule lorsqu\u2019une vieille sorci\u00e8re lui offre un orgue de Barbarie, un orgue magique, capable de faire appara\u00eetre tout ce qu\u2019il d\u00e9sire, pour peu qu\u2019il choisisse le morceau ad\u00e9quat. Mais gare ! \u00ab L\u2019orgue ne doit \u00eatre utilis\u00e9 que par une \u00e2me bienveillante \u00bb, a pr\u00e9venu la sorci\u00e8re\u2026<\/p>\n<p>&nbsp;<\/p>\n<p><strong>OEuvres classiques : <\/strong><\/p>\n<p>B\u00e9la Bart\u00f3k, <em>Danse 2, Br\u00e2ul (Danse du ch\u00e2le) <\/em>et <em>Danse 4, Bucsum\u00ed t\u00e1nc (Danse de Bucsum), <\/em>extraits de <em>Six Danses populaires roumaines<\/em>, 1915<\/p>\n<p>Vittorio Monti, <em>Cs\u00e1rd\u00e1s, 1904 <\/em><\/p>\n<p>Igor Stravinsky, <em>Danse russe<\/em>, extrait du ballet <em>Petrouchka, <\/em>1911<\/p>\n<p>Dmitri Kabalevski, <em>Galop des com\u00e9diens<\/em>, extrait de la musique de sc\u00e8ne <em>Les Com\u00e9diens, 1939 <\/em><\/p>\n<p>Aram Khatchaturian, <em>Valse<\/em>, extrait de la musique de sc\u00e8ne <em>Mascarade<\/em>, 1941<\/p>\n<p><em>Danse du sabre<\/em>, extrait de la suite du ballet <em>Gayaneh<\/em>, 1942<\/p>\n<p>Sergue\u00ef Prokofiev, <em>Marche<\/em>, extrait de l\u2019op\u00e9ra <em>L\u2019amour des trois oranges, <\/em>1921<\/p>\n<p><em>Valse<\/em>, extrait du ballet <em>Cendrillon<\/em>, 1941-44<img loading=\"lazy\" decoding=\"async\" class=\"alignleft size-medium wp-image-4145\" src=\"https:\/\/passerelle2.ac-nantes.fr\/matisse\/wp-content\/uploads\/sites\/311\/2017\/11\/IMGP3653-300x225.jpg\" alt=\"\" width=\"300\" height=\"225\" srcset=\"https:\/\/passerelle2.ac-nantes.fr\/matisse\/wp-content\/uploads\/sites\/311\/2017\/11\/IMGP3653-300x225.jpg 300w, https:\/\/passerelle2.ac-nantes.fr\/matisse\/wp-content\/uploads\/sites\/311\/2017\/11\/IMGP3653-768x576.jpg 768w, https:\/\/passerelle2.ac-nantes.fr\/matisse\/wp-content\/uploads\/sites\/311\/2017\/11\/IMGP3653.jpg 800w\" sizes=\"auto, (max-width: 300px) 100vw, 300px\" \/><\/p>\n<p>&nbsp;<\/p>\n","protected":false},"excerpt":{"rendered":"<p>Spectacle \u00e0 la salle Athena, si vous souhaitez \u00e9couter les musiques du spectacle, voici les r\u00e9f\u00e9rences : &nbsp;&nbsp;&nbsp;&nbsp;&nbsp;&nbsp;&nbsp;&nbsp;&nbsp;&nbsp;&nbsp;&nbsp;&nbsp;&nbsp;&nbsp;&nbsp;&nbsp;&nbsp;&nbsp;&nbsp; &nbsp;&nbsp;&nbsp;&nbsp;&nbsp;&nbsp;&nbsp;&nbsp;&nbsp;&nbsp;&nbsp;&nbsp;&nbsp;&nbsp;&nbsp; &nbsp;&nbsp;Conte musical fantastique C\u00e9l\u00e8bre \u00e9quilibriste dans sa jeunesse, Zorbalov erre d\u00e9sormais de village en village pour gagner sa vie. Son destin &hellip; <a href=\"https:\/\/passerelle2.ac-nantes.fr\/matisse\/les-cp-ce1\/2017-2018\/zorbalov-et-lorgue-magique\/\">Continuer la lecture <span class=\"meta-nav\">&rarr;<\/span><\/a><\/p>\n","protected":false},"author":5554,"featured_media":0,"parent":3919,"menu_order":0,"comment_status":"closed","ping_status":"closed","template":"","meta":{"ngg_post_thumbnail":0,"h5ap_radio_sources":[],"jetpack_post_was_ever_published":false,"footnotes":""},"folder":[],"class_list":["post-4091","page","type-page","status-publish","hentry"],"jetpack_sharing_enabled":true,"jetpack_shortlink":"https:\/\/wp.me\/P8Njks-13Z","_links":{"self":[{"href":"https:\/\/passerelle2.ac-nantes.fr\/matisse\/wp-json\/wp\/v2\/pages\/4091","targetHints":{"allow":["GET"]}}],"collection":[{"href":"https:\/\/passerelle2.ac-nantes.fr\/matisse\/wp-json\/wp\/v2\/pages"}],"about":[{"href":"https:\/\/passerelle2.ac-nantes.fr\/matisse\/wp-json\/wp\/v2\/types\/page"}],"author":[{"embeddable":true,"href":"https:\/\/passerelle2.ac-nantes.fr\/matisse\/wp-json\/wp\/v2\/users\/5554"}],"replies":[{"embeddable":true,"href":"https:\/\/passerelle2.ac-nantes.fr\/matisse\/wp-json\/wp\/v2\/comments?post=4091"}],"version-history":[{"count":0,"href":"https:\/\/passerelle2.ac-nantes.fr\/matisse\/wp-json\/wp\/v2\/pages\/4091\/revisions"}],"up":[{"embeddable":true,"href":"https:\/\/passerelle2.ac-nantes.fr\/matisse\/wp-json\/wp\/v2\/pages\/3919"}],"wp:attachment":[{"href":"https:\/\/passerelle2.ac-nantes.fr\/matisse\/wp-json\/wp\/v2\/media?parent=4091"}],"wp:term":[{"taxonomy":"folder","embeddable":true,"href":"https:\/\/passerelle2.ac-nantes.fr\/matisse\/wp-json\/wp\/v2\/folder?post=4091"}],"curies":[{"name":"wp","href":"https:\/\/api.w.org\/{rel}","templated":true}]}}