
{"id":438,"date":"2014-11-03T16:02:54","date_gmt":"2014-11-03T16:02:54","guid":{"rendered":"https:\/\/passerelle2.ac-nantes.fr\/matisse\/?page_id=438"},"modified":"2014-11-03T16:02:54","modified_gmt":"2014-11-03T16:02:54","slug":"reglement-de-lecole-2014-2015","status":"publish","type":"page","link":"https:\/\/passerelle2.ac-nantes.fr\/matisse\/informations-administratives\/reglement-de-lecole-2014-2015\/","title":{"rendered":"r\u00e8glement de l&rsquo;\u00e9cole 2014 2015"},"content":{"rendered":"<p>Ecole primaire publique Henri Matisse\u00a0\u00a0\u00a0\u00a0\u00a0\u00a0\u00a0\u00a0\u00a0 \u00a0\u00a0\u00a0\u00a0\u00a0\u00a0\u00a0\u00a0\u00a0\u00a0\u00a0\u00a0\u00a0\u00a0 Pr\u00e9val le 17 octobre 2014<\/p>\n<p>2 rue du perche<\/p>\n<p>72400 PREVAL<\/p>\n<p><strong>R\u00e8glement de l\u2019\u00e9cole<\/strong><\/p>\n<p><strong> <\/strong><\/p>\n<p><strong>1- <\/strong><strong><span style=\"text-decoration: underline\">Admission et inscription<\/span><\/strong><\/p>\n<p><strong><span style=\"text-decoration: underline\"> <\/span><\/strong><\/p>\n<p><strong><span style=\"text-decoration: underline\"> <\/span><\/strong><\/p>\n<p>Tout enfant ayant atteint l\u2019\u00e2ge de 2 ans au plus tard le 31 d\u00e9cembre de l\u2019ann\u00e9e scolaire en cours pourra \u00eatre admis \u00e0 l\u2019\u00e9cole, \u00e0 compter de la date de son anniversaire (sous r\u00e9serve de places et de propret\u00e9 de l\u2019enfant ).<\/p>\n<p>Pour toute inscription (qui peut se faire \u00e0 l\u2019\u00e9cole ou \u00e0 la mairie) il est n\u00e9cessaire de pr\u00e9senter\u00a0:<\/p>\n<p>&#8211;\u00a0\u00a0\u00a0\u00a0\u00a0\u00a0\u00a0\u00a0\u00a0 Le livret de famille<\/p>\n<p>&#8211;\u00a0\u00a0\u00a0\u00a0\u00a0\u00a0\u00a0\u00a0\u00a0 Le carnet de sant\u00e9 ou un certificat de vaccination ( DT polio)<\/p>\n<p>En cas de changement d\u2019\u00e9cole, la pr\u00e9sentation d\u2019un certificat de radiation d\u00e9livr\u00e9 par l\u2019\u00e9cole d\u2019origine est obligatoire. Le livret scolaire de l\u2019enfant pourra \u00eatre transmis par les parents ou \u00eatre envoy\u00e9 par le directeur de l\u2019\u00e9cole d\u2019origine.<\/p>\n<p><strong>2- <\/strong><strong><span style=\"text-decoration: underline\">Fr\u00e9quentation et obligations scolaires<\/span><\/strong><\/p>\n<p><strong><span style=\"text-decoration: underline\"> <\/span><\/strong><\/p>\n<p><strong><span style=\"text-decoration: underline\"> <\/span><\/strong><\/p>\n<p>2-1<strong> <em>A la maternelle<\/em><\/strong><\/p>\n<p>L\u2019\u00e9cole n\u2019est pas obligatoire pour les enfants de moins de 6 ans. Cependant, l\u2019inscription d\u2019un enfant \u00e0 la maternelle implique une fr\u00e9quentation r\u00e9guli\u00e8re respectant les horaires de classe.<\/p>\n<p>2-2<strong> <em>A l\u2019\u00e9cole \u00e9l\u00e9mentaire<\/em><\/strong><\/p>\n<p>Tout enfant d\u2019au moins 6 ans au 31 d\u00e9cembre de l\u2019ann\u00e9e scolaire en cours doit \u00eatre inscrit \u00e0 l\u2019\u00e9cole \u00e9l\u00e9mentaire. La fr\u00e9quentation r\u00e9guli\u00e8re de l\u2019\u00e9cole est obligatoire. Toute absence doit \u00eatre justifi\u00e9e par les parents, dans un d\u00e9lai de 48 heures (oralement ou par \u00e9crit). Une justification \u00e9crite est exig\u00e9e pour une absence d\u2019une dur\u00e9e sup\u00e9rieure \u00e0 48 heures.<\/p>\n<p>Toutefois, les parents pourront demander, par \u00e9crit, une autorisation d\u2019absence pour leur enfant. Cette autorisation est d\u00e9livr\u00e9e \u00e0 titre exceptionnel (\u00e9vitez les rendez-vous chez le m\u00e9decin g\u00e9n\u00e9raliste pendant les heures scolaires.)<\/p>\n<p>\u00ab En cas de n\u00e9gligence r\u00e9p\u00e9t\u00e9e des responsables l\u00e9gaux pour que leur enfant soit repris \u00e0 la sortie de chaque classe aux heures fix\u00e9es par le r\u00e8glement int\u00e9rieur, le directeur d&rsquo;\u00e9cole leur rappelle qu&rsquo;ils sont tenus de respecter les dispositions fix\u00e9es par le r\u00e8glement int\u00e9rieur. Si la situation persiste, le directeur d&rsquo;\u00e9cole engage un dialogue approfondi avec ceux-ci pour prendre en compte les causes des difficult\u00e9s qu&rsquo;ils peuvent rencontrer et les aider \u00e0 les r\u00e9soudre. La persistance de ces manquements et le bilan du dialogue conduit avec la famille peuvent l&rsquo;amener \u00e0 transmettre une information pr\u00e9occupante au pr\u00e9sident du conseil g\u00e9n\u00e9ral dans le cadre de la protection de l&rsquo;enfance, selon les modalit\u00e9s pr\u00e9vues par les protocoles d\u00e9partementaux \u00bb.Circu9juillet2014<\/p>\n<p>2-3<strong> <em>Horaires<\/em><\/strong><\/p>\n<p>Les cours ont lieu les lundi, mardi, jeudi et vendredi toute la journ\u00e9e et le mercredi matin (la liste des mercredis lib\u00e9r\u00e9s a \u00e9t\u00e9 fournie en d\u00e9but d\u2019ann\u00e9e).<\/p>\n<p>Horaires de classe\u00a0:<\/p>\n<p>Le matin de 9h00 \u00e0 12h00.<\/p>\n<p>L\u2019apr\u00e8s-midi de 14h15 \u00e0 16h30.<\/p>\n<p>Les portes sont ouvertes 10 minutes avant les heures d\u2019entr\u00e9e, soit 8h50 et 14h05. A la maternelle, les enfants seront remis aux parents ou aux personnes autoris\u00e9es par \u00e9crit dans la classe.<\/p>\n<p>L&rsquo;aide personnalis\u00e9e a lieu les lundi, mardi et jeudi de 13h35 \u00e0 14h05.<\/p>\n<p><strong>1- <\/strong><strong><span style=\"text-decoration: underline\">Vie scolaire<\/span><\/strong><\/p>\n<p><strong><span style=\"text-decoration: underline\"> <\/span><\/strong><\/p>\n<p>3-1 <strong><em>Respect d\u00fb aux autres<\/em><\/strong><\/p>\n<p><strong><em> <\/em><\/strong><\/p>\n<p>Les enseignants s\u2019interdisent tout comportement, geste ou parole qui traduirait indiff\u00e9rence ou m\u00e9pris \u00e0 l\u2019\u00e9gard des enfants ou de leur famille. De m\u00eame, les \u00e9l\u00e8ves ou leurs familles doivent s\u2019interdire tout comportement, geste ou parole qui porterait atteinte \u00e0 leur fonction ou \u00e0 la personne des professeurs, au personnel de l\u2019\u00e9cole et au respect d\u00fb \u00e0 leurs camarades ou aux familles de ceux-ci.<\/p>\n<p>3-2 <strong><em>Liaisons avec les familles<\/em><\/strong><\/p>\n<p>Le conseil d\u2019\u00e9cole se r\u00e9unit une fois par trimestre. Il est constitu\u00e9 du Maire, des enseignants, des repr\u00e9sentants \u00e9lus de parents. Un compte-rendu de r\u00e9union sera affich\u00e9 au terme de\u00a0 chaque r\u00e9union<\/p>\n<p>Une r\u00e9union de parents \/ enseignants est organis\u00e9e au d\u00e9but de l\u2019ann\u00e9e scolaire. Les enseignants peuvent recevoir les familles qui le d\u00e9sirent, apr\u00e8s la classe. Il est toutefois n\u00e9cessaire de prendre rendez-vous \u00e0 l\u2019avance. De m\u00eame, chaque fois qu\u2019ils le jugeront n\u00e9cessaire, les enseignants convoqueront les parents.<\/p>\n<p>Un livret scolaire sera remis aux \u00e9l\u00e8ves \u00e0 la fin de chaque trimestre. Il reprend les comp\u00e9tences devant \u00eatre acquises en fin de cycle par les enfants, toutes les comp\u00e9tences acquises par les enfants y seront inscrites.<\/p>\n<p>3-3 <strong><em>Mesures prises en cas de manquement au r\u00e8glement de l\u2019\u00e9cole<\/em><\/strong><\/p>\n<p>A l\u2019\u00e9cole \u00e9l\u00e9mentaire, toute absence sup\u00e9rieure \u00e0 2 jours, non justifi\u00e9e, est signal\u00e9e \u00e0 l\u2019inspecteur de l\u2019\u00e9ducation nationale, et au maire de la commune.<\/p>\n<p>Si un enfant venait \u00e0 ne pas observer les r\u00e8gles pr\u00e9vues, le ma\u00eetre s\u2019autorise \u00e0 porter \u00e0 la connaissance de la famille tout manquement constat\u00e9.<\/p>\n<p>Lorsqu&rsquo;un enfant a un comportement momentan\u00e9ment difficile, des solutions doivent \u00eatre cherch\u00e9es en priorit\u00e9 dans la classe, ou exceptionnellement et temporairement, dans une ou plusieurs autres classes. En tout \u00e9tat de cause, l&rsquo;\u00e9l\u00e8ve ne doit, \u00e0 aucun moment, \u00eatre laiss\u00e9 seul sans surveillance. \u00bb Circu.9juillet2014<\/p>\n<p>En cas de difficult\u00e9 particuli\u00e8rement grave, la situation de l\u2019\u00e9l\u00e8ve sera examin\u00e9e par l\u2019\u00e9quipe \u00e9ducative constitu\u00e9e des parents, des enseignants, des membres du r\u00e9seau d\u2019aide, du m\u00e9decin\u00a0 scolaire, du maire.<\/p>\n<p>3.4\u00a0\u00a0\u00a0\u00a0\u00a0\u00a0 <strong><em>La\u00efcit\u00e9<\/em><\/strong><\/p>\n<p><strong><em> <\/em><\/strong><\/p>\n<p>Conform\u00e9ment aux dispositions de l\u2019article L-141-5-1 du code de l\u2019\u00e9ducation, le port de signes ou de tenues par lesquels les \u00e9l\u00e8ves manifestent ostensiblement une appartenance religieuse, est interdit.<\/p>\n<p>Lorsqu\u2019un \u00e9l\u00e8ve et son responsable m\u00e9connaissent l\u2019interdiction pos\u00e9e \u00e0 l\u2019alin\u00e9a pr\u00e9c\u00e9dent, le directeur organise un dialogue avec ceux-ci avant l\u2019engagement par l\u2019inspecteur d\u2019acad\u00e9mie de toute proc\u00e9dure disciplinaire.<\/p>\n<p><strong>4- <\/strong><strong><span style=\"text-decoration: underline\">Locaux scolaires<\/span><\/strong><\/p>\n<p>Le directeur signalera tout danger apparent \u00e0 la municipalit\u00e9. Un exercice de s\u00e9curit\u00e9 par trimestre (\u00e9vacuation des locaux) sera effectu\u00e9 avec les \u00e9l\u00e8ves. Les consignes de s\u00e9curit\u00e9 seront comment\u00e9es en classe.<\/p>\n<p>Il est formellement interdit de fumer dans l\u2019enceinte de l\u2019\u00e9cole\u00a0: b\u00e2timent et cour.<\/p>\n<p>Les chiens ne sont pas autoris\u00e9s\u00a0 \u00e0 suivre leur ma\u00eetre dans l\u2019\u00e9cole, m\u00eame tenus en laisse.<\/p>\n<p>Il est interdit de stationner devant l\u2019\u00e9cole aux heures de sortie des \u00e9l\u00e8ves.<\/p>\n<p>Pour raison de s\u00e9curit\u00e9 la mairie demande \u00e0 ce que les poussettes n&rsquo;entrent pas dans les locaux scolaires.<\/p>\n<p><strong>5- <\/strong><strong><span style=\"text-decoration: underline\">Surveillance<\/span><\/strong><\/p>\n<p><strong><span style=\"text-decoration: underline\"> <\/span><\/strong><\/p>\n<p><strong><em> <\/em><\/strong><\/p>\n<p>5-1 <strong><em>M\u00e9dicaments<\/em><\/strong><\/p>\n<p><strong><em> <\/em><\/strong><\/p>\n<p>La prise de m\u00e9dicaments \u00e0 l\u2019\u00e9cole est interdite, sauf dans le cas d\u2019une maladie chronique (exemple\u00a0: asthme). Dans ce dernier cas, il est n\u00e9cessaire de fournir un certificat m\u00e9dical et une autorisation \u00e9crite des parents. Pour tout autre traitement, demander au m\u00e9decin de diff\u00e9rer la prise \u00e0 16h45 par exemple \u00e0 la place du midi.<\/p>\n<p>5-2 <strong><em>Objets dangereux<\/em><\/strong><\/p>\n<p><strong><em> <\/em><\/strong><\/p>\n<p>Il est interdit d\u2019amener \u00e0 l\u2019\u00e9cole des objets pouvant \u00eatre dangereux pour les enfants.<\/p>\n<p>Adopt\u00e9 en Conseil d\u2019\u00e9cole du 17 octobre 2014.<\/p>\n<p><strong> <\/strong><\/p>\n<p><strong>V.Tison<\/strong><\/p>\n","protected":false},"excerpt":{"rendered":"<p>Ecole primaire publique Henri Matisse\u00a0\u00a0\u00a0\u00a0\u00a0\u00a0\u00a0\u00a0\u00a0 \u00a0\u00a0\u00a0\u00a0\u00a0\u00a0\u00a0\u00a0\u00a0\u00a0\u00a0\u00a0\u00a0\u00a0 Pr\u00e9val le 17 octobre 2014 2 rue du perche 72400 PREVAL R\u00e8glement de l\u2019\u00e9cole 1- Admission et inscription Tout enfant ayant atteint l\u2019\u00e2ge de 2 ans au plus tard le 31 d\u00e9cembre de l\u2019ann\u00e9e &hellip; <a href=\"https:\/\/passerelle2.ac-nantes.fr\/matisse\/informations-administratives\/reglement-de-lecole-2014-2015\/\">Continuer la lecture <span class=\"meta-nav\">&rarr;<\/span><\/a><\/p>\n","protected":false},"author":5554,"featured_media":0,"parent":436,"menu_order":0,"comment_status":"open","ping_status":"open","template":"","meta":{"ngg_post_thumbnail":0,"h5ap_radio_sources":[],"jetpack_post_was_ever_published":false,"footnotes":""},"folder":[],"class_list":["post-438","page","type-page","status-publish","hentry"],"jetpack_sharing_enabled":true,"jetpack_shortlink":"https:\/\/wp.me\/P8Njks-74","_links":{"self":[{"href":"https:\/\/passerelle2.ac-nantes.fr\/matisse\/wp-json\/wp\/v2\/pages\/438","targetHints":{"allow":["GET"]}}],"collection":[{"href":"https:\/\/passerelle2.ac-nantes.fr\/matisse\/wp-json\/wp\/v2\/pages"}],"about":[{"href":"https:\/\/passerelle2.ac-nantes.fr\/matisse\/wp-json\/wp\/v2\/types\/page"}],"author":[{"embeddable":true,"href":"https:\/\/passerelle2.ac-nantes.fr\/matisse\/wp-json\/wp\/v2\/users\/5554"}],"replies":[{"embeddable":true,"href":"https:\/\/passerelle2.ac-nantes.fr\/matisse\/wp-json\/wp\/v2\/comments?post=438"}],"version-history":[{"count":0,"href":"https:\/\/passerelle2.ac-nantes.fr\/matisse\/wp-json\/wp\/v2\/pages\/438\/revisions"}],"up":[{"embeddable":true,"href":"https:\/\/passerelle2.ac-nantes.fr\/matisse\/wp-json\/wp\/v2\/pages\/436"}],"wp:attachment":[{"href":"https:\/\/passerelle2.ac-nantes.fr\/matisse\/wp-json\/wp\/v2\/media?parent=438"}],"wp:term":[{"taxonomy":"folder","embeddable":true,"href":"https:\/\/passerelle2.ac-nantes.fr\/matisse\/wp-json\/wp\/v2\/folder?post=438"}],"curies":[{"name":"wp","href":"https:\/\/api.w.org\/{rel}","templated":true}]}}