
{"id":5544,"date":"2019-11-18T17:33:28","date_gmt":"2019-11-18T16:33:28","guid":{"rendered":"https:\/\/passerelle2.ac-nantes.fr\/matisse\/?page_id=5544"},"modified":"2019-12-19T16:33:59","modified_gmt":"2019-12-19T15:33:59","slug":"2019-2020","status":"publish","type":"page","link":"https:\/\/passerelle2.ac-nantes.fr\/matisse\/les-cp-ce1\/2019-2020\/","title":{"rendered":"2019 2020"},"content":{"rendered":"\n<p>Projet haie<\/p>\n<p>Cette ann\u00e9e, nous nous lan\u00e7ons dans un projet de plantation d&rsquo;une haie pr\u00e8s de l&rsquo;\u00e9cole.<br>Les \u00e9l\u00e8ves ont d\u00e9j\u00e0 rapport\u00e9 des graines \u00e0 l&rsquo;\u00e9cole.<br>Puis, nous avons tri\u00e9 ces graines.<\/p>\n<p><img loading=\"lazy\" decoding=\"async\" class=\"alignleft size-medium wp-image-5546\" src=\"https:\/\/passerelle2.ac-nantes.fr\/matisse\/wp-content\/uploads\/sites\/311\/2019\/11\/DSC03326-300x225.jpg\" alt=\"\" width=\"300\" height=\"225\" srcset=\"https:\/\/passerelle2.ac-nantes.fr\/matisse\/wp-content\/uploads\/sites\/311\/2019\/11\/DSC03326-300x225.jpg 300w, https:\/\/passerelle2.ac-nantes.fr\/matisse\/wp-content\/uploads\/sites\/311\/2019\/11\/DSC03326-768x576.jpg 768w, https:\/\/passerelle2.ac-nantes.fr\/matisse\/wp-content\/uploads\/sites\/311\/2019\/11\/DSC03326.jpg 800w\" sizes=\"auto, (max-width: 300px) 100vw, 300px\" \/><\/p>\n<p>&nbsp;<\/p>\n<p>&nbsp;<\/p>\n<p>&nbsp;<\/p>\n<p>&nbsp;<\/p>\n<p>&nbsp;<\/p>\n<p><img loading=\"lazy\" decoding=\"async\" class=\"alignleft  wp-image-5547\" src=\"https:\/\/passerelle2.ac-nantes.fr\/matisse\/wp-content\/uploads\/sites\/311\/2019\/11\/DSC03328-300x225.jpg\" alt=\"\" width=\"305\" height=\"229\" srcset=\"https:\/\/passerelle2.ac-nantes.fr\/matisse\/wp-content\/uploads\/sites\/311\/2019\/11\/DSC03328-300x225.jpg 300w, https:\/\/passerelle2.ac-nantes.fr\/matisse\/wp-content\/uploads\/sites\/311\/2019\/11\/DSC03328-768x576.jpg 768w, https:\/\/passerelle2.ac-nantes.fr\/matisse\/wp-content\/uploads\/sites\/311\/2019\/11\/DSC03328.jpg 800w\" sizes=\"auto, (max-width: 305px) 100vw, 305px\" \/><\/p>\n\n\n\n<p>On a \u00e9t\u00e9 dans le chemin de randonn\u00e9e de la commune. On a ramass\u00e9 des graines, des glands, des ch\u00e2taignes et on les a tri\u00e9s dans une boite.<\/p>\n<p>Nous avons mis des graines dans des pots, on a \u00e9t\u00e9 chez les grands&nbsp;; apr\u00e8s on a enterr\u00e9 les pots pour les garder tout l&rsquo;hiver.<\/p>\n<p>On a \u00e9t\u00e9 dans la classe de Mme P\u00e9nicaud et on a fait des groupes.<\/p>\n<p>On a mis du sable dans les pots et on a mis des graines dans le pot et on a ferm\u00e9 le couvercle. On les a emmen\u00e9s dans les bacs de terre, on a fait un gros trou, apr\u00e8s on a mis les pots dans le trou et on a recouvert de terre. On ira les rechercher au printemps&nbsp;!<\/p>\n<p>On remercie les parents et grands-parents qui nous ont accompagn\u00e9s pour aller chercher les graines dans le chemin de la commune.<\/p>\n<p>&nbsp;&nbsp;&nbsp;&nbsp;&nbsp;&nbsp;&nbsp;&nbsp;&nbsp;&nbsp;&nbsp;&nbsp;&nbsp;&nbsp;&nbsp; &nbsp;&nbsp;&nbsp;&nbsp;&nbsp;&nbsp;&nbsp;&nbsp;&nbsp;&nbsp;&nbsp;&nbsp;&nbsp;&nbsp;&nbsp;&nbsp; &nbsp;&nbsp;&nbsp; La classe de cp et ce1<\/p>\n<p><img loading=\"lazy\" decoding=\"async\" class=\"alignleft size-medium wp-image-5625\" src=\"https:\/\/passerelle2.ac-nantes.fr\/matisse\/wp-content\/uploads\/sites\/311\/2019\/12\/DSC03331-300x225.jpg\" alt=\"\" width=\"300\" height=\"225\" srcset=\"https:\/\/passerelle2.ac-nantes.fr\/matisse\/wp-content\/uploads\/sites\/311\/2019\/12\/DSC03331-300x225.jpg 300w, https:\/\/passerelle2.ac-nantes.fr\/matisse\/wp-content\/uploads\/sites\/311\/2019\/12\/DSC03331-768x576.jpg 768w, https:\/\/passerelle2.ac-nantes.fr\/matisse\/wp-content\/uploads\/sites\/311\/2019\/12\/DSC03331.jpg 800w\" sizes=\"auto, (max-width: 300px) 100vw, 300px\" \/>&nbsp; <img loading=\"lazy\" decoding=\"async\" class=\"alignleft size-medium wp-image-5626\" src=\"https:\/\/passerelle2.ac-nantes.fr\/matisse\/wp-content\/uploads\/sites\/311\/2019\/12\/DSC03394-300x225.jpg\" alt=\"\" width=\"300\" height=\"225\" srcset=\"https:\/\/passerelle2.ac-nantes.fr\/matisse\/wp-content\/uploads\/sites\/311\/2019\/12\/DSC03394-300x225.jpg 300w, https:\/\/passerelle2.ac-nantes.fr\/matisse\/wp-content\/uploads\/sites\/311\/2019\/12\/DSC03394-768x576.jpg 768w, https:\/\/passerelle2.ac-nantes.fr\/matisse\/wp-content\/uploads\/sites\/311\/2019\/12\/DSC03394.jpg 800w\" sizes=\"auto, (max-width: 300px) 100vw, 300px\" \/><\/p>\n<p>&nbsp;<\/p>\n<p>&nbsp;<\/p>\n<p>&nbsp;<\/p>\n<p>&nbsp;<\/p>\n<p>&nbsp;<\/p>\n<p><img loading=\"lazy\" decoding=\"async\" class=\"alignleft size-medium wp-image-5627\" src=\"https:\/\/passerelle2.ac-nantes.fr\/matisse\/wp-content\/uploads\/sites\/311\/2019\/12\/DSC03404-300x225.jpg\" alt=\"\" width=\"300\" height=\"225\" srcset=\"https:\/\/passerelle2.ac-nantes.fr\/matisse\/wp-content\/uploads\/sites\/311\/2019\/12\/DSC03404-300x225.jpg 300w, https:\/\/passerelle2.ac-nantes.fr\/matisse\/wp-content\/uploads\/sites\/311\/2019\/12\/DSC03404-768x576.jpg 768w, https:\/\/passerelle2.ac-nantes.fr\/matisse\/wp-content\/uploads\/sites\/311\/2019\/12\/DSC03404.jpg 800w\" sizes=\"auto, (max-width: 300px) 100vw, 300px\" \/>&nbsp; <img loading=\"lazy\" decoding=\"async\" class=\"alignleft size-medium wp-image-5628\" src=\"https:\/\/passerelle2.ac-nantes.fr\/matisse\/wp-content\/uploads\/sites\/311\/2019\/12\/DSC03419-300x225.jpg\" alt=\"\" width=\"300\" height=\"225\" srcset=\"https:\/\/passerelle2.ac-nantes.fr\/matisse\/wp-content\/uploads\/sites\/311\/2019\/12\/DSC03419-300x225.jpg 300w, https:\/\/passerelle2.ac-nantes.fr\/matisse\/wp-content\/uploads\/sites\/311\/2019\/12\/DSC03419-768x576.jpg 768w, https:\/\/passerelle2.ac-nantes.fr\/matisse\/wp-content\/uploads\/sites\/311\/2019\/12\/DSC03419.jpg 800w\" sizes=\"auto, (max-width: 300px) 100vw, 300px\" \/><\/p>\n\n\n","protected":false},"excerpt":{"rendered":"<p>Projet haie Cette ann\u00e9e, nous nous lan\u00e7ons dans un projet de plantation d&rsquo;une haie pr\u00e8s de l&rsquo;\u00e9cole.Les \u00e9l\u00e8ves ont d\u00e9j\u00e0 rapport\u00e9 des graines \u00e0 l&rsquo;\u00e9cole.Puis, nous avons tri\u00e9 ces graines. &nbsp; &nbsp; &nbsp; &nbsp; &nbsp; On a \u00e9t\u00e9 dans le &hellip; <a href=\"https:\/\/passerelle2.ac-nantes.fr\/matisse\/les-cp-ce1\/2019-2020\/\">Continuer la lecture <span class=\"meta-nav\">&rarr;<\/span><\/a><\/p>\n","protected":false},"author":5554,"featured_media":0,"parent":3,"menu_order":0,"comment_status":"closed","ping_status":"closed","template":"","meta":{"ngg_post_thumbnail":0,"h5ap_radio_sources":[],"jetpack_post_was_ever_published":false,"footnotes":""},"folder":[],"class_list":["post-5544","page","type-page","status-publish","hentry"],"jetpack_sharing_enabled":true,"jetpack_shortlink":"https:\/\/wp.me\/P8Njks-1rq","_links":{"self":[{"href":"https:\/\/passerelle2.ac-nantes.fr\/matisse\/wp-json\/wp\/v2\/pages\/5544","targetHints":{"allow":["GET"]}}],"collection":[{"href":"https:\/\/passerelle2.ac-nantes.fr\/matisse\/wp-json\/wp\/v2\/pages"}],"about":[{"href":"https:\/\/passerelle2.ac-nantes.fr\/matisse\/wp-json\/wp\/v2\/types\/page"}],"author":[{"embeddable":true,"href":"https:\/\/passerelle2.ac-nantes.fr\/matisse\/wp-json\/wp\/v2\/users\/5554"}],"replies":[{"embeddable":true,"href":"https:\/\/passerelle2.ac-nantes.fr\/matisse\/wp-json\/wp\/v2\/comments?post=5544"}],"version-history":[{"count":0,"href":"https:\/\/passerelle2.ac-nantes.fr\/matisse\/wp-json\/wp\/v2\/pages\/5544\/revisions"}],"up":[{"embeddable":true,"href":"https:\/\/passerelle2.ac-nantes.fr\/matisse\/wp-json\/wp\/v2\/pages\/3"}],"wp:attachment":[{"href":"https:\/\/passerelle2.ac-nantes.fr\/matisse\/wp-json\/wp\/v2\/media?parent=5544"}],"wp:term":[{"taxonomy":"folder","embeddable":true,"href":"https:\/\/passerelle2.ac-nantes.fr\/matisse\/wp-json\/wp\/v2\/folder?post=5544"}],"curies":[{"name":"wp","href":"https:\/\/api.w.org\/{rel}","templated":true}]}}