
{"id":7109,"date":"2022-07-07T14:08:00","date_gmt":"2022-07-07T12:08:00","guid":{"rendered":"https:\/\/passerelle2.ac-nantes.fr\/matisse\/?page_id=7109"},"modified":"2022-07-07T14:08:01","modified_gmt":"2022-07-07T12:08:01","slug":"reportage-kayak-voile","status":"publish","type":"page","link":"https:\/\/passerelle2.ac-nantes.fr\/matisse\/cycle-3\/reportage-kayak-voile\/","title":{"rendered":"Reportage: kayak\/voile"},"content":{"rendered":"\n<p>Sortie voile kayak<\/p>\n\n\n\n<p>Date\u00a0: tous les mardis apr\u00e8s-midis de mai et de juin. Y compris le 22 juin 2022.<\/p>\n\n\n\n<p><\/p>\n\n\n\n<p>O\u00f9 se d\u00e9roule l\u2019activit\u00e9\u00a0?<\/p>\n\n\n\n<p>Au plan d\u2019eau de La Fert\u00e9 Bernard<img loading=\"lazy\" decoding=\"async\" width=\"150\" height=\"100\" class=\"wp-image-7115\" style=\"width: 150px;\" src=\"https:\/\/passerelle2.ac-nantes.fr\/matisse\/wp-content\/uploads\/sites\/311\/2022\/07\/IMG_1345.jpg\" alt=\"\" srcset=\"https:\/\/passerelle2.ac-nantes.fr\/matisse\/wp-content\/uploads\/sites\/311\/2022\/07\/IMG_1345.jpg 900w, https:\/\/passerelle2.ac-nantes.fr\/matisse\/wp-content\/uploads\/sites\/311\/2022\/07\/IMG_1345-300x200.jpg 300w, https:\/\/passerelle2.ac-nantes.fr\/matisse\/wp-content\/uploads\/sites\/311\/2022\/07\/IMG_1345-768x512.jpg 768w\" sizes=\"auto, (max-width: 150px) 100vw, 150px\" \/><\/p>\n\n\n\n<div class=\"wp-block-jetpack-tiled-gallery aligncenter is-style-rectangular\"><div class=\"tiled-gallery__gallery\"><div class=\"tiled-gallery__row\"><div class=\"tiled-gallery__col\" style=\"flex-basis:100.00000%\"><figure class=\"tiled-gallery__item\"><img decoding=\"async\" srcset=\"https:\/\/i1.wp.com\/passerelle2.ac-nantes.fr\/matisse\/wp-content\/uploads\/sites\/311\/2022\/07\/IMG_1315.jpg?strip=info&#038;w=600&#038;ssl=1 600w,https:\/\/i1.wp.com\/passerelle2.ac-nantes.fr\/matisse\/wp-content\/uploads\/sites\/311\/2022\/07\/IMG_1315.jpg?strip=info&#038;w=900&#038;ssl=1 900w\" alt=\"\" data-height=\"600\" data-id=\"7114\" data-link=\"https:\/\/passerelle2.ac-nantes.fr\/matisse\/?attachment_id=7114\" data-url=\"https:\/\/passerelle2.ac-nantes.fr\/matisse\/wp-content\/uploads\/sites\/311\/2022\/07\/IMG_1315.jpg\" data-width=\"900\" src=\"https:\/\/i1.wp.com\/passerelle2.ac-nantes.fr\/matisse\/wp-content\/uploads\/sites\/311\/2022\/07\/IMG_1315.jpg?ssl=1\" data-amp-layout=\"responsive\"\/><\/figure><\/div><\/div><\/div><\/div>\n\n\n\n<p>Quel temps fait-il aujourd\u2019hui\u00a0?<\/p>\n\n\n\n<p>Aujourd\u2019hui, il fait beau et chaud.<\/p>\n\n\n\n<p><\/p>\n\n\n\n<p>Quel adulte nous accompagne aujourd\u2019hui&nbsp;?<\/p>\n\n\n\n<p>Les adultes sont Marine, Christelle (la maman de L\u00e9o) et la ma\u00eetresse. <\/p>\n\n\n\n<p><\/p>\n\n\n\n<p>Qui sont les encadrants de l\u2019activit\u00e9&nbsp;?<\/p>\n\n\n\n<p>Les encadrants sont Matthieu, Lola, Thomas et Wesley<\/p>\n\n\n\n<p><\/p>\n\n\n\n<p>Comment s\u2019appelle le mat\u00e9riel utilis\u00e9&nbsp;?<\/p>\n\n\n\n<p>La voile, un gilet de sauvetage, un optimiste, le gouvernail, la d\u00e9rive, un kayak et une pagaie.<\/p>\n\n\n\n<div class=\"wp-block-jetpack-tiled-gallery aligncenter is-style-rectangular\"><div class=\"tiled-gallery__gallery\"><div class=\"tiled-gallery__row\"><div class=\"tiled-gallery__col\" style=\"flex-basis:65.53499%\"><figure class=\"tiled-gallery__item\"><img decoding=\"async\" srcset=\"https:\/\/i1.wp.com\/passerelle2.ac-nantes.fr\/matisse\/wp-content\/uploads\/sites\/311\/2022\/07\/IMGP4911.jpg?strip=info&#038;w=600&#038;ssl=1 600w,https:\/\/i1.wp.com\/passerelle2.ac-nantes.fr\/matisse\/wp-content\/uploads\/sites\/311\/2022\/07\/IMGP4911.jpg?strip=info&#038;w=800&#038;ssl=1 800w\" alt=\"\" data-height=\"600\" data-id=\"7125\" data-link=\"https:\/\/passerelle2.ac-nantes.fr\/matisse\/?attachment_id=7125\" data-url=\"https:\/\/passerelle2.ac-nantes.fr\/matisse\/wp-content\/uploads\/sites\/311\/2022\/07\/IMGP4911.jpg\" data-width=\"800\" src=\"https:\/\/i1.wp.com\/passerelle2.ac-nantes.fr\/matisse\/wp-content\/uploads\/sites\/311\/2022\/07\/IMGP4911.jpg?ssl=1\" data-amp-layout=\"responsive\"\/><\/figure><\/div><div class=\"tiled-gallery__col\" style=\"flex-basis:34.46501%\"><figure class=\"tiled-gallery__item\"><img decoding=\"async\" srcset=\"https:\/\/i0.wp.com\/passerelle2.ac-nantes.fr\/matisse\/wp-content\/uploads\/sites\/311\/2022\/07\/IMGP4987.jpg?strip=info&#038;w=600&#038;ssl=1 600w,https:\/\/i0.wp.com\/passerelle2.ac-nantes.fr\/matisse\/wp-content\/uploads\/sites\/311\/2022\/07\/IMGP4987.jpg?strip=info&#038;w=800&#038;ssl=1 800w\" alt=\"\" data-height=\"600\" data-id=\"7126\" data-link=\"https:\/\/passerelle2.ac-nantes.fr\/matisse\/?attachment_id=7126\" data-url=\"https:\/\/passerelle2.ac-nantes.fr\/matisse\/wp-content\/uploads\/sites\/311\/2022\/07\/IMGP4987.jpg\" data-width=\"800\" src=\"https:\/\/i0.wp.com\/passerelle2.ac-nantes.fr\/matisse\/wp-content\/uploads\/sites\/311\/2022\/07\/IMGP4987.jpg?ssl=1\" data-amp-layout=\"responsive\"\/><\/figure><figure class=\"tiled-gallery__item\"><img decoding=\"async\" srcset=\"https:\/\/i1.wp.com\/passerelle2.ac-nantes.fr\/matisse\/wp-content\/uploads\/sites\/311\/2022\/07\/IMG_1318.jpg?strip=info&#038;w=600&#038;ssl=1 600w,https:\/\/i1.wp.com\/passerelle2.ac-nantes.fr\/matisse\/wp-content\/uploads\/sites\/311\/2022\/07\/IMG_1318.jpg?strip=info&#038;w=900&#038;ssl=1 900w\" alt=\"\" data-height=\"600\" data-id=\"7127\" data-link=\"https:\/\/passerelle2.ac-nantes.fr\/matisse\/?attachment_id=7127\" data-url=\"https:\/\/passerelle2.ac-nantes.fr\/matisse\/wp-content\/uploads\/sites\/311\/2022\/07\/IMG_1318.jpg\" data-width=\"900\" src=\"https:\/\/i1.wp.com\/passerelle2.ac-nantes.fr\/matisse\/wp-content\/uploads\/sites\/311\/2022\/07\/IMG_1318.jpg?ssl=1\" data-amp-layout=\"responsive\"\/><\/figure><\/div><\/div><\/div><\/div>\n\n\n\n<p>Comment sont habill\u00e9s les camarades&nbsp;?<\/p>\n\n\n\n<p>Mes camarades sont habill\u00e9s avec un short, un tee-shirt, une casquette, des chaussures et un gilet de sauvetage.<\/p>\n\n\n\n<div class=\"wp-block-jetpack-tiled-gallery aligncenter is-style-rectangular\"><div class=\"tiled-gallery__gallery\"><div class=\"tiled-gallery__row\"><div class=\"tiled-gallery__col\" style=\"flex-basis:100.00000%\"><figure class=\"tiled-gallery__item\"><img decoding=\"async\" srcset=\"https:\/\/i2.wp.com\/passerelle2.ac-nantes.fr\/matisse\/wp-content\/uploads\/sites\/311\/2022\/07\/IMGP4889.jpg?strip=info&#038;w=600&#038;ssl=1 600w,https:\/\/i2.wp.com\/passerelle2.ac-nantes.fr\/matisse\/wp-content\/uploads\/sites\/311\/2022\/07\/IMGP4889.jpg?strip=info&#038;w=800&#038;ssl=1 800w\" alt=\"\" data-height=\"600\" data-id=\"7123\" data-link=\"https:\/\/passerelle2.ac-nantes.fr\/matisse\/?attachment_id=7123\" data-url=\"https:\/\/passerelle2.ac-nantes.fr\/matisse\/wp-content\/uploads\/sites\/311\/2022\/07\/IMGP4889.jpg\" data-width=\"800\" src=\"https:\/\/i2.wp.com\/passerelle2.ac-nantes.fr\/matisse\/wp-content\/uploads\/sites\/311\/2022\/07\/IMGP4889.jpg?ssl=1\" data-amp-layout=\"responsive\"\/><\/figure><\/div><\/div><\/div><\/div>\n\n\n\n<p>Quelles sont les consignes de s\u00e9curit\u00e9 \u00e0 respecter&nbsp;?<\/p>\n\n\n\n<p>Mes camarades ne doivent pas se mettre debout tant que l\u2019adulte ne l\u2019a pas dit. Ils doivent mettre un gilet de sauvetage avant d\u2019aller dans le bateau.<\/p>\n\n\n\n<div class=\"wp-block-jetpack-tiled-gallery aligncenter is-style-rectangular\"><div class=\"tiled-gallery__gallery\"><div class=\"tiled-gallery__row\"><div class=\"tiled-gallery__col\" style=\"flex-basis:64.16768%\"><figure class=\"tiled-gallery__item\"><img decoding=\"async\" srcset=\"https:\/\/i1.wp.com\/passerelle2.ac-nantes.fr\/matisse\/wp-content\/uploads\/sites\/311\/2022\/07\/IMGP4899.jpg?strip=info&#038;w=600&#038;ssl=1 600w,https:\/\/i1.wp.com\/passerelle2.ac-nantes.fr\/matisse\/wp-content\/uploads\/sites\/311\/2022\/07\/IMGP4899.jpg?strip=info&#038;w=800&#038;ssl=1 800w\" alt=\"\" data-height=\"600\" data-id=\"7124\" data-link=\"https:\/\/passerelle2.ac-nantes.fr\/matisse\/?attachment_id=7124\" data-url=\"https:\/\/passerelle2.ac-nantes.fr\/matisse\/wp-content\/uploads\/sites\/311\/2022\/07\/IMGP4899.jpg\" data-width=\"800\" src=\"https:\/\/i1.wp.com\/passerelle2.ac-nantes.fr\/matisse\/wp-content\/uploads\/sites\/311\/2022\/07\/IMGP4899.jpg?ssl=1\" data-amp-layout=\"responsive\"\/><\/figure><\/div><div class=\"tiled-gallery__col\" style=\"flex-basis:35.83232%\"><figure class=\"tiled-gallery__item\"><img decoding=\"async\" srcset=\"https:\/\/i1.wp.com\/passerelle2.ac-nantes.fr\/matisse\/wp-content\/uploads\/sites\/311\/2022\/07\/IMG_1564.jpg?strip=info&#038;w=600&#038;ssl=1 600w,https:\/\/i1.wp.com\/passerelle2.ac-nantes.fr\/matisse\/wp-content\/uploads\/sites\/311\/2022\/07\/IMG_1564.jpg?strip=info&#038;w=900&#038;ssl=1 900w\" alt=\"\" data-height=\"600\" data-id=\"7121\" data-link=\"https:\/\/passerelle2.ac-nantes.fr\/matisse\/?attachment_id=7121\" data-url=\"https:\/\/passerelle2.ac-nantes.fr\/matisse\/wp-content\/uploads\/sites\/311\/2022\/07\/IMG_1564.jpg\" data-width=\"900\" src=\"https:\/\/i1.wp.com\/passerelle2.ac-nantes.fr\/matisse\/wp-content\/uploads\/sites\/311\/2022\/07\/IMG_1564.jpg?ssl=1\" data-amp-layout=\"responsive\"\/><\/figure><figure class=\"tiled-gallery__item\"><img decoding=\"async\" srcset=\"https:\/\/i1.wp.com\/passerelle2.ac-nantes.fr\/matisse\/wp-content\/uploads\/sites\/311\/2022\/07\/IMG_1444.jpg?strip=info&#038;w=600&#038;ssl=1 600w,https:\/\/i1.wp.com\/passerelle2.ac-nantes.fr\/matisse\/wp-content\/uploads\/sites\/311\/2022\/07\/IMG_1444.jpg?strip=info&#038;w=900&#038;ssl=1 900w\" alt=\"\" data-height=\"600\" data-id=\"7120\" data-link=\"https:\/\/passerelle2.ac-nantes.fr\/matisse\/?attachment_id=7120\" data-url=\"https:\/\/passerelle2.ac-nantes.fr\/matisse\/wp-content\/uploads\/sites\/311\/2022\/07\/IMG_1444.jpg\" data-width=\"900\" src=\"https:\/\/i1.wp.com\/passerelle2.ac-nantes.fr\/matisse\/wp-content\/uploads\/sites\/311\/2022\/07\/IMG_1444.jpg?ssl=1\" data-amp-layout=\"responsive\"\/><\/figure><\/div><\/div><div class=\"tiled-gallery__row\"><div class=\"tiled-gallery__col\" style=\"flex-basis:25.00000%\"><figure class=\"tiled-gallery__item\"><img decoding=\"async\" srcset=\"https:\/\/i1.wp.com\/passerelle2.ac-nantes.fr\/matisse\/wp-content\/uploads\/sites\/311\/2022\/07\/IMG_1407.jpg?strip=info&#038;w=600&#038;ssl=1 600w,https:\/\/i1.wp.com\/passerelle2.ac-nantes.fr\/matisse\/wp-content\/uploads\/sites\/311\/2022\/07\/IMG_1407.jpg?strip=info&#038;w=900&#038;ssl=1 900w\" alt=\"\" data-height=\"600\" data-id=\"7119\" data-link=\"https:\/\/passerelle2.ac-nantes.fr\/matisse\/?attachment_id=7119\" data-url=\"https:\/\/passerelle2.ac-nantes.fr\/matisse\/wp-content\/uploads\/sites\/311\/2022\/07\/IMG_1407.jpg\" data-width=\"900\" src=\"https:\/\/i1.wp.com\/passerelle2.ac-nantes.fr\/matisse\/wp-content\/uploads\/sites\/311\/2022\/07\/IMG_1407.jpg?ssl=1\" data-amp-layout=\"responsive\"\/><\/figure><\/div><div class=\"tiled-gallery__col\" style=\"flex-basis:25.00000%\"><figure class=\"tiled-gallery__item\"><img decoding=\"async\" srcset=\"https:\/\/i1.wp.com\/passerelle2.ac-nantes.fr\/matisse\/wp-content\/uploads\/sites\/311\/2022\/07\/IMG_1393.jpg?strip=info&#038;w=600&#038;ssl=1 600w,https:\/\/i1.wp.com\/passerelle2.ac-nantes.fr\/matisse\/wp-content\/uploads\/sites\/311\/2022\/07\/IMG_1393.jpg?strip=info&#038;w=900&#038;ssl=1 900w\" alt=\"\" data-height=\"600\" data-id=\"7118\" data-link=\"https:\/\/passerelle2.ac-nantes.fr\/matisse\/?attachment_id=7118\" data-url=\"https:\/\/passerelle2.ac-nantes.fr\/matisse\/wp-content\/uploads\/sites\/311\/2022\/07\/IMG_1393.jpg\" data-width=\"900\" src=\"https:\/\/i1.wp.com\/passerelle2.ac-nantes.fr\/matisse\/wp-content\/uploads\/sites\/311\/2022\/07\/IMG_1393.jpg?ssl=1\" data-amp-layout=\"responsive\"\/><\/figure><\/div><div class=\"tiled-gallery__col\" style=\"flex-basis:25.00000%\"><figure class=\"tiled-gallery__item\"><img decoding=\"async\" srcset=\"https:\/\/i0.wp.com\/passerelle2.ac-nantes.fr\/matisse\/wp-content\/uploads\/sites\/311\/2022\/07\/IMG_1545.jpg?strip=info&#038;w=600&#038;ssl=1 600w,https:\/\/i0.wp.com\/passerelle2.ac-nantes.fr\/matisse\/wp-content\/uploads\/sites\/311\/2022\/07\/IMG_1545.jpg?strip=info&#038;w=900&#038;ssl=1 900w\" alt=\"\" data-height=\"600\" data-id=\"7131\" data-link=\"https:\/\/passerelle2.ac-nantes.fr\/matisse\/?attachment_id=7131\" data-url=\"https:\/\/passerelle2.ac-nantes.fr\/matisse\/wp-content\/uploads\/sites\/311\/2022\/07\/IMG_1545.jpg\" data-width=\"900\" src=\"https:\/\/i0.wp.com\/passerelle2.ac-nantes.fr\/matisse\/wp-content\/uploads\/sites\/311\/2022\/07\/IMG_1545.jpg?ssl=1\" data-amp-layout=\"responsive\"\/><\/figure><\/div><div class=\"tiled-gallery__col\" style=\"flex-basis:25.00000%\"><figure class=\"tiled-gallery__item\"><img decoding=\"async\" srcset=\"https:\/\/i1.wp.com\/passerelle2.ac-nantes.fr\/matisse\/wp-content\/uploads\/sites\/311\/2022\/07\/IMG_1353.jpg?strip=info&#038;w=600&#038;ssl=1 600w,https:\/\/i1.wp.com\/passerelle2.ac-nantes.fr\/matisse\/wp-content\/uploads\/sites\/311\/2022\/07\/IMG_1353.jpg?strip=info&#038;w=900&#038;ssl=1 900w\" alt=\"\" data-height=\"600\" data-id=\"7132\" data-link=\"https:\/\/passerelle2.ac-nantes.fr\/matisse\/?attachment_id=7132\" data-url=\"https:\/\/passerelle2.ac-nantes.fr\/matisse\/wp-content\/uploads\/sites\/311\/2022\/07\/IMG_1353.jpg\" data-width=\"900\" src=\"https:\/\/i1.wp.com\/passerelle2.ac-nantes.fr\/matisse\/wp-content\/uploads\/sites\/311\/2022\/07\/IMG_1353.jpg?ssl=1\" data-amp-layout=\"responsive\"\/><\/figure><\/div><\/div><\/div><\/div>\n\n\n\n<p>Quelles activit\u00e9s font les deux groupes ? (\u00e9coute les consignes)&nbsp;<\/p>\n\n\n\n<figure class=\"wp-block-table\"><table><tbody><tr><td>Kayak<\/td><td>Voile<\/td><\/tr><tr><td>La descente <br>Jeux avec ballons <br>Regroupement au ponton<br>\u00e9pervier<br>pot de colle<\/td><td>Le train<br>Des r\u00e9gates<br>Jeux avec ballons <br>Zigzag jusqu\u2019aux bou\u00e9es<br>p\u00eache aux canards<\/td><\/tr><\/tbody><\/table><\/figure>\n","protected":false},"excerpt":{"rendered":"<p>Sortie voile kayak Date\u00a0: tous les mardis apr\u00e8s-midis de mai et de juin. Y compris le 22 juin 2022. O\u00f9 se d\u00e9roule l\u2019activit\u00e9\u00a0? Au plan d\u2019eau de La Fert\u00e9 Bernard Quel temps fait-il aujourd\u2019hui\u00a0? Aujourd\u2019hui, il fait beau et chaud. &hellip; <a href=\"https:\/\/passerelle2.ac-nantes.fr\/matisse\/cycle-3\/reportage-kayak-voile\/\">Continuer la lecture <span class=\"meta-nav\">&rarr;<\/span><\/a><\/p>\n","protected":false},"author":5554,"featured_media":7115,"parent":91,"menu_order":0,"comment_status":"closed","ping_status":"closed","template":"","meta":{"ngg_post_thumbnail":0,"h5ap_radio_sources":[],"jetpack_post_was_ever_published":false,"footnotes":""},"folder":[],"class_list":["post-7109","page","type-page","status-publish","has-post-thumbnail","hentry"],"jetpack_sharing_enabled":true,"jetpack_shortlink":"https:\/\/wp.me\/P8Njks-1QF","_links":{"self":[{"href":"https:\/\/passerelle2.ac-nantes.fr\/matisse\/wp-json\/wp\/v2\/pages\/7109","targetHints":{"allow":["GET"]}}],"collection":[{"href":"https:\/\/passerelle2.ac-nantes.fr\/matisse\/wp-json\/wp\/v2\/pages"}],"about":[{"href":"https:\/\/passerelle2.ac-nantes.fr\/matisse\/wp-json\/wp\/v2\/types\/page"}],"author":[{"embeddable":true,"href":"https:\/\/passerelle2.ac-nantes.fr\/matisse\/wp-json\/wp\/v2\/users\/5554"}],"replies":[{"embeddable":true,"href":"https:\/\/passerelle2.ac-nantes.fr\/matisse\/wp-json\/wp\/v2\/comments?post=7109"}],"version-history":[{"count":0,"href":"https:\/\/passerelle2.ac-nantes.fr\/matisse\/wp-json\/wp\/v2\/pages\/7109\/revisions"}],"up":[{"embeddable":true,"href":"https:\/\/passerelle2.ac-nantes.fr\/matisse\/wp-json\/wp\/v2\/pages\/91"}],"wp:featuredmedia":[{"embeddable":true,"href":"https:\/\/passerelle2.ac-nantes.fr\/matisse\/wp-json\/wp\/v2\/media\/7115"}],"wp:attachment":[{"href":"https:\/\/passerelle2.ac-nantes.fr\/matisse\/wp-json\/wp\/v2\/media?parent=7109"}],"wp:term":[{"taxonomy":"folder","embeddable":true,"href":"https:\/\/passerelle2.ac-nantes.fr\/matisse\/wp-json\/wp\/v2\/folder?post=7109"}],"curies":[{"name":"wp","href":"https:\/\/api.w.org\/{rel}","templated":true}]}}