
{"id":7972,"date":"2023-07-09T15:45:54","date_gmt":"2023-07-09T13:45:54","guid":{"rendered":"https:\/\/passerelle2.ac-nantes.fr\/matisse\/?page_id=7972"},"modified":"2024-07-05T14:27:34","modified_gmt":"2024-07-05T12:27:34","slug":"le-resume-de-la-semaine","status":"publish","type":"page","link":"https:\/\/passerelle2.ac-nantes.fr\/matisse\/les-maternelles\/annee-2023-2024\/le-resume-de-la-semaine\/","title":{"rendered":"LE RESUME DE LA SEMAINE"},"content":{"rendered":"\n<p>SEMAINE 1:<\/p>\n\n\n\n<p>on a eu des nouveaux \u00e9l\u00e8ves dans notre classe.<br>on a fait l&rsquo;anniversaire d&rsquo;andr\u00e9a.<br>on a chang\u00e9 de section.<br>c&rsquo;est bient\u00f4t l&rsquo;anniversaire de pauline.<br>on fait les nouvelles \u00e9tiquettes.<br>on a un nouveau projet.<\/p>\n\n\n\n<p>SEMAINE 2:<\/p>\n\n\n\n<p>on a termin\u00e9 nos \u00e9tiquettes de porte manteaux.<br>on a fait l&rsquo;anniversaire de pauline.<br>les grands ont commenc\u00e9 les sons.<br>on commence l&#8217;emprunt \u00e0 la biblioth\u00e8que.<\/p>\n\n\n\n<p>SEMAINE 3:<\/p>\n\n\n\n<p>il y a des monsieurs de l&rsquo;association \u00ab\u00a0qui nettoie si ce n&rsquo;est toi\u00a0\u00bb qui sont venus \u00e0 l&rsquo;\u00e9cole pour nous expliquer de ne pas jeter les d\u00e9chets par terre.<br>demain c&rsquo;est l&rsquo;automne.<br>c&rsquo;est bient\u00f4t l&rsquo;anniversaire d&rsquo;ad\u00e8le.<br>c&rsquo;est bient\u00f4t l&rsquo;alerte incendie.<\/p>\n\n\n\n<p>SEMAINE 4:<\/p>\n\n\n\n<p>on a eu des grillons dans un vivarium.<br>on va bient\u00f4t changer de calendrier.<br>on a fini les cahiers, les marque pages, le livre des boutons et les livres \u00e0 compter. on a fini notre projet et lundi on en commence un autre!<br>les parents vont venir pour la r\u00e9union de rentr\u00e9e.<br>on ram\u00e8ne les cahiers de projets.<br>demain, c&rsquo;est le ramassage des d\u00e9chets dans la nature!<\/p>\n\n\n\n<p>SEMAINE 5:<\/p>\n\n\n\n<p>on a fait l&rsquo;anniversaire de simon.<br>on a chang\u00e9 de po\u00e9sie et de projet.<br>on va bient\u00f4t faire une sortie en car.<br>on a chang\u00e9 de calendrier.<\/p>\n\n\n\n<p>SEMAINE 6:<\/p>\n\n\n\n<p>on a fini les warhol.<br>on va aller au cinema en car.<br>on fabrique un livre de loup comme mario ramos.<\/p>\n\n\n\n<p>SEMAINE 7:<\/p>\n\n\n\n<p>c&rsquo;est bient\u00f4t les vacances.<br>il y aura l&rsquo;anniversaire de tim\u00e9o en novembre.<br>on est parti en car au cin\u00e9ma.<br>on va changer de projet car on a fini le livre de mario ramos.<\/p>\n\n\n\n<p>SEMAINE 8:<\/p>\n\n\n\n<p>on est en train de faire une maquette.<br>on a fait une alerte confinement.<br>on a pr\u00e9sent\u00e9 notre fleur aux grands.<br>on va faire des photos dans la cantine.<br>c&rsquo;est bient\u00f4t l&rsquo;anniversaire de andr\u00e9a et maxence.<br>on a chang\u00e9 de calendrier.<br>on travaille sur le livre \u00ab\u00a0le bateau de monsieur zouglouglou\u00a0\u00bb.<\/p>\n\n\n\n<p>SEMAINE 9:<\/p>\n\n\n\n<p>c&rsquo;est bient\u00f4t les 24 heures de la maternelle.<br>dans 3 jours il y aura Jade qui viendra \u00e0 l&rsquo;\u00e9cole de Pr\u00e9val.<br>on va bient\u00f4t faire la maquette.<br>il y aura 3 anniversaires bient\u00f4t.<br>on a compris que les aimants collent sur du m\u00e9tal, il y a un c\u00f4t\u00e9 qui colle (l&rsquo;attraction) et un c\u00f4t\u00e9 qui ne colle pas (r\u00e9pulsion). pour que le bateau avance avec des aimants il faut plusieurs aimants (force), une mati\u00e8re l\u00e9g\u00e8re, une forme pas ronde, pas gros.<\/p>\n\n\n\n<p><\/p>\n\n\n\n<p>SEMAINE 10<\/p>\n\n\n\n<p>on a fait l&rsquo;anniversaire de Maxence.<br>c&rsquo;est bient\u00f4t l&rsquo;anniversaire d&rsquo;\u00e9l\u00e9onore et d&rsquo;andr\u00e9a.<br>on a fait la maquette de zouglouglou.<br>c&rsquo;est bient\u00f4t les 24 heures de la maternelle.<br>on change bient\u00f4t de mois.<br>nous allons finir les cannes \u00e0 p\u00eache.<\/p>\n\n\n\n<p>SEMAINE 11<\/p>\n\n\n\n<p>on a chang\u00e9 de calendrier.<br>c&rsquo;est bient\u00f4t l&rsquo;anniversaire de aaron.<br>il y aura bient\u00f4t le march\u00e9 de no\u00ebl.<br>on a pr\u00e9par\u00e9 les calendriers de l&rsquo;avent.<br>no\u00ebl est dans 24 jours.<br>on a fait l&rsquo;anniversaire de andr\u00e9a et d&rsquo;\u00e9l\u00e9onore.<br>mercredi on a fait les 24 heures de la maternelle.<\/p>\n\n\n\n<p>SEMAINE 12:<\/p>\n\n\n\n<p>on a plant\u00e9 des bulbes.<br>c&rsquo;est bient\u00f4t le march\u00e9 de no\u00ebl.<br>on a fait des pikachus.<br>c&rsquo;est bient\u00f4t l&rsquo;anniversaire d&rsquo;aaron.<\/p>\n\n\n\n<p>SEMAINE 13:<\/p>\n\n\n\n<p>on va faire le march\u00e9 de no\u00ebl.<br>on a fait l&rsquo;anniversaire de Aaron.<br>no\u00ebl est dans 10 jours.<br>on a fait le sapin de no\u00ebl.<\/p>\n\n\n\n<p>SEMAINE 14:<\/p>\n\n\n\n<p>il y a le go\u00fbter de no\u00ebl.<br>c&rsquo;est l&rsquo;hiver.<br>c&rsquo;est bient\u00f4t les vacances!<br>c&rsquo;est bient\u00f4t no\u00ebl!<br>le p\u00e8re no\u00ebl va passer.<br>on va changer d&rsquo;ann\u00e9e!<br>merry christmas!<br>buon natale!<br>frohe weinachten!<br>feliz navidad!<\/p>\n\n\n\n<p>SEMAINE 15:<\/p>\n\n\n\n<p>on a fait les anniversaires de cl\u00e9ment, nino et rafael.<br>on a chang\u00e9 de po\u00e9sie.<br>on aura une sortie le 23 janvier \u00e0 la laverie.<br>on a un nouvel animal: une tortue d&rsquo;eau.<br>on a fait des gla\u00e7ons et de la vapeur d&rsquo;eau.<br>on va faire des gla\u00e7ons \u00e0 la maison.<\/p>\n\n\n\n<p>SEMAINE 16:<\/p>\n\n\n\n<p>les petits ont commenc\u00e9 les nymph\u00e9as de MONET.<br>c&rsquo;est bient\u00f4t la sortie \u00e0 la Laverie.<br>on a fait les tortues en graphisme.<br>on a toujours une tortue d&rsquo;eau.<br>on a fait des exp\u00e9riences sur l&rsquo;eau: des m\u00e9langes, des gla\u00e7ons, de la vapeur d&rsquo;eau, coule ou flotte et le transvasement.<\/p>\n\n\n\n<p>SEMAINE 17\/<\/p>\n\n\n\n<p>on va emmener la carte 2024 lundi.<br>on va ramener les classeurs aujourd&rsquo;hui.<br>on a commenc\u00e9 notre Monet.<br>on a appris \u00e0 dire \u00ab\u00a0bonne ann\u00e9e\u00a0\u00bb en langue des signes.<br>on est all\u00e9 \u00e0 la Laverie en car.<\/p>\n\n\n\n<p>SEMAINE 18:<\/p>\n\n\n\n<p>on a un nouvel animal dans la classe! c&rsquo;est un betta!<br>on va bient\u00f4t changer de projet.<br>c&rsquo;est bient\u00f4t le carnaval de l&rsquo;\u00e9cole!<br>on a fini notre Monet.<br>les grands commencent \u00e0 \u00e9crire en attach\u00e9.<br>on a chang\u00e9 de mois.<\/p>\n\n\n\n<p>SEMAINE 19:<\/p>\n\n\n\n<p>on va faire une journ\u00e9e d\u00e9guisement mercredi 14 f\u00e9vrier.<br>c&rsquo;est bient\u00f4t l&rsquo;anniversaire de Maddy.<br>c&rsquo;est bient\u00f4t carnaval.<br>on travaille sur le chaperon rouge. on va fabriquer un livre.<\/p>\n\n\n\n<p>SEMAINE 20:<\/p>\n\n\n\n<p>hier il y a eu l&rsquo;anniversaire de Maddy!<br>on s&rsquo;est d\u00e9guis\u00e9 mercredi!<br>on a eu th\u00e9\u00e2tre aujourd&rsquo;hui.<br>c&rsquo;est bient\u00f4t l&rsquo;anniversaire de Tessalia.<br>c&rsquo;est bient\u00f4t les vacances.<br>on a apport\u00e9 une fleur de vocabulaire aux grands.<br>les grandes sections ont commenc\u00e9 leur cahier en attach\u00e9.<\/p>\n\n\n\n<p>SEMAINE 21:<\/p>\n\n\n\n<p>on a fait l&rsquo;anniversaire de Tessalia.<br>on a lu notre histoire du chaperon arc en ciel aux grands.<br>ce soir, ce sont les vacances.<br>on a fait notre chaperon, il est dans le cahier.<br>on changera de mois pendant les vacances.<\/p>\n\n\n\n<p>SEMAINE 22:<\/p>\n\n\n\n<p>on a un robot coccinelle.<br>on a un nouveau projet sur la pr\u00e9histoire et des nouvelles po\u00e9sies.<br>on change bient\u00f4t de saison, le printemps.<br>c&rsquo;est bient\u00f4t l&rsquo;anniversaire de Jade et de Willian.<br>on va faire un \u00e9levage de triops, des crustac\u00e9s pr\u00e9historiques.<br>on a chang\u00e9 de mois.<\/p>\n\n\n\n<p>SEMAINE 23:<\/p>\n\n\n\n<p>c&rsquo;est l&rsquo;anniversaire de Jade!<br>on a fait des dinosaures en graphisme et origami.<br>on a des petits triops.<br>hier,c&rsquo;\u00e9tait l&rsquo;anniversaire de Willian.<br>les moyens ont commenc\u00e9 \u00e0 faire du modelage avec de l&rsquo;argile.<\/p>\n\n\n\n<p>SEMAINE 24:<\/p>\n\n\n\n<p>c&rsquo;est bient\u00f4t P\u00e2ques.<br>c&rsquo;est bient\u00f4t le poisson d&rsquo;avril.<br>on a fait de l&rsquo;art rupestre au charbon de bois.<br>on va faire un mobile avec des dinosaures.<br>on va aller en sortie faire du sport.<br>les grands auront la visite medicale.<br>mercredi il y aura un photographe scolaire.<\/p>\n\n\n\n<p>SEMAINE 25:<\/p>\n\n\n\n<p>on est all\u00e9 faire des jeux de lutte en car \u00e0 Bonn\u00e9table.<br>hier, c&rsquo;\u00e9tait la visite m\u00e9dicale des grandes sections.<br>on a fait la peinture dans l&rsquo;arbre g\u00e9n\u00e9alogique.<br>on a fait les photos.<br>on a emmen\u00e9 la sculpture en argile.<br>on a un nouveau projet.<br>on a fait des t\u00e2ches et des dessins sur un tissus pour le festival de saint lyphard.<\/p>\n\n\n\n<p>SEMAINE 26 ET 27:<\/p>\n\n\n\n<p>on a fait un arbre g\u00e9n\u00e9alogique.<br>on a \u00e9t\u00e9 faire du sport \u00e0 bonn\u00e9table.<br>c&rsquo;est bient\u00f4t les vacances.<br>on va faire un go\u00fbter.<br>on a fait l&rsquo;anniversaire de Maia.<br>c&rsquo;est une alerte incendie aujourd&rsquo;hui.<br>c&rsquo;est bient\u00f4t l&rsquo;anniversaire de shana.<br>il y aura bient\u00f4t les toutes petites sections (TPS).<br>on a termin\u00e9 le tissus de st Lyphard.<br>on a mis des plumes dessus.<\/p>\n\n\n\n<p>SEMAINE 28 et 29:<\/p>\n\n\n\n<p>c&rsquo;\u00e9tait l&rsquo;anniversaire de sarah.<br>c&rsquo;est bient\u00f4t la f\u00eate des mamans.<br>les tout petits sont venus dans la classe.<br>c&rsquo;est bient\u00f4t le festival de saint lyphard.<br>on a des nouvelles po\u00e9sies.<br>lundi c&rsquo;est f\u00e9ri\u00e9.<\/p>\n\n\n\n<p>semaine 30:<\/p>\n\n\n\n<p>aujourd&rsquo;hui, on ram\u00e8ne les cadeaux pour maman car c&rsquo;est sa f\u00eate dimanche.<br>on va bient\u00f4t faire une sortie scolaire au zoo.<br>les tout &#8211; petits sont venus mardi et jeudi.<br>aujourd&rsquo;hui c&rsquo;est le festival de saint Lyphard.<br>on va bient\u00f4t changer de mois.<\/p>\n\n\n\n<p>SEMAINE 31:<\/p>\n\n\n\n<p>on va faire la sortie scolaire au zoo de la Fl\u00e8che lundi.<br>c&rsquo;est bient\u00f4t la f\u00eate des p\u00e8res.<br>on va changer de mois.<br>on aura une sortie scolaire \u00e0 la laverie.<br>on va aller bient\u00f4t \u00e0 la m\u00e9diath\u00e8que.<br>le mois prochain on va passer en \u00e9t\u00e9.<br>c&rsquo;est bient\u00f4t le spectacle de l&rsquo;\u00e9cole.<br>les grands iront bient\u00f4t en cp.<br>on a fait la f\u00eate des m\u00e8res.<\/p>\n\n\n\n<p>SEMAINE 32:<\/p>\n\n\n\n<p>c&rsquo;est bient\u00f4t la f\u00eate des papas.<br>Mardi on fait une sortie \u00e0 la laverie.<br>on travaille sur le corps humain.<br>on a des nouvelles po\u00e9sies.<br>on va faire aussi une sortie \u00e0 la m\u00e9diath\u00e8que.<br>on est bient\u00f4t en \u00e9t\u00e9.<br>les grands vont bient\u00f4t visiter la classe de CP.<br>c&rsquo;est bient\u00f4t la f\u00eate de l&rsquo;\u00e9cole.<\/p>\n\n\n\n<p>SEMAINE 33:<\/p>\n\n\n\n<p>c&rsquo;est bient\u00f4t la sortie scolaire \u00e0 la biblioth\u00e8que et au lac.<br>on est bient\u00f4t en \u00e9t\u00e9.<br>on a fait l&rsquo;anniversaire de elena.<br>c&rsquo;est bient\u00f4t la f\u00eate des p\u00e8res alors on ram\u00e8ne les cadeaux.<br>les grands vont bient\u00f4t aller en cp.<br>\u00e7a approche la f\u00eate de l&rsquo;\u00e9cole.<br>on travaille sur le corps.<br>on a \u00e9t\u00e9 \u00e0 la laverie et au zoo de la fl\u00e8che.<br>on fait des keith haring.<br>on est en train d&rsquo;apprendre \u00e0 faire des pantins articul\u00e9s.<\/p>\n\n\n\n<p>SEMAINE 34:<\/p>\n\n\n\n<p>on a \u00e9t\u00e9 \u00e0 la biblioth\u00e8que en bus.<br>c&rsquo;est bient\u00f4t la f\u00eate de l&rsquo;\u00e9cole.<br>on est en \u00e9t\u00e9.<br>on a fait un pique nique dans la classe!<br>les grands sont all\u00e9s en cp.<br>on redonnera les classeurs mercredi prochain.<br>la f\u00eate des p\u00e8res est pass\u00e9e.<br>c&rsquo;est bient\u00f4t les grandes vacances, dans 2 semaines.<\/p>\n\n\n\n<p>SEMAINE 35:<\/p>\n\n\n\n<p>demain c&rsquo;est la f\u00eate de l&rsquo;\u00e9cole.<br>c&rsquo;est bient\u00f4t les grandes vacances.<br>on a fini et on ram\u00e8ne les pantins.<br>le dernier jour, on fera un go\u00fbter avec les grands.<br>hier on a emmen\u00e9 nos silhouettes.<br>mercredi on a emmen\u00e9 les classeurs.<\/p>\n\n\n\n<p>SEMAINE 36:<\/p>\n\n\n\n<p>ce soir se sont les grandes vacances.<br>on emporte les sacs avec tous les cahiers dedans.<br>cette semaine, nous avons fait 3 anniversaires: lyz\u00e9a, miah et hugo.<br>on va faire le go\u00fbter de fin d&rsquo;ann\u00e9e.<br>on a rang\u00e9 la classe.<br>pendant les grandes vacances ce sera les anniversaires de amalia et tristan.<br>on a fait un pique nique jeudi.<br>pendant les grandes vacances, nous allons nous reposer, jouer, nous promener, aller \u00e0 la piscine, profiter du soleil, aller \u00e0 la mer, au camping, au parc, faire du sport, aller au zoo, \u00e0 la biblioth\u00e8que, aller dans sa famille, faire du v\u00e9lo, profiter du temps et de sa famille, voyager, faire des courses, aller au lac, profiter de nos animaux, cuisiner, construire, lire, \u00e9crire, compter, s&rsquo;entra\u00eener, danser, chanter, voir des spectacles, faire du cheval, colorier, dessiner, voir ses amis, s&rsquo;occuper du jardin\u2026<br>la maitresse nous dit bravo pour nos progr\u00e8s et nous souhaite de bonnes vacances!<\/p>\n","protected":false},"excerpt":{"rendered":"<p>SEMAINE 1: on a eu des nouveaux \u00e9l\u00e8ves dans notre classe.on a fait l&rsquo;anniversaire d&rsquo;andr\u00e9a.on a chang\u00e9 de section.c&rsquo;est bient\u00f4t l&rsquo;anniversaire de pauline.on fait les nouvelles \u00e9tiquettes.on a un nouveau projet. SEMAINE 2: on a termin\u00e9 nos \u00e9tiquettes de porte &hellip; <a href=\"https:\/\/passerelle2.ac-nantes.fr\/matisse\/les-maternelles\/annee-2023-2024\/le-resume-de-la-semaine\/\">Continuer la lecture <span class=\"meta-nav\">&rarr;<\/span><\/a><\/p>\n","protected":false},"author":5554,"featured_media":0,"parent":7957,"menu_order":0,"comment_status":"closed","ping_status":"closed","template":"","meta":{"ngg_post_thumbnail":0,"h5ap_radio_sources":[],"jetpack_post_was_ever_published":false,"footnotes":""},"folder":[],"class_list":["post-7972","page","type-page","status-publish","hentry"],"jetpack_sharing_enabled":true,"jetpack_shortlink":"https:\/\/wp.me\/P8Njks-24A","_links":{"self":[{"href":"https:\/\/passerelle2.ac-nantes.fr\/matisse\/wp-json\/wp\/v2\/pages\/7972","targetHints":{"allow":["GET"]}}],"collection":[{"href":"https:\/\/passerelle2.ac-nantes.fr\/matisse\/wp-json\/wp\/v2\/pages"}],"about":[{"href":"https:\/\/passerelle2.ac-nantes.fr\/matisse\/wp-json\/wp\/v2\/types\/page"}],"author":[{"embeddable":true,"href":"https:\/\/passerelle2.ac-nantes.fr\/matisse\/wp-json\/wp\/v2\/users\/5554"}],"replies":[{"embeddable":true,"href":"https:\/\/passerelle2.ac-nantes.fr\/matisse\/wp-json\/wp\/v2\/comments?post=7972"}],"version-history":[{"count":0,"href":"https:\/\/passerelle2.ac-nantes.fr\/matisse\/wp-json\/wp\/v2\/pages\/7972\/revisions"}],"up":[{"embeddable":true,"href":"https:\/\/passerelle2.ac-nantes.fr\/matisse\/wp-json\/wp\/v2\/pages\/7957"}],"wp:attachment":[{"href":"https:\/\/passerelle2.ac-nantes.fr\/matisse\/wp-json\/wp\/v2\/media?parent=7972"}],"wp:term":[{"taxonomy":"folder","embeddable":true,"href":"https:\/\/passerelle2.ac-nantes.fr\/matisse\/wp-json\/wp\/v2\/folder?post=7972"}],"curies":[{"name":"wp","href":"https:\/\/api.w.org\/{rel}","templated":true}]}}