
{"id":8002,"date":"2023-11-05T14:14:09","date_gmt":"2023-11-05T13:14:09","guid":{"rendered":"https:\/\/passerelle2.ac-nantes.fr\/matisse\/?page_id=8002"},"modified":"2023-11-28T12:42:08","modified_gmt":"2023-11-28T11:42:08","slug":"projet-3","status":"publish","type":"page","link":"https:\/\/passerelle2.ac-nantes.fr\/matisse\/les-maternelles\/annee-2023-2024\/projet-3\/","title":{"rendered":"PROJET 3"},"content":{"rendered":"\n<p>ce 3eme projet de l ann\u00e9e 23\/24 va permettre aux \u00e9l\u00e8ves d&rsquo; explorer les aimants<\/p>\n\n\n\n<p>nous fabriquerons une maquette pour jouer l&rsquo;histoire du conte \u00ab\u00a0le bateau de mr zouglouglou\u00a0\u00bb sur laquelle les personnages se d\u00e9placeront gr\u00e2ce \u00e0 des aimants. pour cela nous puiserons des id\u00e9es dans les jeux aimant\u00e9s. nous jouerons ainsi l&rsquo;histoire!<\/p>\n\n\n\n<p><strong>LITTERATURE:<\/strong><\/p>\n\n\n\n<p>&#8211; livre qui inspirera la cr\u00e9ation de notre maquette<\/p>\n\n\n\n<figure class=\"wp-block-image size-full\"><img loading=\"lazy\" decoding=\"async\" width=\"210\" height=\"230\" src=\"https:\/\/passerelle2.ac-nantes.fr\/matisse\/wp-content\/uploads\/sites\/311\/2023\/08\/ZOUGLOUGLOU-1.jpg\" alt=\"\" class=\"wp-image-8003\"\/><\/figure>\n\n\n\n<ul class=\"wp-block-list\">\n<li>vocabulaire li\u00e9 aux aimants <\/li>\n\n\n\n<li>vocabulaire li\u00e9 aux \u00e9motions<\/li>\n<\/ul>\n\n\n\n<figure class=\"wp-block-image size-full\"><img loading=\"lazy\" decoding=\"async\" width=\"189\" height=\"266\" src=\"https:\/\/passerelle2.ac-nantes.fr\/matisse\/wp-content\/uploads\/sites\/311\/2023\/08\/anglais-emotions-1.jpg\" alt=\"\" class=\"wp-image-8005\"\/><\/figure>\n\n\n\n<ul class=\"wp-block-list\">\n<li>fleur s\u00e9mantique pour les cycles 2 afin qu&rsquo;ils nous \u00e9crivent une histoire!<\/li>\n<\/ul>\n\n\n\n<figure class=\"wp-block-image size-full\"><img loading=\"lazy\" decoding=\"async\" width=\"800\" height=\"600\" src=\"https:\/\/passerelle2.ac-nantes.fr\/matisse\/wp-content\/uploads\/sites\/311\/2023\/11\/DSCN9450.jpg\" alt=\"\" class=\"wp-image-8132\" srcset=\"https:\/\/passerelle2.ac-nantes.fr\/matisse\/wp-content\/uploads\/sites\/311\/2023\/11\/DSCN9450.jpg 800w, https:\/\/passerelle2.ac-nantes.fr\/matisse\/wp-content\/uploads\/sites\/311\/2023\/11\/DSCN9450-300x225.jpg 300w, https:\/\/passerelle2.ac-nantes.fr\/matisse\/wp-content\/uploads\/sites\/311\/2023\/11\/DSCN9450-768x576.jpg 768w\" sizes=\"auto, (max-width: 800px) 100vw, 800px\" \/><\/figure>\n\n\n\n<p><strong>ARTS SONORES:<\/strong><\/p>\n\n\n\n<p>po\u00e9sie:<\/p>\n\n\n\n<figure class=\"wp-block-image size-full\"><img loading=\"lazy\" decoding=\"async\" width=\"424\" height=\"600\" src=\"https:\/\/passerelle2.ac-nantes.fr\/matisse\/wp-content\/uploads\/sites\/311\/2023\/08\/FINGERS-1.jpg\" alt=\"\" class=\"wp-image-8004\" srcset=\"https:\/\/passerelle2.ac-nantes.fr\/matisse\/wp-content\/uploads\/sites\/311\/2023\/08\/FINGERS-1.jpg 424w, https:\/\/passerelle2.ac-nantes.fr\/matisse\/wp-content\/uploads\/sites\/311\/2023\/08\/FINGERS-1-212x300.jpg 212w\" sizes=\"auto, (max-width: 424px) 100vw, 424px\" \/><\/figure>\n\n\n\n<figure class=\"wp-block-image size-full\"><img loading=\"lazy\" decoding=\"async\" width=\"450\" height=\"600\" src=\"https:\/\/passerelle2.ac-nantes.fr\/matisse\/wp-content\/uploads\/sites\/311\/2023\/08\/DSCN8666-1.jpg\" alt=\"\" class=\"wp-image-8006\" srcset=\"https:\/\/passerelle2.ac-nantes.fr\/matisse\/wp-content\/uploads\/sites\/311\/2023\/08\/DSCN8666-1.jpg 450w, https:\/\/passerelle2.ac-nantes.fr\/matisse\/wp-content\/uploads\/sites\/311\/2023\/08\/DSCN8666-1-225x300.jpg 225w\" sizes=\"auto, (max-width: 450px) 100vw, 450px\" \/><\/figure>\n\n\n\n<p>chanson:<\/p>\n\n\n\n<p>lien:<a href=\"https:\/\/youtu.be\/YJyNoFkud6g\">https:\/\/youtu.be\/YJyNoFkud6g<\/a><\/p>\n\n\n\n<p>lien:<a href=\"https:\/\/youtu.be\/hOwu_P_uXcY\">https:\/\/youtu.be\/hOwu_P_uXcY<\/a><\/p>\n\n\n\n<figure class=\"wp-block-image size-full\"><img loading=\"lazy\" decoding=\"async\" width=\"630\" height=\"600\" src=\"https:\/\/passerelle2.ac-nantes.fr\/matisse\/wp-content\/uploads\/sites\/311\/2023\/08\/CHANT-1.jpg\" alt=\"\" class=\"wp-image-8007\" srcset=\"https:\/\/passerelle2.ac-nantes.fr\/matisse\/wp-content\/uploads\/sites\/311\/2023\/08\/CHANT-1.jpg 630w, https:\/\/passerelle2.ac-nantes.fr\/matisse\/wp-content\/uploads\/sites\/311\/2023\/08\/CHANT-1-300x286.jpg 300w\" sizes=\"auto, (max-width: 630px) 100vw, 630px\" \/><\/figure>\n\n\n\n<p><strong>ARTS VISUELS:<\/strong><\/p>\n\n\n\n<ul class=\"wp-block-list\">\n<li>cr\u00e9ation \u00e0 la mani\u00e8re de yann artus bertrand \u00ab\u00a0terre vue du ciel\u00a0\u00bb<\/li>\n<\/ul>\n\n\n\n<figure class=\"wp-block-image size-full\"><img loading=\"lazy\" decoding=\"async\" width=\"900\" height=\"600\" src=\"https:\/\/passerelle2.ac-nantes.fr\/matisse\/wp-content\/uploads\/sites\/311\/2023\/08\/Terra_vista_do_Ceu_Yann_Arthus-Bertrand-1.jpg\" alt=\"\" class=\"wp-image-8008\" srcset=\"https:\/\/passerelle2.ac-nantes.fr\/matisse\/wp-content\/uploads\/sites\/311\/2023\/08\/Terra_vista_do_Ceu_Yann_Arthus-Bertrand-1.jpg 900w, https:\/\/passerelle2.ac-nantes.fr\/matisse\/wp-content\/uploads\/sites\/311\/2023\/08\/Terra_vista_do_Ceu_Yann_Arthus-Bertrand-1-300x200.jpg 300w, https:\/\/passerelle2.ac-nantes.fr\/matisse\/wp-content\/uploads\/sites\/311\/2023\/08\/Terra_vista_do_Ceu_Yann_Arthus-Bertrand-1-768x512.jpg 768w\" sizes=\"auto, (max-width: 900px) 100vw, 900px\" \/><\/figure>\n\n\n\n<figure class=\"wp-block-image size-full\"><img loading=\"lazy\" decoding=\"async\" width=\"800\" height=\"600\" src=\"https:\/\/passerelle2.ac-nantes.fr\/matisse\/wp-content\/uploads\/sites\/311\/2023\/11\/DSCN9436.jpg\" alt=\"\" class=\"wp-image-8129\" srcset=\"https:\/\/passerelle2.ac-nantes.fr\/matisse\/wp-content\/uploads\/sites\/311\/2023\/11\/DSCN9436.jpg 800w, https:\/\/passerelle2.ac-nantes.fr\/matisse\/wp-content\/uploads\/sites\/311\/2023\/11\/DSCN9436-300x225.jpg 300w, https:\/\/passerelle2.ac-nantes.fr\/matisse\/wp-content\/uploads\/sites\/311\/2023\/11\/DSCN9436-768x576.jpg 768w\" sizes=\"auto, (max-width: 800px) 100vw, 800px\" \/><\/figure>\n\n\n\n<figure class=\"wp-block-image size-full\"><img loading=\"lazy\" decoding=\"async\" width=\"800\" height=\"600\" src=\"https:\/\/passerelle2.ac-nantes.fr\/matisse\/wp-content\/uploads\/sites\/311\/2023\/11\/DSCN9433.jpg\" alt=\"\" class=\"wp-image-8141\" srcset=\"https:\/\/passerelle2.ac-nantes.fr\/matisse\/wp-content\/uploads\/sites\/311\/2023\/11\/DSCN9433.jpg 800w, https:\/\/passerelle2.ac-nantes.fr\/matisse\/wp-content\/uploads\/sites\/311\/2023\/11\/DSCN9433-300x225.jpg 300w, https:\/\/passerelle2.ac-nantes.fr\/matisse\/wp-content\/uploads\/sites\/311\/2023\/11\/DSCN9433-768x576.jpg 768w\" sizes=\"auto, (max-width: 800px) 100vw, 800px\" \/><\/figure>\n\n\n\n<ul class=\"wp-block-list\">\n<li>cr\u00e9ation de la maquette de zouglouglou&#8230; photos \u00e0 voir sur le padlet<\/li>\n<\/ul>\n\n\n\n<figure class=\"wp-block-image size-full\"><img loading=\"lazy\" decoding=\"async\" width=\"800\" height=\"600\" src=\"https:\/\/passerelle2.ac-nantes.fr\/matisse\/wp-content\/uploads\/sites\/311\/2023\/11\/maquette-1-2.jpg\" alt=\"\" class=\"wp-image-8134\" srcset=\"https:\/\/passerelle2.ac-nantes.fr\/matisse\/wp-content\/uploads\/sites\/311\/2023\/11\/maquette-1-2.jpg 800w, https:\/\/passerelle2.ac-nantes.fr\/matisse\/wp-content\/uploads\/sites\/311\/2023\/11\/maquette-1-2-300x225.jpg 300w, https:\/\/passerelle2.ac-nantes.fr\/matisse\/wp-content\/uploads\/sites\/311\/2023\/11\/maquette-1-2-768x576.jpg 768w\" sizes=\"auto, (max-width: 800px) 100vw, 800px\" \/><\/figure>\n\n\n\n<figure class=\"wp-block-image size-full\"><img loading=\"lazy\" decoding=\"async\" width=\"450\" height=\"600\" src=\"https:\/\/passerelle2.ac-nantes.fr\/matisse\/wp-content\/uploads\/sites\/311\/2023\/11\/maquette-4-1.jpg\" alt=\"\" class=\"wp-image-8138\" srcset=\"https:\/\/passerelle2.ac-nantes.fr\/matisse\/wp-content\/uploads\/sites\/311\/2023\/11\/maquette-4-1.jpg 450w, https:\/\/passerelle2.ac-nantes.fr\/matisse\/wp-content\/uploads\/sites\/311\/2023\/11\/maquette-4-1-225x300.jpg 225w\" sizes=\"auto, (max-width: 450px) 100vw, 450px\" \/><\/figure>\n\n\n\n<p><strong>EXPLORATION DU MONDE:<\/strong><\/p>\n\n\n\n<ul class=\"wp-block-list\">\n<li>d\u00e9couverte des aimants<\/li>\n<\/ul>\n\n\n\n<p>-comment \u00e7a fonctionne?<\/p>\n\n\n\n<p>id\u00e9es: dans l&rsquo;eau, \u00e7a s accroche sur quelque chose, en bas, avec de la peinture, sur du m\u00e9tal&#8230;<\/p>\n\n\n\n<p>-essais avec des jeux!<\/p>\n\n\n\n<div class=\"wp-block-jetpack-tiled-gallery aligncenter is-style-rectangular\"><div class=\"tiled-gallery__gallery\"><div class=\"tiled-gallery__row\"><div class=\"tiled-gallery__col\" style=\"flex-basis:66.79898%\"><figure class=\"tiled-gallery__item\"><img decoding=\"async\" srcset=\"https:\/\/i0.wp.com\/passerelle2.ac-nantes.fr\/matisse\/wp-content\/uploads\/sites\/311\/2023\/11\/AIMANT-3.jpg?strip=info&#038;w=220&#038;ssl=1 220w\" alt=\"\" data-height=\"220\" data-id=\"8112\" data-link=\"https:\/\/passerelle2.ac-nantes.fr\/matisse\/les-maternelles\/annee-2023-2024\/projet-3\/aimant-3-2\/\" data-url=\"https:\/\/passerelle2.ac-nantes.fr\/matisse\/wp-content\/uploads\/sites\/311\/2023\/11\/AIMANT-3.jpg\" data-width=\"220\" src=\"https:\/\/i0.wp.com\/passerelle2.ac-nantes.fr\/matisse\/wp-content\/uploads\/sites\/311\/2023\/11\/AIMANT-3.jpg?ssl=1\" data-amp-layout=\"responsive\"\/><\/figure><\/div><div class=\"tiled-gallery__col\" style=\"flex-basis:33.20102%\"><figure class=\"tiled-gallery__item\"><img decoding=\"async\" srcset=\"https:\/\/i1.wp.com\/passerelle2.ac-nantes.fr\/matisse\/wp-content\/uploads\/sites\/311\/2023\/11\/AIMANT1.jpg?strip=info&#038;w=355&#038;ssl=1 355w\" alt=\"\" data-height=\"356\" data-id=\"8113\" data-link=\"https:\/\/passerelle2.ac-nantes.fr\/matisse\/les-maternelles\/annee-2023-2024\/projet-3\/aimant1\/\" data-url=\"https:\/\/passerelle2.ac-nantes.fr\/matisse\/wp-content\/uploads\/sites\/311\/2023\/11\/AIMANT1.jpg\" data-width=\"355\" src=\"https:\/\/i1.wp.com\/passerelle2.ac-nantes.fr\/matisse\/wp-content\/uploads\/sites\/311\/2023\/11\/AIMANT1.jpg?ssl=1\" data-amp-layout=\"responsive\"\/><\/figure><figure class=\"tiled-gallery__item\"><img decoding=\"async\" srcset=\"https:\/\/i2.wp.com\/passerelle2.ac-nantes.fr\/matisse\/wp-content\/uploads\/sites\/311\/2023\/11\/AIMANT4.jpg?strip=info&#038;w=285&#038;ssl=1 285w\" alt=\"\" data-height=\"285\" data-id=\"8114\" data-link=\"https:\/\/passerelle2.ac-nantes.fr\/matisse\/les-maternelles\/annee-2023-2024\/projet-3\/aimant4\/\" data-url=\"https:\/\/passerelle2.ac-nantes.fr\/matisse\/wp-content\/uploads\/sites\/311\/2023\/11\/AIMANT4.jpg\" data-width=\"285\" src=\"https:\/\/i2.wp.com\/passerelle2.ac-nantes.fr\/matisse\/wp-content\/uploads\/sites\/311\/2023\/11\/AIMANT4.jpg?ssl=1\" data-amp-layout=\"responsive\"\/><\/figure><\/div><\/div><div class=\"tiled-gallery__row\"><div class=\"tiled-gallery__col\" style=\"flex-basis:33.33333%\"><figure class=\"tiled-gallery__item\"><img decoding=\"async\" srcset=\"https:\/\/i1.wp.com\/passerelle2.ac-nantes.fr\/matisse\/wp-content\/uploads\/sites\/311\/2023\/11\/AIMANT5.jpg?strip=info&#038;w=222&#038;ssl=1 222w\" alt=\"\" data-height=\"222\" data-id=\"8115\" data-link=\"https:\/\/passerelle2.ac-nantes.fr\/matisse\/les-maternelles\/annee-2023-2024\/projet-3\/aimant5\/\" data-url=\"https:\/\/passerelle2.ac-nantes.fr\/matisse\/wp-content\/uploads\/sites\/311\/2023\/11\/AIMANT5.jpg\" data-width=\"222\" src=\"https:\/\/i1.wp.com\/passerelle2.ac-nantes.fr\/matisse\/wp-content\/uploads\/sites\/311\/2023\/11\/AIMANT5.jpg?ssl=1\" data-amp-layout=\"responsive\"\/><\/figure><\/div><div class=\"tiled-gallery__col\" style=\"flex-basis:33.33333%\"><figure class=\"tiled-gallery__item\"><img decoding=\"async\" srcset=\"https:\/\/i2.wp.com\/passerelle2.ac-nantes.fr\/matisse\/wp-content\/uploads\/sites\/311\/2023\/11\/AIMANT6.jpg?strip=info&#038;w=300&#038;ssl=1 300w\" alt=\"\" data-height=\"300\" data-id=\"8116\" data-link=\"https:\/\/passerelle2.ac-nantes.fr\/matisse\/les-maternelles\/annee-2023-2024\/projet-3\/aimant6\/\" data-url=\"https:\/\/passerelle2.ac-nantes.fr\/matisse\/wp-content\/uploads\/sites\/311\/2023\/11\/AIMANT6.jpg\" data-width=\"300\" src=\"https:\/\/i2.wp.com\/passerelle2.ac-nantes.fr\/matisse\/wp-content\/uploads\/sites\/311\/2023\/11\/AIMANT6.jpg?ssl=1\" data-amp-layout=\"responsive\"\/><\/figure><\/div><div class=\"tiled-gallery__col\" style=\"flex-basis:33.33333%\"><figure class=\"tiled-gallery__item\"><img decoding=\"async\" srcset=\"https:\/\/i1.wp.com\/passerelle2.ac-nantes.fr\/matisse\/wp-content\/uploads\/sites\/311\/2023\/11\/AIMANT7.jpg?strip=info&#038;w=196&#038;ssl=1 196w\" alt=\"\" data-height=\"196\" data-id=\"8117\" data-link=\"https:\/\/passerelle2.ac-nantes.fr\/matisse\/les-maternelles\/annee-2023-2024\/projet-3\/aimant7\/\" data-url=\"https:\/\/passerelle2.ac-nantes.fr\/matisse\/wp-content\/uploads\/sites\/311\/2023\/11\/AIMANT7.jpg\" data-width=\"196\" src=\"https:\/\/i1.wp.com\/passerelle2.ac-nantes.fr\/matisse\/wp-content\/uploads\/sites\/311\/2023\/11\/AIMANT7.jpg?ssl=1\" data-amp-layout=\"responsive\"\/><\/figure><\/div><\/div><div class=\"tiled-gallery__row\"><div class=\"tiled-gallery__col\" style=\"flex-basis:20.03846%\"><figure class=\"tiled-gallery__item\"><img decoding=\"async\" srcset=\"https:\/\/i0.wp.com\/passerelle2.ac-nantes.fr\/matisse\/wp-content\/uploads\/sites\/311\/2023\/11\/AIMANT8.jpg?strip=info&#038;w=300&#038;ssl=1 300w\" alt=\"\" data-height=\"300\" data-id=\"8118\" data-link=\"https:\/\/passerelle2.ac-nantes.fr\/matisse\/les-maternelles\/annee-2023-2024\/projet-3\/aimant8\/\" data-url=\"https:\/\/passerelle2.ac-nantes.fr\/matisse\/wp-content\/uploads\/sites\/311\/2023\/11\/AIMANT8.jpg\" data-width=\"300\" src=\"https:\/\/i0.wp.com\/passerelle2.ac-nantes.fr\/matisse\/wp-content\/uploads\/sites\/311\/2023\/11\/AIMANT8.jpg?ssl=1\" data-amp-layout=\"responsive\"\/><\/figure><\/div><div class=\"tiled-gallery__col\" style=\"flex-basis:26.65385%\"><figure class=\"tiled-gallery__item\"><img decoding=\"async\" srcset=\"https:\/\/i0.wp.com\/passerelle2.ac-nantes.fr\/matisse\/wp-content\/uploads\/sites\/311\/2023\/11\/DSCN8691.jpg?strip=info&#038;w=600&#038;ssl=1 600w,https:\/\/i0.wp.com\/passerelle2.ac-nantes.fr\/matisse\/wp-content\/uploads\/sites\/311\/2023\/11\/DSCN8691.jpg?strip=info&#038;w=800&#038;ssl=1 800w\" alt=\"\" data-height=\"600\" data-id=\"8119\" data-link=\"https:\/\/passerelle2.ac-nantes.fr\/matisse\/les-maternelles\/annee-2023-2024\/projet-3\/dscn8691-3\/\" data-url=\"https:\/\/passerelle2.ac-nantes.fr\/matisse\/wp-content\/uploads\/sites\/311\/2023\/11\/DSCN8691.jpg\" data-width=\"800\" src=\"https:\/\/i0.wp.com\/passerelle2.ac-nantes.fr\/matisse\/wp-content\/uploads\/sites\/311\/2023\/11\/DSCN8691.jpg?ssl=1\" data-amp-layout=\"responsive\"\/><\/figure><\/div><div class=\"tiled-gallery__col\" style=\"flex-basis:26.65385%\"><figure class=\"tiled-gallery__item\"><img decoding=\"async\" srcset=\"https:\/\/i1.wp.com\/passerelle2.ac-nantes.fr\/matisse\/wp-content\/uploads\/sites\/311\/2023\/11\/expe-ps-4.jpg?strip=info&#038;w=600&#038;ssl=1 600w,https:\/\/i1.wp.com\/passerelle2.ac-nantes.fr\/matisse\/wp-content\/uploads\/sites\/311\/2023\/11\/expe-ps-4.jpg?strip=info&#038;w=800&#038;ssl=1 800w\" alt=\"\" data-height=\"600\" data-id=\"8120\" data-link=\"https:\/\/passerelle2.ac-nantes.fr\/matisse\/les-maternelles\/annee-2023-2024\/projet-3\/expe-ps-4\/\" data-url=\"https:\/\/passerelle2.ac-nantes.fr\/matisse\/wp-content\/uploads\/sites\/311\/2023\/11\/expe-ps-4.jpg\" data-width=\"800\" src=\"https:\/\/i1.wp.com\/passerelle2.ac-nantes.fr\/matisse\/wp-content\/uploads\/sites\/311\/2023\/11\/expe-ps-4.jpg?ssl=1\" data-amp-layout=\"responsive\"\/><\/figure><\/div><div class=\"tiled-gallery__col\" style=\"flex-basis:26.65385%\"><figure class=\"tiled-gallery__item\"><img decoding=\"async\" srcset=\"https:\/\/i2.wp.com\/passerelle2.ac-nantes.fr\/matisse\/wp-content\/uploads\/sites\/311\/2023\/11\/expe-ps-6.jpg?strip=info&#038;w=600&#038;ssl=1 600w,https:\/\/i2.wp.com\/passerelle2.ac-nantes.fr\/matisse\/wp-content\/uploads\/sites\/311\/2023\/11\/expe-ps-6.jpg?strip=info&#038;w=800&#038;ssl=1 800w\" alt=\"\" data-height=\"600\" data-id=\"8121\" data-link=\"https:\/\/passerelle2.ac-nantes.fr\/matisse\/les-maternelles\/annee-2023-2024\/projet-3\/expe-ps-6\/\" data-url=\"https:\/\/passerelle2.ac-nantes.fr\/matisse\/wp-content\/uploads\/sites\/311\/2023\/11\/expe-ps-6.jpg\" data-width=\"800\" src=\"https:\/\/i2.wp.com\/passerelle2.ac-nantes.fr\/matisse\/wp-content\/uploads\/sites\/311\/2023\/11\/expe-ps-6.jpg?ssl=1\" data-amp-layout=\"responsive\"\/><\/figure><\/div><\/div><\/div><\/div>\n\n\n\n<p>-ce qu &lsquo;on a compris: \u00e7a colle sur le m\u00e9tal, il y a un cot\u00e9 qui colle et l autre pousse , on peut faire bouger un objet en m\u00e9tal ou aimant\u00e9 sans le toucher avec un aimant!!!<\/p>\n\n\n\n<p>-&gt;<mark style=\"background-color:rgba(0, 0, 0, 0);color:#edd622\" class=\"has-inline-color\"> ceci va nous \u00eatre tr\u00e8s utile pour la maquette de zouglouglou! nous ferons un bateau pouvant accueillir 6 personnages et on fera avancer le bateau sans le toucher gr\u00e2ce aux aimants!!!!<\/mark><\/p>\n\n\n\n<p>-comment faire avancer le bateau de zouglouglou sans le toucher? -&gt; vid\u00e9os sur le padlet<\/p>\n\n\n\n<figure class=\"wp-block-image size-full\"><img loading=\"lazy\" decoding=\"async\" width=\"800\" height=\"600\" src=\"https:\/\/passerelle2.ac-nantes.fr\/matisse\/wp-content\/uploads\/sites\/311\/2023\/11\/DSCN9437.jpg\" alt=\"\" class=\"wp-image-8130\" srcset=\"https:\/\/passerelle2.ac-nantes.fr\/matisse\/wp-content\/uploads\/sites\/311\/2023\/11\/DSCN9437.jpg 800w, https:\/\/passerelle2.ac-nantes.fr\/matisse\/wp-content\/uploads\/sites\/311\/2023\/11\/DSCN9437-300x225.jpg 300w, https:\/\/passerelle2.ac-nantes.fr\/matisse\/wp-content\/uploads\/sites\/311\/2023\/11\/DSCN9437-768x576.jpg 768w\" sizes=\"auto, (max-width: 800px) 100vw, 800px\" \/><\/figure>\n\n\n\n<p>on fait varier la taille du bateau, sa masse, la force des aimants et on teste la navigation&#8230;. avec les grands on fait varier aussi la mati\u00e8re, la quantit\u00e9 des personnages et la forme du bateau&#8230;!<\/p>\n\n\n\n<ul class=\"wp-block-list\">\n<li>fabrication d un jeu de p\u00e8che \u00e0 la ligne aimant\u00e9<\/li>\n<\/ul>\n\n\n\n<div class=\"wp-block-jetpack-tiled-gallery aligncenter is-style-rectangular\"><div class=\"tiled-gallery__gallery\"><div class=\"tiled-gallery__row\"><div class=\"tiled-gallery__col\" style=\"flex-basis:66.80176%\"><figure class=\"tiled-gallery__item\"><img decoding=\"async\" srcset=\"https:\/\/i0.wp.com\/passerelle2.ac-nantes.fr\/matisse\/wp-content\/uploads\/sites\/311\/2023\/11\/DSCN9425.jpg?strip=info&#038;w=600&#038;ssl=1 600w,https:\/\/i0.wp.com\/passerelle2.ac-nantes.fr\/matisse\/wp-content\/uploads\/sites\/311\/2023\/11\/DSCN9425.jpg?strip=info&#038;w=800&#038;ssl=1 800w\" alt=\"\" data-height=\"600\" data-id=\"8135\" data-link=\"https:\/\/passerelle2.ac-nantes.fr\/matisse\/les-maternelles\/annee-2023-2024\/projet-3\/dscn9425-2\/\" data-url=\"https:\/\/passerelle2.ac-nantes.fr\/matisse\/wp-content\/uploads\/sites\/311\/2023\/11\/DSCN9425.jpg\" data-width=\"800\" src=\"https:\/\/i0.wp.com\/passerelle2.ac-nantes.fr\/matisse\/wp-content\/uploads\/sites\/311\/2023\/11\/DSCN9425.jpg?ssl=1\" data-amp-layout=\"responsive\"\/><\/figure><\/div><div class=\"tiled-gallery__col\" style=\"flex-basis:33.19824%\"><figure class=\"tiled-gallery__item\"><img decoding=\"async\" srcset=\"https:\/\/i1.wp.com\/passerelle2.ac-nantes.fr\/matisse\/wp-content\/uploads\/sites\/311\/2023\/11\/DSCN9426-1.jpg?strip=info&#038;w=600&#038;ssl=1 600w,https:\/\/i1.wp.com\/passerelle2.ac-nantes.fr\/matisse\/wp-content\/uploads\/sites\/311\/2023\/11\/DSCN9426-1.jpg?strip=info&#038;w=800&#038;ssl=1 800w\" alt=\"\" data-height=\"600\" data-id=\"8137\" data-link=\"https:\/\/passerelle2.ac-nantes.fr\/matisse\/les-maternelles\/annee-2023-2024\/projet-3\/dscn9426-1\/\" data-url=\"https:\/\/passerelle2.ac-nantes.fr\/matisse\/wp-content\/uploads\/sites\/311\/2023\/11\/DSCN9426-1.jpg\" data-width=\"800\" src=\"https:\/\/i1.wp.com\/passerelle2.ac-nantes.fr\/matisse\/wp-content\/uploads\/sites\/311\/2023\/11\/DSCN9426-1.jpg?ssl=1\" data-amp-layout=\"responsive\"\/><\/figure><figure class=\"tiled-gallery__item\"><img decoding=\"async\" srcset=\"https:\/\/i2.wp.com\/passerelle2.ac-nantes.fr\/matisse\/wp-content\/uploads\/sites\/311\/2023\/11\/DSCN9434.jpg?strip=info&#038;w=600&#038;ssl=1 600w,https:\/\/i2.wp.com\/passerelle2.ac-nantes.fr\/matisse\/wp-content\/uploads\/sites\/311\/2023\/11\/DSCN9434.jpg?strip=info&#038;w=800&#038;ssl=1 800w\" alt=\"\" data-height=\"600\" data-id=\"8140\" data-link=\"https:\/\/passerelle2.ac-nantes.fr\/matisse\/les-maternelles\/annee-2023-2024\/projet-3\/dscn9434\/\" data-url=\"https:\/\/passerelle2.ac-nantes.fr\/matisse\/wp-content\/uploads\/sites\/311\/2023\/11\/DSCN9434.jpg\" data-width=\"800\" src=\"https:\/\/i2.wp.com\/passerelle2.ac-nantes.fr\/matisse\/wp-content\/uploads\/sites\/311\/2023\/11\/DSCN9434.jpg?ssl=1\" data-amp-layout=\"responsive\"\/><\/figure><\/div><\/div><\/div><\/div>\n\n\n\n<ul class=\"wp-block-list\">\n<li>d\u00e9couverte de l&rsquo;espace lointain vu du ciel<\/li>\n<\/ul>\n\n\n\n<p><\/p>\n\n\n\n<p><strong>OUTILS POUR STRUCTURER SA PENSEE:<\/strong><\/p>\n\n\n\n<ul class=\"wp-block-list\">\n<li>exploration des mesures et grandeurs li\u00e9es \u00e0 la maquette<\/li>\n\n\n\n<li>grandeurs per\u00e7ues li\u00e9es \u00e0 l&rsquo;espace et la distance<\/li>\n<\/ul>\n","protected":false},"excerpt":{"rendered":"<p>ce 3eme projet de l ann\u00e9e 23\/24 va permettre aux \u00e9l\u00e8ves d&rsquo; explorer les aimants nous fabriquerons une maquette pour jouer l&rsquo;histoire du conte \u00ab\u00a0le bateau de mr zouglouglou\u00a0\u00bb sur laquelle les personnages se d\u00e9placeront gr\u00e2ce \u00e0 des aimants. pour &hellip; <a href=\"https:\/\/passerelle2.ac-nantes.fr\/matisse\/les-maternelles\/annee-2023-2024\/projet-3\/\">Continuer la lecture <span class=\"meta-nav\">&rarr;<\/span><\/a><\/p>\n","protected":false},"author":5554,"featured_media":0,"parent":7957,"menu_order":0,"comment_status":"closed","ping_status":"closed","template":"","meta":{"ngg_post_thumbnail":0,"h5ap_radio_sources":[],"jetpack_post_was_ever_published":false,"footnotes":""},"folder":[],"class_list":["post-8002","page","type-page","status-publish","hentry"],"jetpack_sharing_enabled":true,"jetpack_shortlink":"https:\/\/wp.me\/P8Njks-254","_links":{"self":[{"href":"https:\/\/passerelle2.ac-nantes.fr\/matisse\/wp-json\/wp\/v2\/pages\/8002","targetHints":{"allow":["GET"]}}],"collection":[{"href":"https:\/\/passerelle2.ac-nantes.fr\/matisse\/wp-json\/wp\/v2\/pages"}],"about":[{"href":"https:\/\/passerelle2.ac-nantes.fr\/matisse\/wp-json\/wp\/v2\/types\/page"}],"author":[{"embeddable":true,"href":"https:\/\/passerelle2.ac-nantes.fr\/matisse\/wp-json\/wp\/v2\/users\/5554"}],"replies":[{"embeddable":true,"href":"https:\/\/passerelle2.ac-nantes.fr\/matisse\/wp-json\/wp\/v2\/comments?post=8002"}],"version-history":[{"count":0,"href":"https:\/\/passerelle2.ac-nantes.fr\/matisse\/wp-json\/wp\/v2\/pages\/8002\/revisions"}],"up":[{"embeddable":true,"href":"https:\/\/passerelle2.ac-nantes.fr\/matisse\/wp-json\/wp\/v2\/pages\/7957"}],"wp:attachment":[{"href":"https:\/\/passerelle2.ac-nantes.fr\/matisse\/wp-json\/wp\/v2\/media?parent=8002"}],"wp:term":[{"taxonomy":"folder","embeddable":true,"href":"https:\/\/passerelle2.ac-nantes.fr\/matisse\/wp-json\/wp\/v2\/folder?post=8002"}],"curies":[{"name":"wp","href":"https:\/\/api.w.org\/{rel}","templated":true}]}}