
{"id":8009,"date":"2023-08-31T16:19:12","date_gmt":"2023-08-31T14:19:12","guid":{"rendered":"https:\/\/passerelle2.ac-nantes.fr\/matisse\/?page_id=8009"},"modified":"2023-09-11T13:26:00","modified_gmt":"2023-09-11T11:26:00","slug":"reunion-de-rentree-le-29-9-23","status":"publish","type":"page","link":"https:\/\/passerelle2.ac-nantes.fr\/matisse\/les-maternelles\/annee-2023-2024\/dates-et-animations\/reunion-de-rentree-le-29-9-23\/","title":{"rendered":"reunion de rentr\u00e9e le 29\/9\/23"},"content":{"rendered":"\n<p><strong>R\u00e9union de rentr\u00e9e<\/strong>.<\/p>\n\n\n\n<p>Je vous invite \u00e0 une r\u00e9union de rentr\u00e9e dans la classe maternelle le <strong>29<\/strong><strong>\/9\/2<\/strong><strong>3<\/strong>afin d\u2019\u00e9changer ensemble sur la vie scolaire de vos enfants. Cette ann\u00e9e je vous propose une r\u00e9union en 2 temps et vous serez ainsi libres de venir au moment qui vous int\u00e9resse, sur les 2 temps ou 1 seul&nbsp;:<\/p>\n\n\n\n<p>&#8211; un temps<strong> portes ouvertes de 16h \u00e0 18h <\/strong>pendant lequel vous pourrez visiter la classe, voir le mat\u00e9riel, poser vos questions individuelles.<\/p>\n\n\n\n<p>&#8211; un temps de <strong>r\u00e9union collectif de 18h \u00e0 19h<\/strong> pendant lequel je vous pr\u00e9senterai l\u2019ann\u00e9e scolaire.<\/p>\n","protected":false},"excerpt":{"rendered":"<p>R\u00e9union de rentr\u00e9e. Je vous invite \u00e0 une r\u00e9union de rentr\u00e9e dans la classe maternelle le 29\/9\/23afin d\u2019\u00e9changer ensemble sur la vie scolaire de vos enfants. Cette ann\u00e9e je vous propose une r\u00e9union en 2 temps et vous serez ainsi &hellip; <a href=\"https:\/\/passerelle2.ac-nantes.fr\/matisse\/les-maternelles\/annee-2023-2024\/dates-et-animations\/reunion-de-rentree-le-29-9-23\/\">Continuer la lecture <span class=\"meta-nav\">&rarr;<\/span><\/a><\/p>\n","protected":false},"author":5554,"featured_media":0,"parent":7971,"menu_order":0,"comment_status":"closed","ping_status":"closed","template":"","meta":{"ngg_post_thumbnail":0,"h5ap_radio_sources":[],"jetpack_post_was_ever_published":false,"footnotes":""},"folder":[],"class_list":["post-8009","page","type-page","status-publish","hentry"],"jetpack_sharing_enabled":true,"jetpack_shortlink":"https:\/\/wp.me\/P8Njks-25b","_links":{"self":[{"href":"https:\/\/passerelle2.ac-nantes.fr\/matisse\/wp-json\/wp\/v2\/pages\/8009","targetHints":{"allow":["GET"]}}],"collection":[{"href":"https:\/\/passerelle2.ac-nantes.fr\/matisse\/wp-json\/wp\/v2\/pages"}],"about":[{"href":"https:\/\/passerelle2.ac-nantes.fr\/matisse\/wp-json\/wp\/v2\/types\/page"}],"author":[{"embeddable":true,"href":"https:\/\/passerelle2.ac-nantes.fr\/matisse\/wp-json\/wp\/v2\/users\/5554"}],"replies":[{"embeddable":true,"href":"https:\/\/passerelle2.ac-nantes.fr\/matisse\/wp-json\/wp\/v2\/comments?post=8009"}],"version-history":[{"count":0,"href":"https:\/\/passerelle2.ac-nantes.fr\/matisse\/wp-json\/wp\/v2\/pages\/8009\/revisions"}],"up":[{"embeddable":true,"href":"https:\/\/passerelle2.ac-nantes.fr\/matisse\/wp-json\/wp\/v2\/pages\/7971"}],"wp:attachment":[{"href":"https:\/\/passerelle2.ac-nantes.fr\/matisse\/wp-json\/wp\/v2\/media?parent=8009"}],"wp:term":[{"taxonomy":"folder","embeddable":true,"href":"https:\/\/passerelle2.ac-nantes.fr\/matisse\/wp-json\/wp\/v2\/folder?post=8009"}],"curies":[{"name":"wp","href":"https:\/\/api.w.org\/{rel}","templated":true}]}}