
{"id":8063,"date":"2023-10-09T08:39:14","date_gmt":"2023-10-09T06:39:14","guid":{"rendered":"https:\/\/passerelle2.ac-nantes.fr\/matisse\/?page_id=8063"},"modified":"2023-10-18T12:31:45","modified_gmt":"2023-10-18T10:31:45","slug":"cinema-le-18-10-23","status":"publish","type":"page","link":"https:\/\/passerelle2.ac-nantes.fr\/matisse\/les-maternelles\/annee-2023-2024\/dates-et-animations\/cinema-le-18-10-23\/","title":{"rendered":"cinema le 18\/10\/23"},"content":{"rendered":"\n<p><\/p>\n\n\n\n<p>le mercredi 18 octobre nous nous rendrons en car assister \u00e0 une projection au cin\u00e9ma de Val au Perche dans le cadre du festival \u00ab&nbsp;cin\u00e9 filou&nbsp;\u00bb. Cette projection sera en lien avec notre projet de classe&nbsp;! Les horaires de l\u2019\u00e9cole resteront les m\u00eames, cette sortie sera financ\u00e9e par l\u2019APE (car+ entr\u00e9es). <\/p>\n\n\n\n<div class=\"wp-block-jetpack-tiled-gallery aligncenter is-style-rectangular\"><div class=\"tiled-gallery__gallery\"><div class=\"tiled-gallery__row\"><div class=\"tiled-gallery__col\" style=\"flex-basis:51.67978%\"><figure class=\"tiled-gallery__item\"><img decoding=\"async\" srcset=\"https:\/\/i1.wp.com\/passerelle2.ac-nantes.fr\/matisse\/wp-content\/uploads\/sites\/311\/2023\/10\/6a60cdf2b74f38a0df4b739e504b01419aa23956.jpeg?strip=info&#038;w=600&#038;ssl=1 600w,https:\/\/i1.wp.com\/passerelle2.ac-nantes.fr\/matisse\/wp-content\/uploads\/sites\/311\/2023\/10\/6a60cdf2b74f38a0df4b739e504b01419aa23956.jpeg?strip=info&#038;w=718&#038;ssl=1 718w\" alt=\"\" data-height=\"482\" data-id=\"8071\" data-link=\"https:\/\/passerelle2.ac-nantes.fr\/matisse\/les-maternelles\/annee-2023-2024\/dates-et-animations\/cinema-le-18-10-23\/6a60cdf2b74f38a0df4b739e504b01419aa23956\/\" data-url=\"https:\/\/passerelle2.ac-nantes.fr\/matisse\/wp-content\/uploads\/sites\/311\/2023\/10\/6a60cdf2b74f38a0df4b739e504b01419aa23956.jpeg\" data-width=\"718\" src=\"https:\/\/i1.wp.com\/passerelle2.ac-nantes.fr\/matisse\/wp-content\/uploads\/sites\/311\/2023\/10\/6a60cdf2b74f38a0df4b739e504b01419aa23956.jpeg?ssl=1\" data-amp-layout=\"responsive\"\/><\/figure><figure class=\"tiled-gallery__item\"><img decoding=\"async\" srcset=\"https:\/\/i2.wp.com\/passerelle2.ac-nantes.fr\/matisse\/wp-content\/uploads\/sites\/311\/2023\/10\/R.jpg?strip=info&#038;w=600&#038;ssl=1 600w,https:\/\/i2.wp.com\/passerelle2.ac-nantes.fr\/matisse\/wp-content\/uploads\/sites\/311\/2023\/10\/R.jpg?strip=info&#038;w=900&#038;ssl=1 900w,https:\/\/i2.wp.com\/passerelle2.ac-nantes.fr\/matisse\/wp-content\/uploads\/sites\/311\/2023\/10\/R.jpg?strip=info&#038;w=940&#038;ssl=1 940w\" alt=\"\" data-height=\"529\" data-id=\"8077\" data-link=\"https:\/\/passerelle2.ac-nantes.fr\/matisse\/les-maternelles\/annee-2023-2024\/dates-et-animations\/cinema-le-18-10-23\/r-7\/\" data-url=\"https:\/\/passerelle2.ac-nantes.fr\/matisse\/wp-content\/uploads\/sites\/311\/2023\/10\/R.jpg\" data-width=\"940\" src=\"https:\/\/i2.wp.com\/passerelle2.ac-nantes.fr\/matisse\/wp-content\/uploads\/sites\/311\/2023\/10\/R.jpg?ssl=1\" data-amp-layout=\"responsive\"\/><\/figure><\/div><div class=\"tiled-gallery__col\" style=\"flex-basis:48.32022%\"><figure class=\"tiled-gallery__item\"><img decoding=\"async\" srcset=\"https:\/\/i0.wp.com\/passerelle2.ac-nantes.fr\/matisse\/wp-content\/uploads\/sites\/311\/2023\/10\/DSCN9414-1.jpg?strip=info&#038;w=450&#038;ssl=1 450w\" alt=\"\" data-height=\"600\" data-id=\"8080\" data-link=\"https:\/\/passerelle2.ac-nantes.fr\/matisse\/les-maternelles\/annee-2023-2024\/dates-et-animations\/cinema-le-18-10-23\/dscn9414-1\/\" data-url=\"https:\/\/passerelle2.ac-nantes.fr\/matisse\/wp-content\/uploads\/sites\/311\/2023\/10\/DSCN9414-1.jpg\" data-width=\"450\" src=\"https:\/\/i0.wp.com\/passerelle2.ac-nantes.fr\/matisse\/wp-content\/uploads\/sites\/311\/2023\/10\/DSCN9414-1.jpg?ssl=1\" data-amp-layout=\"responsive\"\/><\/figure><\/div><\/div><div class=\"tiled-gallery__row\"><div class=\"tiled-gallery__col\" style=\"flex-basis:63.95567%\"><figure class=\"tiled-gallery__item\"><img decoding=\"async\" srcset=\"https:\/\/i0.wp.com\/passerelle2.ac-nantes.fr\/matisse\/wp-content\/uploads\/sites\/311\/2023\/10\/le-saint-louis-le-theil-sur-huisne-1.jpg?strip=info&#038;w=320&#038;ssl=1 320w\" alt=\"\" data-height=\"240\" data-id=\"8081\" data-link=\"https:\/\/passerelle2.ac-nantes.fr\/matisse\/les-maternelles\/annee-2023-2024\/dates-et-animations\/cinema-le-18-10-23\/le-saint-louis-le-theil-sur-huisne-1\/\" data-url=\"https:\/\/passerelle2.ac-nantes.fr\/matisse\/wp-content\/uploads\/sites\/311\/2023\/10\/le-saint-louis-le-theil-sur-huisne-1.jpg\" data-width=\"320\" src=\"https:\/\/i0.wp.com\/passerelle2.ac-nantes.fr\/matisse\/wp-content\/uploads\/sites\/311\/2023\/10\/le-saint-louis-le-theil-sur-huisne-1.jpg?ssl=1\" data-amp-layout=\"responsive\"\/><\/figure><\/div><div class=\"tiled-gallery__col\" style=\"flex-basis:36.04433%\"><figure class=\"tiled-gallery__item\"><img decoding=\"async\" srcset=\"https:\/\/i1.wp.com\/passerelle2.ac-nantes.fr\/matisse\/wp-content\/uploads\/sites\/311\/2023\/10\/zr7z9HXH4djAaHhehpRXoFf5dXl-1.jpg?strip=info&#038;w=450&#038;ssl=1 450w\" alt=\"\" data-height=\"600\" data-id=\"8082\" data-link=\"https:\/\/passerelle2.ac-nantes.fr\/matisse\/les-maternelles\/annee-2023-2024\/dates-et-animations\/cinema-le-18-10-23\/zr7z9hxh4djaahhehprxoff5dxl-1\/\" data-url=\"https:\/\/passerelle2.ac-nantes.fr\/matisse\/wp-content\/uploads\/sites\/311\/2023\/10\/zr7z9HXH4djAaHhehpRXoFf5dXl-1.jpg\" data-width=\"450\" src=\"https:\/\/i1.wp.com\/passerelle2.ac-nantes.fr\/matisse\/wp-content\/uploads\/sites\/311\/2023\/10\/zr7z9HXH4djAaHhehpRXoFf5dXl-1.jpg?ssl=1\" data-amp-layout=\"responsive\"\/><\/figure><\/div><\/div><\/div><\/div>\n\n\n\n<figure class=\"wp-block-image size-full\"><img loading=\"lazy\" decoding=\"async\" width=\"800\" height=\"600\" src=\"https:\/\/passerelle2.ac-nantes.fr\/matisse\/wp-content\/uploads\/sites\/311\/2023\/10\/DSCN9412-3.jpg\" alt=\"\" class=\"wp-image-8086\" srcset=\"https:\/\/passerelle2.ac-nantes.fr\/matisse\/wp-content\/uploads\/sites\/311\/2023\/10\/DSCN9412-3.jpg 800w, https:\/\/passerelle2.ac-nantes.fr\/matisse\/wp-content\/uploads\/sites\/311\/2023\/10\/DSCN9412-3-300x225.jpg 300w, https:\/\/passerelle2.ac-nantes.fr\/matisse\/wp-content\/uploads\/sites\/311\/2023\/10\/DSCN9412-3-768x576.jpg 768w\" sizes=\"auto, (max-width: 800px) 100vw, 800px\" \/><\/figure>\n\n\n\n<figure class=\"wp-block-image size-full\"><img loading=\"lazy\" decoding=\"async\" width=\"819\" height=\"396\" src=\"https:\/\/passerelle2.ac-nantes.fr\/matisse\/wp-content\/uploads\/sites\/311\/2023\/10\/SharedScreenshot.jpg\" alt=\"\" class=\"wp-image-8084\" srcset=\"https:\/\/passerelle2.ac-nantes.fr\/matisse\/wp-content\/uploads\/sites\/311\/2023\/10\/SharedScreenshot.jpg 819w, https:\/\/passerelle2.ac-nantes.fr\/matisse\/wp-content\/uploads\/sites\/311\/2023\/10\/SharedScreenshot-300x145.jpg 300w, https:\/\/passerelle2.ac-nantes.fr\/matisse\/wp-content\/uploads\/sites\/311\/2023\/10\/SharedScreenshot-768x371.jpg 768w\" sizes=\"auto, (max-width: 819px) 100vw, 819px\" \/><\/figure>\n\n\n\n<p>lien:<a href=\"https:\/\/www.allocine.fr\/video\/player_gen_cmedia=19596658&amp;cfilm=290227.html\">https:\/\/www.allocine.fr\/video\/player_gen_cmedia=19596658&amp;cfilm=290227.html<\/a><\/p>\n","protected":false},"excerpt":{"rendered":"<p>le mercredi 18 octobre nous nous rendrons en car assister \u00e0 une projection au cin\u00e9ma de Val au Perche dans le cadre du festival \u00ab&nbsp;cin\u00e9 filou&nbsp;\u00bb. Cette projection sera en lien avec notre projet de classe&nbsp;! Les horaires de l\u2019\u00e9cole &hellip; <a href=\"https:\/\/passerelle2.ac-nantes.fr\/matisse\/les-maternelles\/annee-2023-2024\/dates-et-animations\/cinema-le-18-10-23\/\">Continuer la lecture <span class=\"meta-nav\">&rarr;<\/span><\/a><\/p>\n","protected":false},"author":5554,"featured_media":0,"parent":7971,"menu_order":0,"comment_status":"closed","ping_status":"closed","template":"","meta":{"ngg_post_thumbnail":0,"h5ap_radio_sources":[],"jetpack_post_was_ever_published":false,"footnotes":""},"folder":[],"class_list":["post-8063","page","type-page","status-publish","hentry"],"jetpack_sharing_enabled":true,"jetpack_shortlink":"https:\/\/wp.me\/P8Njks-263","_links":{"self":[{"href":"https:\/\/passerelle2.ac-nantes.fr\/matisse\/wp-json\/wp\/v2\/pages\/8063","targetHints":{"allow":["GET"]}}],"collection":[{"href":"https:\/\/passerelle2.ac-nantes.fr\/matisse\/wp-json\/wp\/v2\/pages"}],"about":[{"href":"https:\/\/passerelle2.ac-nantes.fr\/matisse\/wp-json\/wp\/v2\/types\/page"}],"author":[{"embeddable":true,"href":"https:\/\/passerelle2.ac-nantes.fr\/matisse\/wp-json\/wp\/v2\/users\/5554"}],"replies":[{"embeddable":true,"href":"https:\/\/passerelle2.ac-nantes.fr\/matisse\/wp-json\/wp\/v2\/comments?post=8063"}],"version-history":[{"count":0,"href":"https:\/\/passerelle2.ac-nantes.fr\/matisse\/wp-json\/wp\/v2\/pages\/8063\/revisions"}],"up":[{"embeddable":true,"href":"https:\/\/passerelle2.ac-nantes.fr\/matisse\/wp-json\/wp\/v2\/pages\/7971"}],"wp:attachment":[{"href":"https:\/\/passerelle2.ac-nantes.fr\/matisse\/wp-json\/wp\/v2\/media?parent=8063"}],"wp:term":[{"taxonomy":"folder","embeddable":true,"href":"https:\/\/passerelle2.ac-nantes.fr\/matisse\/wp-json\/wp\/v2\/folder?post=8063"}],"curies":[{"name":"wp","href":"https:\/\/api.w.org\/{rel}","templated":true}]}}