
{"id":8090,"date":"2024-02-04T14:08:48","date_gmt":"2024-02-04T13:08:48","guid":{"rendered":"https:\/\/passerelle2.ac-nantes.fr\/matisse\/?page_id=8090"},"modified":"2024-02-23T13:10:25","modified_gmt":"2024-02-23T12:10:25","slug":"projet-6","status":"publish","type":"page","link":"https:\/\/passerelle2.ac-nantes.fr\/matisse\/les-maternelles\/annee-2023-2024\/projet-6\/","title":{"rendered":"PROJET 6"},"content":{"rendered":"\n<p>pendant 3 semaines nous allons travailler autour du conte \u00ab\u00a0le petit chaperon rouge\u00a0\u00bb. nous allons comparer diff\u00e9rentes versions et en inventer une autre, puis nous fabriquerons le livre qui passera dans les familles et que vous retrouverez en vid\u00e9o sur le padlet. nous travaillerons la mise en sc\u00e8ne et l&rsquo;espace du conte en jouant les personnages en plan et en volume, sur support papier \u00e0 plat, avec des marottes dans un espace d\u00e9limit\u00e9 et en grand espace en incarnant les personnages! nous cr\u00e9erons aussi de dr\u00f4les de chaperon en graphisme et en transformation photographique!<\/p>\n\n\n\n<ul class=\"wp-block-list\">\n<li>LITTERATURE:<\/li>\n<\/ul>\n\n\n\n<p>-le conte<\/p>\n\n\n\n<figure class=\"wp-block-image size-full\"><img loading=\"lazy\" decoding=\"async\" width=\"454\" height=\"600\" src=\"https:\/\/passerelle2.ac-nantes.fr\/matisse\/wp-content\/uploads\/sites\/311\/2023\/10\/chap-1.jpg\" alt=\"\" class=\"wp-image-8091\" srcset=\"https:\/\/passerelle2.ac-nantes.fr\/matisse\/wp-content\/uploads\/sites\/311\/2023\/10\/chap-1.jpg 454w, https:\/\/passerelle2.ac-nantes.fr\/matisse\/wp-content\/uploads\/sites\/311\/2023\/10\/chap-1-227x300.jpg 227w\" sizes=\"auto, (max-width: 454px) 100vw, 454px\" \/><\/figure>\n\n\n\n<p>-notre version du chaperon&#8230;<\/p>\n\n\n\n<div class=\"wp-block-jetpack-tiled-gallery aligncenter is-style-rectangular\"><div class=\"tiled-gallery__gallery\"><div class=\"tiled-gallery__row\"><div class=\"tiled-gallery__col\" style=\"flex-basis:50.00000%\"><figure class=\"tiled-gallery__item\"><img decoding=\"async\" srcset=\"https:\/\/i2.wp.com\/passerelle2.ac-nantes.fr\/matisse\/wp-content\/uploads\/sites\/311\/2024\/02\/DSCN9653.jpg?strip=info&#038;w=450&#038;ssl=1 450w\" alt=\"\" data-height=\"600\" data-id=\"8377\" data-link=\"https:\/\/passerelle2.ac-nantes.fr\/matisse\/les-maternelles\/annee-2023-2024\/projet-6\/dscn9653-2\/\" data-url=\"https:\/\/passerelle2.ac-nantes.fr\/matisse\/wp-content\/uploads\/sites\/311\/2024\/02\/DSCN9653.jpg\" data-width=\"450\" src=\"https:\/\/i2.wp.com\/passerelle2.ac-nantes.fr\/matisse\/wp-content\/uploads\/sites\/311\/2024\/02\/DSCN9653.jpg?ssl=1\" data-amp-layout=\"responsive\"\/><\/figure><\/div><div class=\"tiled-gallery__col\" style=\"flex-basis:50.00000%\"><figure class=\"tiled-gallery__item\"><img decoding=\"async\" srcset=\"https:\/\/i0.wp.com\/passerelle2.ac-nantes.fr\/matisse\/wp-content\/uploads\/sites\/311\/2024\/02\/DSCN9654.jpg?strip=info&#038;w=450&#038;ssl=1 450w\" alt=\"\" data-height=\"600\" data-id=\"8378\" data-link=\"https:\/\/passerelle2.ac-nantes.fr\/matisse\/les-maternelles\/annee-2023-2024\/projet-6\/dscn9654-3\/\" data-url=\"https:\/\/passerelle2.ac-nantes.fr\/matisse\/wp-content\/uploads\/sites\/311\/2024\/02\/DSCN9654.jpg\" data-width=\"450\" src=\"https:\/\/i0.wp.com\/passerelle2.ac-nantes.fr\/matisse\/wp-content\/uploads\/sites\/311\/2024\/02\/DSCN9654.jpg?ssl=1\" data-amp-layout=\"responsive\"\/><\/figure><\/div><\/div><\/div><\/div>\n\n\n\n<div class=\"wp-block-file\"><a id=\"wp-block-file--media-4332f518-e34c-4c93-8533-8da837ac0197\" href=\"https:\/\/passerelle2.ac-nantes.fr\/matisse\/wp-content\/uploads\/sites\/311\/2024\/02\/le-petit-chaperon-arc-en-ciel.mp3\">le-petit-chaperon-arc-en-ciel<\/a><a href=\"https:\/\/passerelle2.ac-nantes.fr\/matisse\/wp-content\/uploads\/sites\/311\/2024\/02\/le-petit-chaperon-arc-en-ciel.mp3\" class=\"wp-block-file__button wp-element-button\" download aria-describedby=\"wp-block-file--media-4332f518-e34c-4c93-8533-8da837ac0197\">T\u00e9l\u00e9charger<\/a><\/div>\n\n\n\n<p>-> video du livre sur le padlet!<\/p>\n\n\n\n<p>-le vocabulaire avec une fleur s\u00e9mantique pour les \u00e9l\u00e8ves de cycle 2!<\/p>\n\n\n\n<figure class=\"wp-block-image size-full\"><img loading=\"lazy\" decoding=\"async\" width=\"800\" height=\"600\" src=\"https:\/\/passerelle2.ac-nantes.fr\/matisse\/wp-content\/uploads\/sites\/311\/2024\/02\/DSCN9650.jpg\" alt=\"\" class=\"wp-image-8376\" srcset=\"https:\/\/passerelle2.ac-nantes.fr\/matisse\/wp-content\/uploads\/sites\/311\/2024\/02\/DSCN9650.jpg 800w, https:\/\/passerelle2.ac-nantes.fr\/matisse\/wp-content\/uploads\/sites\/311\/2024\/02\/DSCN9650-300x225.jpg 300w, https:\/\/passerelle2.ac-nantes.fr\/matisse\/wp-content\/uploads\/sites\/311\/2024\/02\/DSCN9650-768x576.jpg 768w\" sizes=\"auto, (max-width: 800px) 100vw, 800px\" \/><\/figure>\n\n\n\n<p>-> les cycles 3 nous ont \u00e9crit et lu des histoires \u00e9crites gr\u00e2ce \u00e0 notre fleur! nous leur avons lu notre livre en retour!!<\/p>\n\n\n\n<p>-la comparaison des diff\u00e9rentes versions du conte<\/p>\n\n\n\n<figure class=\"wp-block-image size-full\"><img loading=\"lazy\" decoding=\"async\" width=\"450\" height=\"600\" src=\"https:\/\/passerelle2.ac-nantes.fr\/matisse\/wp-content\/uploads\/sites\/311\/2024\/02\/DSCN9601.jpg\" alt=\"\" class=\"wp-image-8342\" srcset=\"https:\/\/passerelle2.ac-nantes.fr\/matisse\/wp-content\/uploads\/sites\/311\/2024\/02\/DSCN9601.jpg 450w, https:\/\/passerelle2.ac-nantes.fr\/matisse\/wp-content\/uploads\/sites\/311\/2024\/02\/DSCN9601-225x300.jpg 225w\" sizes=\"auto, (max-width: 450px) 100vw, 450px\" \/><\/figure>\n\n\n\n<p>-les mises en sc\u00e8ne<\/p>\n\n\n\n<ul class=\"wp-block-list\">\n<li>ARTS VISUELS:<\/li>\n<\/ul>\n\n\n\n<p>-transformation d&rsquo;image<\/p>\n\n\n\n<div class=\"wp-block-jetpack-tiled-gallery aligncenter is-style-rectangular\"><div class=\"tiled-gallery__gallery\"><div class=\"tiled-gallery__row\"><div class=\"tiled-gallery__col\" style=\"flex-basis:100.00000%\"><figure class=\"tiled-gallery__item\"><img decoding=\"async\" srcset=\"https:\/\/i2.wp.com\/passerelle2.ac-nantes.fr\/matisse\/wp-content\/uploads\/sites\/311\/2023\/10\/SharedScreenshot-1.jpg?strip=info&#038;w=206&#038;ssl=1 206w\" alt=\"\" data-height=\"339\" data-id=\"8093\" data-link=\"https:\/\/passerelle2.ac-nantes.fr\/matisse\/?attachment_id=8093\" data-url=\"https:\/\/passerelle2.ac-nantes.fr\/matisse\/wp-content\/uploads\/sites\/311\/2023\/10\/SharedScreenshot-1.jpg\" data-width=\"206\" src=\"https:\/\/i2.wp.com\/passerelle2.ac-nantes.fr\/matisse\/wp-content\/uploads\/sites\/311\/2023\/10\/SharedScreenshot-1.jpg?ssl=1\" data-amp-layout=\"responsive\"\/><\/figure><\/div><\/div><\/div><\/div>\n\n\n\n<div class=\"wp-block-jetpack-tiled-gallery aligncenter is-style-rectangular\"><div class=\"tiled-gallery__gallery\"><div class=\"tiled-gallery__row\"><div class=\"tiled-gallery__col\" style=\"flex-basis:100.00000%\"><figure class=\"tiled-gallery__item\"><img decoding=\"async\" srcset=\"https:\/\/i2.wp.com\/passerelle2.ac-nantes.fr\/matisse\/wp-content\/uploads\/sites\/311\/2024\/02\/DSCN9657.jpg?strip=info&#038;w=600&#038;ssl=1 600w,https:\/\/i2.wp.com\/passerelle2.ac-nantes.fr\/matisse\/wp-content\/uploads\/sites\/311\/2024\/02\/DSCN9657.jpg?strip=info&#038;w=900&#038;ssl=1 900w,https:\/\/i2.wp.com\/passerelle2.ac-nantes.fr\/matisse\/wp-content\/uploads\/sites\/311\/2024\/02\/DSCN9657.jpg?strip=info&#038;w=940&#038;ssl=1 940w\" alt=\"\" data-height=\"435\" data-id=\"8384\" data-link=\"https:\/\/passerelle2.ac-nantes.fr\/matisse\/les-maternelles\/annee-2023-2024\/projet-6\/dscn9657-2\/\" data-url=\"https:\/\/passerelle2.ac-nantes.fr\/matisse\/wp-content\/uploads\/sites\/311\/2024\/02\/DSCN9657.jpg\" data-width=\"940\" src=\"https:\/\/i2.wp.com\/passerelle2.ac-nantes.fr\/matisse\/wp-content\/uploads\/sites\/311\/2024\/02\/DSCN9657.jpg?ssl=1\" data-amp-layout=\"responsive\"\/><\/figure><\/div><\/div><\/div><\/div>\n\n\n\n<p>-graphisme<\/p>\n\n\n\n<figure class=\"wp-block-image size-full\"><img loading=\"lazy\" decoding=\"async\" width=\"800\" height=\"600\" src=\"https:\/\/passerelle2.ac-nantes.fr\/matisse\/wp-content\/uploads\/sites\/311\/2024\/02\/DSCN9599.jpg\" alt=\"\" class=\"wp-image-8341\" srcset=\"https:\/\/passerelle2.ac-nantes.fr\/matisse\/wp-content\/uploads\/sites\/311\/2024\/02\/DSCN9599.jpg 800w, https:\/\/passerelle2.ac-nantes.fr\/matisse\/wp-content\/uploads\/sites\/311\/2024\/02\/DSCN9599-300x225.jpg 300w, https:\/\/passerelle2.ac-nantes.fr\/matisse\/wp-content\/uploads\/sites\/311\/2024\/02\/DSCN9599-768x576.jpg 768w\" sizes=\"auto, (max-width: 800px) 100vw, 800px\" \/><\/figure>\n\n\n\n<p>-espace du conte<\/p>\n\n\n\n<p><\/p>\n\n\n\n<ul class=\"wp-block-list\">\n<li>ARTS SONORES:<\/li>\n<\/ul>\n\n\n\n<p>-po\u00e9sie<\/p>\n\n\n\n<figure class=\"wp-block-image size-full\"><img loading=\"lazy\" decoding=\"async\" width=\"426\" height=\"600\" src=\"https:\/\/passerelle2.ac-nantes.fr\/matisse\/wp-content\/uploads\/sites\/311\/2023\/10\/poesie.jpg\" alt=\"\" class=\"wp-image-8094\" srcset=\"https:\/\/passerelle2.ac-nantes.fr\/matisse\/wp-content\/uploads\/sites\/311\/2023\/10\/poesie.jpg 426w, https:\/\/passerelle2.ac-nantes.fr\/matisse\/wp-content\/uploads\/sites\/311\/2023\/10\/poesie-213x300.jpg 213w\" sizes=\"auto, (max-width: 426px) 100vw, 426px\" \/><\/figure>\n\n\n\n<p>-chanson: <a href=\"https:\/\/youtu.be\/V7hzfuu55Pk\">https:\/\/youtu.be\/V7hzfuu55Pk<\/a><\/p>\n\n\n\n<figure class=\"wp-block-image size-full\"><img loading=\"lazy\" decoding=\"async\" width=\"456\" height=\"600\" src=\"https:\/\/passerelle2.ac-nantes.fr\/matisse\/wp-content\/uploads\/sites\/311\/2023\/10\/chanson.jpg\" alt=\"\" class=\"wp-image-8095\" srcset=\"https:\/\/passerelle2.ac-nantes.fr\/matisse\/wp-content\/uploads\/sites\/311\/2023\/10\/chanson.jpg 456w, https:\/\/passerelle2.ac-nantes.fr\/matisse\/wp-content\/uploads\/sites\/311\/2023\/10\/chanson-228x300.jpg 228w\" sizes=\"auto, (max-width: 456px) 100vw, 456px\" \/><\/figure>\n\n\n\n<ul class=\"wp-block-list\">\n<li>EXPLORATION DU MONDE<\/li>\n<\/ul>\n\n\n\n<p>-l&rsquo;espace et la chronologie du conte<\/p>\n\n\n\n<p>-la comparaison des \u00e9l\u00e9ments des diff\u00e9rentes versions et leur organisation en tableau \u00e0 double entree<\/p>\n\n\n\n<ul class=\"wp-block-list\">\n<li>OUTILS POUR STRUCTURER SA PENSEE<\/li>\n<\/ul>\n\n\n\n<p>-les notions de grandeurs pour les diff\u00e9rentes mises en sc\u00e8ne : en plan et en 3D, en petit et grand espace<\/p>\n\n\n\n<p>-les formes pour les assemblages et les transformations d image<\/p>\n","protected":false},"excerpt":{"rendered":"<p>pendant 3 semaines nous allons travailler autour du conte \u00ab\u00a0le petit chaperon rouge\u00a0\u00bb. nous allons comparer diff\u00e9rentes versions et en inventer une autre, puis nous fabriquerons le livre qui passera dans les familles et que vous retrouverez en vid\u00e9o sur &hellip; <a href=\"https:\/\/passerelle2.ac-nantes.fr\/matisse\/les-maternelles\/annee-2023-2024\/projet-6\/\">Continuer la lecture <span class=\"meta-nav\">&rarr;<\/span><\/a><\/p>\n","protected":false},"author":5554,"featured_media":0,"parent":7957,"menu_order":0,"comment_status":"closed","ping_status":"closed","template":"","meta":{"ngg_post_thumbnail":0,"h5ap_radio_sources":[],"jetpack_post_was_ever_published":false,"footnotes":""},"folder":[],"class_list":["post-8090","page","type-page","status-publish","hentry"],"jetpack_sharing_enabled":true,"jetpack_shortlink":"https:\/\/wp.me\/P8Njks-26u","_links":{"self":[{"href":"https:\/\/passerelle2.ac-nantes.fr\/matisse\/wp-json\/wp\/v2\/pages\/8090","targetHints":{"allow":["GET"]}}],"collection":[{"href":"https:\/\/passerelle2.ac-nantes.fr\/matisse\/wp-json\/wp\/v2\/pages"}],"about":[{"href":"https:\/\/passerelle2.ac-nantes.fr\/matisse\/wp-json\/wp\/v2\/types\/page"}],"author":[{"embeddable":true,"href":"https:\/\/passerelle2.ac-nantes.fr\/matisse\/wp-json\/wp\/v2\/users\/5554"}],"replies":[{"embeddable":true,"href":"https:\/\/passerelle2.ac-nantes.fr\/matisse\/wp-json\/wp\/v2\/comments?post=8090"}],"version-history":[{"count":0,"href":"https:\/\/passerelle2.ac-nantes.fr\/matisse\/wp-json\/wp\/v2\/pages\/8090\/revisions"}],"up":[{"embeddable":true,"href":"https:\/\/passerelle2.ac-nantes.fr\/matisse\/wp-json\/wp\/v2\/pages\/7957"}],"wp:attachment":[{"href":"https:\/\/passerelle2.ac-nantes.fr\/matisse\/wp-json\/wp\/v2\/media?parent=8090"}],"wp:term":[{"taxonomy":"folder","embeddable":true,"href":"https:\/\/passerelle2.ac-nantes.fr\/matisse\/wp-json\/wp\/v2\/folder?post=8090"}],"curies":[{"name":"wp","href":"https:\/\/api.w.org\/{rel}","templated":true}]}}