
{"id":8224,"date":"2024-05-06T08:20:18","date_gmt":"2024-05-06T06:20:18","guid":{"rendered":"https:\/\/passerelle2.ac-nantes.fr\/matisse\/?page_id=8224"},"modified":"2024-05-27T08:37:26","modified_gmt":"2024-05-27T06:37:26","slug":"projet-9","status":"publish","type":"page","link":"https:\/\/passerelle2.ac-nantes.fr\/matisse\/les-maternelles\/annee-2023-2024\/projet-9\/","title":{"rendered":"PROJET 9"},"content":{"rendered":"\n<p>Ce 9eme projet de l\u2019ann\u00e9e durera 3,5 semaines et il permettra d explorer les formes et  les solides. En effet nous allons cr\u00e9er une exposition plastique \u00ab&nbsp;arts et formes&nbsp;\u00bb \u00e0 travers l\u2019\u00e9tude d\u2019oeuvres et la r\u00e9alisation de productions individuelles et collectives. Nous inventerons une hsitoire dans laquelle les personnages sont des formes et nous fabriquerons le livre! bien s\u00fbr les parents seront les destinataires de l\u2019exposition finale! <\/p>\n\n\n\n<ul class=\"wp-block-list\">\n<li><strong>LITTERATURE:<\/strong><\/li>\n<\/ul>\n\n\n\n<figure class=\"wp-block-image\"><img loading=\"lazy\" decoding=\"async\" width=\"221\" height=\"228\" src=\"https:\/\/passerelle2.ac-nantes.fr\/matisse\/wp-content\/uploads\/sites\/311\/2022\/02\/4-coins-de-rien-du-tout.jpg\" alt=\"\" class=\"wp-image-6935\"\/><\/figure>\n\n\n\n<p>-mise en sc\u00e8ne<\/p>\n\n\n\n<p>-vocabulaire<\/p>\n\n\n\n<ul class=\"wp-block-list\">\n<li><strong>ARTS VISUELS:<\/strong><\/li>\n<\/ul>\n\n\n\n<p>-cr\u00e9ation arts et formes \u00e0 partir de KLEE MONDRIAN KANDINSKY<\/p>\n\n\n\n<figure class=\"wp-block-image\"><img decoding=\"async\" src=\"https:\/\/i1.wp.com\/passerelle2.ac-nantes.fr\/matisse\/wp-content\/uploads\/sites\/311\/2022\/02\/geo_mondrian2.jpg?ssl=1\" alt=\"\"\/><\/figure>\n\n\n\n<figure class=\"wp-block-image\"><img decoding=\"async\" src=\"https:\/\/i2.wp.com\/passerelle2.ac-nantes.fr\/matisse\/wp-content\/uploads\/sites\/311\/2022\/02\/Kandinsky1_large.jpg?ssl=1\" alt=\"\"\/><\/figure>\n\n\n\n<figure class=\"wp-block-image\"><img decoding=\"async\" src=\"https:\/\/i1.wp.com\/passerelle2.ac-nantes.fr\/matisse\/wp-content\/uploads\/sites\/311\/2022\/02\/paul-klee-le-feu-au-soir-1929.jpg?ssl=1\" alt=\"\"\/><\/figure>\n\n\n\n<figure class=\"wp-block-image\"><img decoding=\"async\" src=\"https:\/\/i1.wp.com\/passerelle2.ac-nantes.fr\/matisse\/wp-content\/uploads\/sites\/311\/2022\/02\/smallImage.jpg?ssl=1\" alt=\"\"\/><\/figure>\n\n\n\n<figure class=\"wp-block-image size-full\"><img loading=\"lazy\" decoding=\"async\" width=\"535\" height=\"600\" src=\"https:\/\/passerelle2.ac-nantes.fr\/matisse\/wp-content\/uploads\/sites\/311\/2024\/05\/SharedScreenshot2.jpg\" alt=\"\" class=\"wp-image-8459\" srcset=\"https:\/\/passerelle2.ac-nantes.fr\/matisse\/wp-content\/uploads\/sites\/311\/2024\/05\/SharedScreenshot2.jpg 535w, https:\/\/passerelle2.ac-nantes.fr\/matisse\/wp-content\/uploads\/sites\/311\/2024\/05\/SharedScreenshot2-268x300.jpg 268w\" sizes=\"auto, (max-width: 535px) 100vw, 535px\" \/><\/figure>\n\n\n\n<ul class=\"wp-block-list\">\n<li><strong>ARTS SONORES:<\/strong><\/li>\n<\/ul>\n\n\n\n<figure class=\"wp-block-image size-full\"><img loading=\"lazy\" decoding=\"async\" width=\"319\" height=\"600\" src=\"https:\/\/passerelle2.ac-nantes.fr\/matisse\/wp-content\/uploads\/sites\/311\/2024\/05\/poesie-maman.jpg\" alt=\"\" class=\"wp-image-8460\" srcset=\"https:\/\/passerelle2.ac-nantes.fr\/matisse\/wp-content\/uploads\/sites\/311\/2024\/05\/poesie-maman.jpg 319w, https:\/\/passerelle2.ac-nantes.fr\/matisse\/wp-content\/uploads\/sites\/311\/2024\/05\/poesie-maman-160x300.jpg 160w\" sizes=\"auto, (max-width: 319px) 100vw, 319px\" \/><\/figure>\n\n\n\n<p>lien:&nbsp;<a href=\"https:\/\/fr.padlet.com\/fleur_pourcel\/3udvr3fxn3c\">https:\/\/fr.padlet.com\/fleur_pourcel\/3udvr3fxn3c<\/a><\/p>\n\n\n\n<figure class=\"wp-block-image\"><img loading=\"lazy\" decoding=\"async\" width=\"424\" height=\"600\" src=\"https:\/\/passerelle2.ac-nantes.fr\/matisse\/wp-content\/uploads\/sites\/311\/2022\/02\/chanson-anglais-couleurs.jpg\" alt=\"\" class=\"wp-image-6942\" srcset=\"https:\/\/passerelle2.ac-nantes.fr\/matisse\/wp-content\/uploads\/sites\/311\/2022\/02\/chanson-anglais-couleurs.jpg 424w, https:\/\/passerelle2.ac-nantes.fr\/matisse\/wp-content\/uploads\/sites\/311\/2022\/02\/chanson-anglais-couleurs-212x300.jpg 212w\" sizes=\"auto, (max-width: 424px) 100vw, 424px\" \/><\/figure>\n\n\n\n<figure class=\"wp-block-image\"><img loading=\"lazy\" decoding=\"async\" width=\"448\" height=\"329\" src=\"https:\/\/passerelle2.ac-nantes.fr\/matisse\/wp-content\/uploads\/sites\/311\/2022\/02\/chanson.jpg\" alt=\"\" class=\"wp-image-6943\" srcset=\"https:\/\/passerelle2.ac-nantes.fr\/matisse\/wp-content\/uploads\/sites\/311\/2022\/02\/chanson.jpg 448w, https:\/\/passerelle2.ac-nantes.fr\/matisse\/wp-content\/uploads\/sites\/311\/2022\/02\/chanson-300x220.jpg 300w\" sizes=\"auto, (max-width: 448px) 100vw, 448px\" \/><\/figure>\n\n\n\n<figure class=\"wp-block-image\"><img loading=\"lazy\" decoding=\"async\" width=\"450\" height=\"600\" src=\"https:\/\/passerelle2.ac-nantes.fr\/matisse\/wp-content\/uploads\/sites\/311\/2022\/02\/DSCN9011.jpg\" alt=\"\" class=\"wp-image-6944\" srcset=\"https:\/\/passerelle2.ac-nantes.fr\/matisse\/wp-content\/uploads\/sites\/311\/2022\/02\/DSCN9011.jpg 450w, https:\/\/passerelle2.ac-nantes.fr\/matisse\/wp-content\/uploads\/sites\/311\/2022\/02\/DSCN9011-225x300.jpg 225w\" sizes=\"auto, (max-width: 450px) 100vw, 450px\" \/><\/figure>\n\n\n\n<p>lien:&nbsp;<a href=\"https:\/\/www.youtube.com\/watch?v=faRtAsuypj0\">https:\/\/www.youtube.com\/watch?v=faRtAsuypj0<\/a><\/p>\n\n\n\n<p>lien:&nbsp;<a href=\"https:\/\/www.youtube.com\/watch?v=xEfJklQAyp4\">Apprendre les Formes G\u00e9om\u00e9triques |&nbsp;comptine \u00e9ducative originale avec les P\u2019tits z\u2019Amis \u2013 YouTube<\/a><\/p>\n\n\n\n<p>lien:<a href=\"https:\/\/www.youtube.com\/watch?v=tRNy2i75tCc\">The Rainbow Colors Song \u2013 YouTube<\/a><\/p>\n\n\n\n<p>lien:&nbsp;<a href=\"https:\/\/www.youtube.com\/watch?v=zduapTwsSwA\">https:\/\/www.youtube.com\/watch?v=zduapTwsSwA<\/a><\/p>\n\n\n\n<ul class=\"wp-block-list\">\n<li>OUTILS POUR STRUCTURER SA PENSEE:<\/li>\n<\/ul>\n\n\n\n<p>-les formes planes<\/p>\n\n\n\n<figure class=\"wp-block-image\"><img loading=\"lazy\" decoding=\"async\" width=\"470\" height=\"470\" src=\"https:\/\/passerelle2.ac-nantes.fr\/matisse\/wp-content\/uploads\/sites\/311\/2022\/02\/trace2.jpg\" alt=\"\" class=\"wp-image-6945\" srcset=\"https:\/\/passerelle2.ac-nantes.fr\/matisse\/wp-content\/uploads\/sites\/311\/2022\/02\/trace2.jpg 470w, https:\/\/passerelle2.ac-nantes.fr\/matisse\/wp-content\/uploads\/sites\/311\/2022\/02\/trace2-300x300.jpg 300w, https:\/\/passerelle2.ac-nantes.fr\/matisse\/wp-content\/uploads\/sites\/311\/2022\/02\/trace2-150x150.jpg 150w\" sizes=\"auto, (max-width: 470px) 100vw, 470px\" \/><\/figure>\n\n\n\n<p>-les solides<\/p>\n\n\n\n<figure class=\"wp-block-image\"><img loading=\"lazy\" decoding=\"async\" width=\"848\" height=\"600\" src=\"https:\/\/passerelle2.ac-nantes.fr\/matisse\/wp-content\/uploads\/sites\/311\/2022\/02\/trace.jpg\" alt=\"\" class=\"wp-image-6946\" srcset=\"https:\/\/passerelle2.ac-nantes.fr\/matisse\/wp-content\/uploads\/sites\/311\/2022\/02\/trace.jpg 848w, https:\/\/passerelle2.ac-nantes.fr\/matisse\/wp-content\/uploads\/sites\/311\/2022\/02\/trace-300x212.jpg 300w, https:\/\/passerelle2.ac-nantes.fr\/matisse\/wp-content\/uploads\/sites\/311\/2022\/02\/trace-768x543.jpg 768w\" sizes=\"auto, (max-width: 848px) 100vw, 848px\" \/><\/figure>\n\n\n\n<p>-tri, cat\u00e9gorisation<\/p>\n\n\n\n<p><strong>forme ou solide?<\/strong><\/p>\n\n\n\n<p>*<strong>tri formes\/solides<\/strong><\/p>\n\n\n\n<p><strong>*cat\u00e9gorisation des formes<\/strong><\/p>\n\n\n\n<p><strong>*empreintes de formes: combien de c\u00f4t\u00e9s et de coins?<\/strong><\/p>\n\n\n\n<figure class=\"wp-block-image size-full\"><img loading=\"lazy\" decoding=\"async\" width=\"800\" height=\"600\" src=\"https:\/\/passerelle2.ac-nantes.fr\/matisse\/wp-content\/uploads\/sites\/311\/2024\/05\/DSCN7490.jpg\" alt=\"\" class=\"wp-image-8462\" srcset=\"https:\/\/passerelle2.ac-nantes.fr\/matisse\/wp-content\/uploads\/sites\/311\/2024\/05\/DSCN7490.jpg 800w, https:\/\/passerelle2.ac-nantes.fr\/matisse\/wp-content\/uploads\/sites\/311\/2024\/05\/DSCN7490-300x225.jpg 300w, https:\/\/passerelle2.ac-nantes.fr\/matisse\/wp-content\/uploads\/sites\/311\/2024\/05\/DSCN7490-768x576.jpg 768w\" sizes=\"auto, (max-width: 800px) 100vw, 800px\" \/><\/figure>\n\n\n\n<ul class=\"wp-block-list\">\n<li><strong>formes avec des bandes de papier: combien de c\u00f4t\u00e9s?<\/strong><\/li>\n<\/ul>\n\n\n\n<figure class=\"wp-block-image size-full\"><img loading=\"lazy\" decoding=\"async\" width=\"800\" height=\"600\" src=\"https:\/\/passerelle2.ac-nantes.fr\/matisse\/wp-content\/uploads\/sites\/311\/2024\/05\/DSCN7492.jpg\" alt=\"\" class=\"wp-image-8463\" srcset=\"https:\/\/passerelle2.ac-nantes.fr\/matisse\/wp-content\/uploads\/sites\/311\/2024\/05\/DSCN7492.jpg 800w, https:\/\/passerelle2.ac-nantes.fr\/matisse\/wp-content\/uploads\/sites\/311\/2024\/05\/DSCN7492-300x225.jpg 300w, https:\/\/passerelle2.ac-nantes.fr\/matisse\/wp-content\/uploads\/sites\/311\/2024\/05\/DSCN7492-768x576.jpg 768w\" sizes=\"auto, (max-width: 800px) 100vw, 800px\" \/><\/figure>\n\n\n\n<ul class=\"wp-block-list\">\n<li><strong>EXPLORATION DU MONDE:<\/strong><\/li>\n<\/ul>\n\n\n\n<p>voir la video de l exposition sur le padlet!! <\/p>\n","protected":false},"excerpt":{"rendered":"<p>Ce 9eme projet de l\u2019ann\u00e9e durera 3,5 semaines et il permettra d explorer les formes et les solides. En effet nous allons cr\u00e9er une exposition plastique \u00ab&nbsp;arts et formes&nbsp;\u00bb \u00e0 travers l\u2019\u00e9tude d\u2019oeuvres et la r\u00e9alisation de productions individuelles et &hellip; <a href=\"https:\/\/passerelle2.ac-nantes.fr\/matisse\/les-maternelles\/annee-2023-2024\/projet-9\/\">Continuer la lecture <span class=\"meta-nav\">&rarr;<\/span><\/a><\/p>\n","protected":false},"author":5554,"featured_media":0,"parent":7957,"menu_order":0,"comment_status":"closed","ping_status":"closed","template":"","meta":{"ngg_post_thumbnail":0,"h5ap_radio_sources":[],"jetpack_post_was_ever_published":false,"footnotes":""},"folder":[],"class_list":["post-8224","page","type-page","status-publish","hentry"],"jetpack_sharing_enabled":true,"jetpack_shortlink":"https:\/\/wp.me\/P8Njks-28E","_links":{"self":[{"href":"https:\/\/passerelle2.ac-nantes.fr\/matisse\/wp-json\/wp\/v2\/pages\/8224","targetHints":{"allow":["GET"]}}],"collection":[{"href":"https:\/\/passerelle2.ac-nantes.fr\/matisse\/wp-json\/wp\/v2\/pages"}],"about":[{"href":"https:\/\/passerelle2.ac-nantes.fr\/matisse\/wp-json\/wp\/v2\/types\/page"}],"author":[{"embeddable":true,"href":"https:\/\/passerelle2.ac-nantes.fr\/matisse\/wp-json\/wp\/v2\/users\/5554"}],"replies":[{"embeddable":true,"href":"https:\/\/passerelle2.ac-nantes.fr\/matisse\/wp-json\/wp\/v2\/comments?post=8224"}],"version-history":[{"count":0,"href":"https:\/\/passerelle2.ac-nantes.fr\/matisse\/wp-json\/wp\/v2\/pages\/8224\/revisions"}],"up":[{"embeddable":true,"href":"https:\/\/passerelle2.ac-nantes.fr\/matisse\/wp-json\/wp\/v2\/pages\/7957"}],"wp:attachment":[{"href":"https:\/\/passerelle2.ac-nantes.fr\/matisse\/wp-json\/wp\/v2\/media?parent=8224"}],"wp:term":[{"taxonomy":"folder","embeddable":true,"href":"https:\/\/passerelle2.ac-nantes.fr\/matisse\/wp-json\/wp\/v2\/folder?post=8224"}],"curies":[{"name":"wp","href":"https:\/\/api.w.org\/{rel}","templated":true}]}}