
{"id":8244,"date":"2024-01-11T13:52:02","date_gmt":"2024-01-11T12:52:02","guid":{"rendered":"https:\/\/passerelle2.ac-nantes.fr\/matisse\/?page_id=8244"},"modified":"2024-01-23T12:58:45","modified_gmt":"2024-01-23T11:58:45","slug":"sortie-a-la-laverie-le-23-1-2024","status":"publish","type":"page","link":"https:\/\/passerelle2.ac-nantes.fr\/matisse\/les-maternelles\/annee-2023-2024\/dates-et-animations\/sortie-a-la-laverie-le-23-1-2024\/","title":{"rendered":"sortie \u00e0 la laverie le 23\/1\/2024"},"content":{"rendered":"\n<p>le 23 janvier matin, nous nous rendrons en car \u00e0 la Laverie afin de visiter une exposition de Mme Ortiz et de participer \u00e0 un atelier cr\u00e9atif!<\/p>\n\n\n\n<div class=\"wp-block-jetpack-tiled-gallery aligncenter is-style-rectangular\"><div class=\"tiled-gallery__gallery\"><div class=\"tiled-gallery__row\"><div class=\"tiled-gallery__col\" style=\"flex-basis:22.74404%\"><figure class=\"tiled-gallery__item\"><img decoding=\"async\" srcset=\"https:\/\/i0.wp.com\/passerelle2.ac-nantes.fr\/matisse\/wp-content\/uploads\/sites\/311\/2024\/01\/9602b31243286390f35a21e6461138ac.jpg?strip=info&#038;w=235&#038;ssl=1 235w\" alt=\"\" data-height=\"331\" data-id=\"8285\" data-link=\"https:\/\/passerelle2.ac-nantes.fr\/matisse\/les-maternelles\/annee-2023-2024\/dates-et-animations\/sortie-a-la-laverie-le-23-1-2024\/9602b31243286390f35a21e6461138ac\/\" data-url=\"https:\/\/passerelle2.ac-nantes.fr\/matisse\/wp-content\/uploads\/sites\/311\/2024\/01\/9602b31243286390f35a21e6461138ac.jpg\" data-width=\"235\" src=\"https:\/\/i0.wp.com\/passerelle2.ac-nantes.fr\/matisse\/wp-content\/uploads\/sites\/311\/2024\/01\/9602b31243286390f35a21e6461138ac.jpg?ssl=1\" data-amp-layout=\"responsive\"\/><\/figure><\/div><div class=\"tiled-gallery__col\" style=\"flex-basis:27.52783%\"><figure class=\"tiled-gallery__item\"><img decoding=\"async\" srcset=\"https:\/\/i0.wp.com\/passerelle2.ac-nantes.fr\/matisse\/wp-content\/uploads\/sites\/311\/2024\/01\/9585940_bleeding-water.jpg?strip=info&#038;w=375&#038;ssl=1 375w\" alt=\"\" data-height=\"436\" data-id=\"8286\" data-link=\"https:\/\/passerelle2.ac-nantes.fr\/matisse\/les-maternelles\/annee-2023-2024\/dates-et-animations\/sortie-a-la-laverie-le-23-1-2024\/9585940_bleeding-water\/\" data-url=\"https:\/\/passerelle2.ac-nantes.fr\/matisse\/wp-content\/uploads\/sites\/311\/2024\/01\/9585940_bleeding-water.jpg\" data-width=\"375\" src=\"https:\/\/i0.wp.com\/passerelle2.ac-nantes.fr\/matisse\/wp-content\/uploads\/sites\/311\/2024\/01\/9585940_bleeding-water.jpg?ssl=1\" data-amp-layout=\"responsive\"\/><\/figure><\/div><div class=\"tiled-gallery__col\" style=\"flex-basis:25.70848%\"><figure class=\"tiled-gallery__item\"><img decoding=\"async\" srcset=\"https:\/\/i1.wp.com\/passerelle2.ac-nantes.fr\/matisse\/wp-content\/uploads\/sites\/311\/2024\/01\/10387831_1-copie.jpg?strip=info&#038;w=375&#038;ssl=1 375w\" alt=\"\" data-height=\"467\" data-id=\"8287\" data-link=\"https:\/\/passerelle2.ac-nantes.fr\/matisse\/les-maternelles\/annee-2023-2024\/dates-et-animations\/sortie-a-la-laverie-le-23-1-2024\/10387831_1-copie\/\" data-url=\"https:\/\/passerelle2.ac-nantes.fr\/matisse\/wp-content\/uploads\/sites\/311\/2024\/01\/10387831_1-copie.jpg\" data-width=\"375\" src=\"https:\/\/i1.wp.com\/passerelle2.ac-nantes.fr\/matisse\/wp-content\/uploads\/sites\/311\/2024\/01\/10387831_1-copie.jpg?ssl=1\" data-amp-layout=\"responsive\"\/><\/figure><\/div><div class=\"tiled-gallery__col\" style=\"flex-basis:24.01965%\"><figure class=\"tiled-gallery__item\"><img decoding=\"async\" srcset=\"https:\/\/i0.wp.com\/passerelle2.ac-nantes.fr\/matisse\/wp-content\/uploads\/sites\/311\/2024\/01\/DSCN9551.jpg?strip=info&#038;w=450&#038;ssl=1 450w\" alt=\"\" data-height=\"600\" data-id=\"8288\" data-link=\"https:\/\/passerelle2.ac-nantes.fr\/matisse\/les-maternelles\/annee-2023-2024\/dates-et-animations\/sortie-a-la-laverie-le-23-1-2024\/dscn9551\/\" data-url=\"https:\/\/passerelle2.ac-nantes.fr\/matisse\/wp-content\/uploads\/sites\/311\/2024\/01\/DSCN9551.jpg\" data-width=\"450\" src=\"https:\/\/i0.wp.com\/passerelle2.ac-nantes.fr\/matisse\/wp-content\/uploads\/sites\/311\/2024\/01\/DSCN9551.jpg?ssl=1\" data-amp-layout=\"responsive\"\/><\/figure><\/div><\/div><div class=\"tiled-gallery__row\"><div class=\"tiled-gallery__col\" style=\"flex-basis:26.50032%\"><figure class=\"tiled-gallery__item\"><img decoding=\"async\" srcset=\"https:\/\/i1.wp.com\/passerelle2.ac-nantes.fr\/matisse\/wp-content\/uploads\/sites\/311\/2024\/01\/DSCN9552-1.jpg?strip=info&#038;w=450&#038;ssl=1 450w\" alt=\"\" data-height=\"600\" data-id=\"8289\" data-link=\"https:\/\/passerelle2.ac-nantes.fr\/matisse\/les-maternelles\/annee-2023-2024\/dates-et-animations\/sortie-a-la-laverie-le-23-1-2024\/dscn9552-1\/\" data-url=\"https:\/\/passerelle2.ac-nantes.fr\/matisse\/wp-content\/uploads\/sites\/311\/2024\/01\/DSCN9552-1.jpg\" data-width=\"450\" src=\"https:\/\/i1.wp.com\/passerelle2.ac-nantes.fr\/matisse\/wp-content\/uploads\/sites\/311\/2024\/01\/DSCN9552-1.jpg?ssl=1\" data-amp-layout=\"responsive\"\/><\/figure><\/div><div class=\"tiled-gallery__col\" style=\"flex-basis:46.99936%\"><figure class=\"tiled-gallery__item\"><img decoding=\"async\" srcset=\"https:\/\/i1.wp.com\/passerelle2.ac-nantes.fr\/matisse\/wp-content\/uploads\/sites\/311\/2024\/01\/DSCN9553-1.jpg?strip=info&#038;w=600&#038;ssl=1 600w,https:\/\/i1.wp.com\/passerelle2.ac-nantes.fr\/matisse\/wp-content\/uploads\/sites\/311\/2024\/01\/DSCN9553-1.jpg?strip=info&#038;w=800&#038;ssl=1 800w\" alt=\"\" data-height=\"600\" data-id=\"8290\" data-link=\"https:\/\/passerelle2.ac-nantes.fr\/matisse\/les-maternelles\/annee-2023-2024\/dates-et-animations\/sortie-a-la-laverie-le-23-1-2024\/dscn9553-1\/\" data-url=\"https:\/\/passerelle2.ac-nantes.fr\/matisse\/wp-content\/uploads\/sites\/311\/2024\/01\/DSCN9553-1.jpg\" data-width=\"800\" src=\"https:\/\/i1.wp.com\/passerelle2.ac-nantes.fr\/matisse\/wp-content\/uploads\/sites\/311\/2024\/01\/DSCN9553-1.jpg?ssl=1\" data-amp-layout=\"responsive\"\/><\/figure><\/div><div class=\"tiled-gallery__col\" style=\"flex-basis:26.50032%\"><figure class=\"tiled-gallery__item\"><img decoding=\"async\" srcset=\"https:\/\/i2.wp.com\/passerelle2.ac-nantes.fr\/matisse\/wp-content\/uploads\/sites\/311\/2024\/01\/DSCN9554-1.jpg?strip=info&#038;w=450&#038;ssl=1 450w\" alt=\"\" data-height=\"600\" data-id=\"8291\" data-link=\"https:\/\/passerelle2.ac-nantes.fr\/matisse\/les-maternelles\/annee-2023-2024\/dates-et-animations\/sortie-a-la-laverie-le-23-1-2024\/dscn9554-1\/\" data-url=\"https:\/\/passerelle2.ac-nantes.fr\/matisse\/wp-content\/uploads\/sites\/311\/2024\/01\/DSCN9554-1.jpg\" data-width=\"450\" src=\"https:\/\/i2.wp.com\/passerelle2.ac-nantes.fr\/matisse\/wp-content\/uploads\/sites\/311\/2024\/01\/DSCN9554-1.jpg?ssl=1\" data-amp-layout=\"responsive\"\/><\/figure><\/div><\/div><div class=\"tiled-gallery__row\"><div class=\"tiled-gallery__col\" style=\"flex-basis:63.95567%\"><figure class=\"tiled-gallery__item\"><img decoding=\"async\" srcset=\"https:\/\/i2.wp.com\/passerelle2.ac-nantes.fr\/matisse\/wp-content\/uploads\/sites\/311\/2024\/01\/DSCN9555.jpg?strip=info&#038;w=600&#038;ssl=1 600w,https:\/\/i2.wp.com\/passerelle2.ac-nantes.fr\/matisse\/wp-content\/uploads\/sites\/311\/2024\/01\/DSCN9555.jpg?strip=info&#038;w=800&#038;ssl=1 800w\" alt=\"\" data-height=\"600\" data-id=\"8292\" data-link=\"https:\/\/passerelle2.ac-nantes.fr\/matisse\/les-maternelles\/annee-2023-2024\/dates-et-animations\/sortie-a-la-laverie-le-23-1-2024\/dscn9555\/\" data-url=\"https:\/\/passerelle2.ac-nantes.fr\/matisse\/wp-content\/uploads\/sites\/311\/2024\/01\/DSCN9555.jpg\" data-width=\"800\" src=\"https:\/\/i2.wp.com\/passerelle2.ac-nantes.fr\/matisse\/wp-content\/uploads\/sites\/311\/2024\/01\/DSCN9555.jpg?ssl=1\" data-amp-layout=\"responsive\"\/><\/figure><\/div><div class=\"tiled-gallery__col\" style=\"flex-basis:36.04433%\"><figure class=\"tiled-gallery__item\"><img decoding=\"async\" srcset=\"https:\/\/i2.wp.com\/passerelle2.ac-nantes.fr\/matisse\/wp-content\/uploads\/sites\/311\/2024\/01\/DSCN9556.jpg?strip=info&#038;w=450&#038;ssl=1 450w\" alt=\"\" data-height=\"600\" data-id=\"8293\" data-link=\"https:\/\/passerelle2.ac-nantes.fr\/matisse\/les-maternelles\/annee-2023-2024\/dates-et-animations\/sortie-a-la-laverie-le-23-1-2024\/dscn9556\/\" data-url=\"https:\/\/passerelle2.ac-nantes.fr\/matisse\/wp-content\/uploads\/sites\/311\/2024\/01\/DSCN9556.jpg\" data-width=\"450\" src=\"https:\/\/i2.wp.com\/passerelle2.ac-nantes.fr\/matisse\/wp-content\/uploads\/sites\/311\/2024\/01\/DSCN9556.jpg?ssl=1\" data-amp-layout=\"responsive\"\/><\/figure><\/div><\/div><div class=\"tiled-gallery__row\"><div class=\"tiled-gallery__col\" style=\"flex-basis:63.02038%\"><figure class=\"tiled-gallery__item\"><img decoding=\"async\" srcset=\"https:\/\/i2.wp.com\/passerelle2.ac-nantes.fr\/matisse\/wp-content\/uploads\/sites\/311\/2024\/01\/DSCN9557.jpg?strip=info&#038;w=450&#038;ssl=1 450w\" alt=\"\" data-height=\"600\" data-id=\"8294\" data-link=\"https:\/\/passerelle2.ac-nantes.fr\/matisse\/les-maternelles\/annee-2023-2024\/dates-et-animations\/sortie-a-la-laverie-le-23-1-2024\/dscn9557\/\" data-url=\"https:\/\/passerelle2.ac-nantes.fr\/matisse\/wp-content\/uploads\/sites\/311\/2024\/01\/DSCN9557.jpg\" data-width=\"450\" src=\"https:\/\/i2.wp.com\/passerelle2.ac-nantes.fr\/matisse\/wp-content\/uploads\/sites\/311\/2024\/01\/DSCN9557.jpg?ssl=1\" data-amp-layout=\"responsive\"\/><\/figure><\/div><div class=\"tiled-gallery__col\" style=\"flex-basis:36.97962%\"><figure class=\"tiled-gallery__item\"><img decoding=\"async\" srcset=\"https:\/\/i1.wp.com\/passerelle2.ac-nantes.fr\/matisse\/wp-content\/uploads\/sites\/311\/2024\/01\/DSCN9558.jpg?strip=info&#038;w=600&#038;ssl=1 600w,https:\/\/i1.wp.com\/passerelle2.ac-nantes.fr\/matisse\/wp-content\/uploads\/sites\/311\/2024\/01\/DSCN9558.jpg?strip=info&#038;w=800&#038;ssl=1 800w\" alt=\"\" data-height=\"600\" data-id=\"8295\" data-link=\"https:\/\/passerelle2.ac-nantes.fr\/matisse\/les-maternelles\/annee-2023-2024\/dates-et-animations\/sortie-a-la-laverie-le-23-1-2024\/dscn9558\/\" data-url=\"https:\/\/passerelle2.ac-nantes.fr\/matisse\/wp-content\/uploads\/sites\/311\/2024\/01\/DSCN9558.jpg\" data-width=\"800\" src=\"https:\/\/i1.wp.com\/passerelle2.ac-nantes.fr\/matisse\/wp-content\/uploads\/sites\/311\/2024\/01\/DSCN9558.jpg?ssl=1\" data-amp-layout=\"responsive\"\/><\/figure><figure class=\"tiled-gallery__item\"><img decoding=\"async\" srcset=\"https:\/\/i1.wp.com\/passerelle2.ac-nantes.fr\/matisse\/wp-content\/uploads\/sites\/311\/2024\/01\/DSCN9559.jpg?strip=info&#038;w=600&#038;ssl=1 600w,https:\/\/i1.wp.com\/passerelle2.ac-nantes.fr\/matisse\/wp-content\/uploads\/sites\/311\/2024\/01\/DSCN9559.jpg?strip=info&#038;w=800&#038;ssl=1 800w\" alt=\"\" data-height=\"600\" data-id=\"8296\" data-link=\"https:\/\/passerelle2.ac-nantes.fr\/matisse\/les-maternelles\/annee-2023-2024\/dates-et-animations\/sortie-a-la-laverie-le-23-1-2024\/dscn9559\/\" data-url=\"https:\/\/passerelle2.ac-nantes.fr\/matisse\/wp-content\/uploads\/sites\/311\/2024\/01\/DSCN9559.jpg\" data-width=\"800\" src=\"https:\/\/i1.wp.com\/passerelle2.ac-nantes.fr\/matisse\/wp-content\/uploads\/sites\/311\/2024\/01\/DSCN9559.jpg?ssl=1\" data-amp-layout=\"responsive\"\/><\/figure><figure class=\"tiled-gallery__item\"><img decoding=\"async\" srcset=\"https:\/\/i2.wp.com\/passerelle2.ac-nantes.fr\/matisse\/wp-content\/uploads\/sites\/311\/2024\/01\/DSCN9560.jpg?strip=info&#038;w=600&#038;ssl=1 600w,https:\/\/i2.wp.com\/passerelle2.ac-nantes.fr\/matisse\/wp-content\/uploads\/sites\/311\/2024\/01\/DSCN9560.jpg?strip=info&#038;w=800&#038;ssl=1 800w\" alt=\"\" data-height=\"600\" data-id=\"8297\" data-link=\"https:\/\/passerelle2.ac-nantes.fr\/matisse\/les-maternelles\/annee-2023-2024\/dates-et-animations\/sortie-a-la-laverie-le-23-1-2024\/dscn9560\/\" data-url=\"https:\/\/passerelle2.ac-nantes.fr\/matisse\/wp-content\/uploads\/sites\/311\/2024\/01\/DSCN9560.jpg\" data-width=\"800\" src=\"https:\/\/i2.wp.com\/passerelle2.ac-nantes.fr\/matisse\/wp-content\/uploads\/sites\/311\/2024\/01\/DSCN9560.jpg?ssl=1\" data-amp-layout=\"responsive\"\/><\/figure><\/div><\/div><div class=\"tiled-gallery__row\"><div class=\"tiled-gallery__col\" style=\"flex-basis:66.80176%\"><figure class=\"tiled-gallery__item\"><img decoding=\"async\" srcset=\"https:\/\/i1.wp.com\/passerelle2.ac-nantes.fr\/matisse\/wp-content\/uploads\/sites\/311\/2024\/01\/DSCN9561.jpg?strip=info&#038;w=600&#038;ssl=1 600w,https:\/\/i1.wp.com\/passerelle2.ac-nantes.fr\/matisse\/wp-content\/uploads\/sites\/311\/2024\/01\/DSCN9561.jpg?strip=info&#038;w=800&#038;ssl=1 800w\" alt=\"\" data-height=\"600\" data-id=\"8298\" data-link=\"https:\/\/passerelle2.ac-nantes.fr\/matisse\/les-maternelles\/annee-2023-2024\/dates-et-animations\/sortie-a-la-laverie-le-23-1-2024\/dscn9561\/\" data-url=\"https:\/\/passerelle2.ac-nantes.fr\/matisse\/wp-content\/uploads\/sites\/311\/2024\/01\/DSCN9561.jpg\" data-width=\"800\" src=\"https:\/\/i1.wp.com\/passerelle2.ac-nantes.fr\/matisse\/wp-content\/uploads\/sites\/311\/2024\/01\/DSCN9561.jpg?ssl=1\" data-amp-layout=\"responsive\"\/><\/figure><\/div><div class=\"tiled-gallery__col\" style=\"flex-basis:33.19824%\"><figure class=\"tiled-gallery__item\"><img decoding=\"async\" srcset=\"https:\/\/i0.wp.com\/passerelle2.ac-nantes.fr\/matisse\/wp-content\/uploads\/sites\/311\/2024\/01\/DSCN9562.jpg?strip=info&#038;w=600&#038;ssl=1 600w,https:\/\/i0.wp.com\/passerelle2.ac-nantes.fr\/matisse\/wp-content\/uploads\/sites\/311\/2024\/01\/DSCN9562.jpg?strip=info&#038;w=800&#038;ssl=1 800w\" alt=\"\" data-height=\"600\" data-id=\"8299\" data-link=\"https:\/\/passerelle2.ac-nantes.fr\/matisse\/les-maternelles\/annee-2023-2024\/dates-et-animations\/sortie-a-la-laverie-le-23-1-2024\/dscn9562\/\" data-url=\"https:\/\/passerelle2.ac-nantes.fr\/matisse\/wp-content\/uploads\/sites\/311\/2024\/01\/DSCN9562.jpg\" data-width=\"800\" src=\"https:\/\/i0.wp.com\/passerelle2.ac-nantes.fr\/matisse\/wp-content\/uploads\/sites\/311\/2024\/01\/DSCN9562.jpg?ssl=1\" data-amp-layout=\"responsive\"\/><\/figure><figure class=\"tiled-gallery__item\"><img decoding=\"async\" srcset=\"https:\/\/i1.wp.com\/passerelle2.ac-nantes.fr\/matisse\/wp-content\/uploads\/sites\/311\/2024\/01\/DSCN9563.jpg?strip=info&#038;w=600&#038;ssl=1 600w,https:\/\/i1.wp.com\/passerelle2.ac-nantes.fr\/matisse\/wp-content\/uploads\/sites\/311\/2024\/01\/DSCN9563.jpg?strip=info&#038;w=800&#038;ssl=1 800w\" alt=\"\" data-height=\"600\" data-id=\"8300\" data-link=\"https:\/\/passerelle2.ac-nantes.fr\/matisse\/les-maternelles\/annee-2023-2024\/dates-et-animations\/sortie-a-la-laverie-le-23-1-2024\/dscn9563\/\" data-url=\"https:\/\/passerelle2.ac-nantes.fr\/matisse\/wp-content\/uploads\/sites\/311\/2024\/01\/DSCN9563.jpg\" data-width=\"800\" src=\"https:\/\/i1.wp.com\/passerelle2.ac-nantes.fr\/matisse\/wp-content\/uploads\/sites\/311\/2024\/01\/DSCN9563.jpg?ssl=1\" data-amp-layout=\"responsive\"\/><\/figure><\/div><\/div><div class=\"tiled-gallery__row\"><div class=\"tiled-gallery__col\" style=\"flex-basis:57.84890%\"><figure class=\"tiled-gallery__item\"><img decoding=\"async\" srcset=\"https:\/\/i1.wp.com\/passerelle2.ac-nantes.fr\/matisse\/wp-content\/uploads\/sites\/311\/2024\/01\/DSCN9564.jpg?strip=info&#038;w=600&#038;ssl=1 600w,https:\/\/i1.wp.com\/passerelle2.ac-nantes.fr\/matisse\/wp-content\/uploads\/sites\/311\/2024\/01\/DSCN9564.jpg?strip=info&#038;w=800&#038;ssl=1 800w\" alt=\"\" data-height=\"600\" data-id=\"8301\" data-link=\"https:\/\/passerelle2.ac-nantes.fr\/matisse\/les-maternelles\/annee-2023-2024\/dates-et-animations\/sortie-a-la-laverie-le-23-1-2024\/dscn9564\/\" data-url=\"https:\/\/passerelle2.ac-nantes.fr\/matisse\/wp-content\/uploads\/sites\/311\/2024\/01\/DSCN9564.jpg\" data-width=\"800\" src=\"https:\/\/i1.wp.com\/passerelle2.ac-nantes.fr\/matisse\/wp-content\/uploads\/sites\/311\/2024\/01\/DSCN9564.jpg?ssl=1\" data-amp-layout=\"responsive\"\/><\/figure><figure class=\"tiled-gallery__item\"><img decoding=\"async\" srcset=\"https:\/\/i0.wp.com\/passerelle2.ac-nantes.fr\/matisse\/wp-content\/uploads\/sites\/311\/2024\/01\/DSCN9565.jpg?strip=info&#038;w=600&#038;ssl=1 600w,https:\/\/i0.wp.com\/passerelle2.ac-nantes.fr\/matisse\/wp-content\/uploads\/sites\/311\/2024\/01\/DSCN9565.jpg?strip=info&#038;w=800&#038;ssl=1 800w\" alt=\"\" data-height=\"600\" data-id=\"8302\" data-link=\"https:\/\/passerelle2.ac-nantes.fr\/matisse\/les-maternelles\/annee-2023-2024\/dates-et-animations\/sortie-a-la-laverie-le-23-1-2024\/dscn9565\/\" data-url=\"https:\/\/passerelle2.ac-nantes.fr\/matisse\/wp-content\/uploads\/sites\/311\/2024\/01\/DSCN9565.jpg\" data-width=\"800\" src=\"https:\/\/i0.wp.com\/passerelle2.ac-nantes.fr\/matisse\/wp-content\/uploads\/sites\/311\/2024\/01\/DSCN9565.jpg?ssl=1\" data-amp-layout=\"responsive\"\/><\/figure><figure class=\"tiled-gallery__item\"><img decoding=\"async\" srcset=\"https:\/\/i0.wp.com\/passerelle2.ac-nantes.fr\/matisse\/wp-content\/uploads\/sites\/311\/2024\/01\/DSCN9566.jpg?strip=info&#038;w=600&#038;ssl=1 600w,https:\/\/i0.wp.com\/passerelle2.ac-nantes.fr\/matisse\/wp-content\/uploads\/sites\/311\/2024\/01\/DSCN9566.jpg?strip=info&#038;w=800&#038;ssl=1 800w\" alt=\"\" data-height=\"600\" data-id=\"8303\" data-link=\"https:\/\/passerelle2.ac-nantes.fr\/matisse\/les-maternelles\/annee-2023-2024\/dates-et-animations\/sortie-a-la-laverie-le-23-1-2024\/dscn9566\/\" data-url=\"https:\/\/passerelle2.ac-nantes.fr\/matisse\/wp-content\/uploads\/sites\/311\/2024\/01\/DSCN9566.jpg\" data-width=\"800\" src=\"https:\/\/i0.wp.com\/passerelle2.ac-nantes.fr\/matisse\/wp-content\/uploads\/sites\/311\/2024\/01\/DSCN9566.jpg?ssl=1\" data-amp-layout=\"responsive\"\/><\/figure><\/div><div class=\"tiled-gallery__col\" style=\"flex-basis:42.15110%\"><figure class=\"tiled-gallery__item\"><img decoding=\"async\" srcset=\"https:\/\/i0.wp.com\/passerelle2.ac-nantes.fr\/matisse\/wp-content\/uploads\/sites\/311\/2024\/01\/izabella-ortiz.jpg?strip=info&#038;w=192&#038;ssl=1 192w\" alt=\"\" data-height=\"600\" data-id=\"8304\" data-link=\"https:\/\/passerelle2.ac-nantes.fr\/matisse\/les-maternelles\/annee-2023-2024\/dates-et-animations\/sortie-a-la-laverie-le-23-1-2024\/izabella-ortiz\/\" data-url=\"https:\/\/passerelle2.ac-nantes.fr\/matisse\/wp-content\/uploads\/sites\/311\/2024\/01\/izabella-ortiz.jpg\" data-width=\"192\" src=\"https:\/\/i0.wp.com\/passerelle2.ac-nantes.fr\/matisse\/wp-content\/uploads\/sites\/311\/2024\/01\/izabella-ortiz.jpg?ssl=1\" data-amp-layout=\"responsive\"\/><\/figure><\/div><\/div><div class=\"tiled-gallery__row\"><div class=\"tiled-gallery__col\" style=\"flex-basis:100.00000%\"><figure class=\"tiled-gallery__item\"><img decoding=\"async\" srcset=\"https:\/\/i2.wp.com\/passerelle2.ac-nantes.fr\/matisse\/wp-content\/uploads\/sites\/311\/2024\/01\/OIP.jpg?strip=info&#038;w=474&#038;ssl=1 474w\" alt=\"\" data-height=\"295\" data-id=\"8305\" data-link=\"https:\/\/passerelle2.ac-nantes.fr\/matisse\/les-maternelles\/annee-2023-2024\/dates-et-animations\/sortie-a-la-laverie-le-23-1-2024\/oip-5\/\" data-url=\"https:\/\/passerelle2.ac-nantes.fr\/matisse\/wp-content\/uploads\/sites\/311\/2024\/01\/OIP.jpg\" data-width=\"474\" src=\"https:\/\/i2.wp.com\/passerelle2.ac-nantes.fr\/matisse\/wp-content\/uploads\/sites\/311\/2024\/01\/OIP.jpg?ssl=1\" data-amp-layout=\"responsive\"\/><\/figure><\/div><\/div><\/div><\/div>\n","protected":false},"excerpt":{"rendered":"<p>le 23 janvier matin, nous nous rendrons en car \u00e0 la Laverie afin de visiter une exposition de Mme Ortiz et de participer \u00e0 un atelier cr\u00e9atif!<\/p>\n","protected":false},"author":5554,"featured_media":0,"parent":7971,"menu_order":0,"comment_status":"closed","ping_status":"closed","template":"","meta":{"ngg_post_thumbnail":0,"h5ap_radio_sources":[],"jetpack_post_was_ever_published":false,"footnotes":""},"folder":[],"class_list":["post-8244","page","type-page","status-publish","hentry"],"jetpack_sharing_enabled":true,"jetpack_shortlink":"https:\/\/wp.me\/P8Njks-28Y","_links":{"self":[{"href":"https:\/\/passerelle2.ac-nantes.fr\/matisse\/wp-json\/wp\/v2\/pages\/8244","targetHints":{"allow":["GET"]}}],"collection":[{"href":"https:\/\/passerelle2.ac-nantes.fr\/matisse\/wp-json\/wp\/v2\/pages"}],"about":[{"href":"https:\/\/passerelle2.ac-nantes.fr\/matisse\/wp-json\/wp\/v2\/types\/page"}],"author":[{"embeddable":true,"href":"https:\/\/passerelle2.ac-nantes.fr\/matisse\/wp-json\/wp\/v2\/users\/5554"}],"replies":[{"embeddable":true,"href":"https:\/\/passerelle2.ac-nantes.fr\/matisse\/wp-json\/wp\/v2\/comments?post=8244"}],"version-history":[{"count":0,"href":"https:\/\/passerelle2.ac-nantes.fr\/matisse\/wp-json\/wp\/v2\/pages\/8244\/revisions"}],"up":[{"embeddable":true,"href":"https:\/\/passerelle2.ac-nantes.fr\/matisse\/wp-json\/wp\/v2\/pages\/7971"}],"wp:attachment":[{"href":"https:\/\/passerelle2.ac-nantes.fr\/matisse\/wp-json\/wp\/v2\/media?parent=8244"}],"wp:term":[{"taxonomy":"folder","embeddable":true,"href":"https:\/\/passerelle2.ac-nantes.fr\/matisse\/wp-json\/wp\/v2\/folder?post=8244"}],"curies":[{"name":"wp","href":"https:\/\/api.w.org\/{rel}","templated":true}]}}