
{"id":8338,"date":"2024-02-08T12:53:11","date_gmt":"2024-02-08T11:53:11","guid":{"rendered":"https:\/\/passerelle2.ac-nantes.fr\/matisse\/?page_id=8338"},"modified":"2024-02-14T13:13:33","modified_gmt":"2024-02-14T12:13:33","slug":"14-fevrier-deguise","status":"publish","type":"page","link":"https:\/\/passerelle2.ac-nantes.fr\/matisse\/les-maternelles\/annee-2023-2024\/dates-et-animations\/14-fevrier-deguise\/","title":{"rendered":"14 fevrier d\u00e9guis\u00e9!"},"content":{"rendered":"\n<p><strong>INFORMATION<\/strong><\/p>\n\n\n\n<p>Mercredi 14 f\u00e9vrier, nous proposons aux enfants de venir <strong>d\u00e9guis\u00e9s<\/strong> \u00e0 l\u2019\u00e9cole et ce pour toute la matin\u00e9e&nbsp;! L\u2018id\u00e9e est de s amuser \u00e0 \u00eatre diff\u00e9rent pour une demie journ\u00e9e, sans aucun jugement&nbsp;!! L\u2019id\u00e9e aussi est de ne rien acheter et de se servir de ce qu on a d\u00e9j\u00e0 pour composer son costume, et que cela ne soit pas effrayant pour les plus petits bien s\u00fbr&nbsp;! \u00c0 votre imagination de s\u2019exprimer&nbsp;!<\/p>\n\n\n\n<div class=\"wp-block-jetpack-tiled-gallery aligncenter is-style-rectangular\"><div class=\"tiled-gallery__gallery\"><div class=\"tiled-gallery__row\"><div class=\"tiled-gallery__col\" style=\"flex-basis:50.00000%\"><figure class=\"tiled-gallery__item\"><img decoding=\"async\" srcset=\"https:\/\/i0.wp.com\/passerelle2.ac-nantes.fr\/matisse\/wp-content\/uploads\/sites\/311\/2024\/02\/DSCN9617-1.jpg?strip=info&#038;w=600&#038;ssl=1 600w,https:\/\/i0.wp.com\/passerelle2.ac-nantes.fr\/matisse\/wp-content\/uploads\/sites\/311\/2024\/02\/DSCN9617-1.jpg?strip=info&#038;w=800&#038;ssl=1 800w\" alt=\"\" data-height=\"600\" data-id=\"8345\" data-link=\"https:\/\/passerelle2.ac-nantes.fr\/matisse\/les-maternelles\/annee-2023-2024\/dates-et-animations\/14-fevrier-deguise\/dscn9617-1\/\" data-url=\"https:\/\/passerelle2.ac-nantes.fr\/matisse\/wp-content\/uploads\/sites\/311\/2024\/02\/DSCN9617-1.jpg\" data-width=\"800\" src=\"https:\/\/i0.wp.com\/passerelle2.ac-nantes.fr\/matisse\/wp-content\/uploads\/sites\/311\/2024\/02\/DSCN9617-1.jpg?ssl=1\" data-amp-layout=\"responsive\"\/><\/figure><\/div><div class=\"tiled-gallery__col\" style=\"flex-basis:50.00000%\"><figure class=\"tiled-gallery__item\"><img decoding=\"async\" srcset=\"https:\/\/i1.wp.com\/passerelle2.ac-nantes.fr\/matisse\/wp-content\/uploads\/sites\/311\/2024\/02\/DSCN9614-1.jpg?strip=info&#038;w=600&#038;ssl=1 600w,https:\/\/i1.wp.com\/passerelle2.ac-nantes.fr\/matisse\/wp-content\/uploads\/sites\/311\/2024\/02\/DSCN9614-1.jpg?strip=info&#038;w=800&#038;ssl=1 800w\" alt=\"\" data-height=\"600\" data-id=\"8346\" data-link=\"https:\/\/passerelle2.ac-nantes.fr\/matisse\/les-maternelles\/annee-2023-2024\/dates-et-animations\/14-fevrier-deguise\/dscn9614-1\/\" data-url=\"https:\/\/passerelle2.ac-nantes.fr\/matisse\/wp-content\/uploads\/sites\/311\/2024\/02\/DSCN9614-1.jpg\" data-width=\"800\" src=\"https:\/\/i1.wp.com\/passerelle2.ac-nantes.fr\/matisse\/wp-content\/uploads\/sites\/311\/2024\/02\/DSCN9614-1.jpg?ssl=1\" data-amp-layout=\"responsive\"\/><\/figure><\/div><\/div><\/div><\/div>\n\n\n\n<div class=\"wp-block-jetpack-tiled-gallery aligncenter is-style-rectangular\"><div class=\"tiled-gallery__gallery\"><div class=\"tiled-gallery__row\"><div class=\"tiled-gallery__col\" style=\"flex-basis:25.00000%\"><figure class=\"tiled-gallery__item\"><img decoding=\"async\" srcset=\"https:\/\/i1.wp.com\/passerelle2.ac-nantes.fr\/matisse\/wp-content\/uploads\/sites\/311\/2024\/02\/DSCN9618.jpg?strip=info&#038;w=450&#038;ssl=1 450w\" alt=\"\" data-height=\"600\" data-id=\"8347\" data-link=\"https:\/\/passerelle2.ac-nantes.fr\/matisse\/les-maternelles\/annee-2023-2024\/dates-et-animations\/14-fevrier-deguise\/dscn9618\/\" data-url=\"https:\/\/passerelle2.ac-nantes.fr\/matisse\/wp-content\/uploads\/sites\/311\/2024\/02\/DSCN9618.jpg\" data-width=\"450\" src=\"https:\/\/i1.wp.com\/passerelle2.ac-nantes.fr\/matisse\/wp-content\/uploads\/sites\/311\/2024\/02\/DSCN9618.jpg?ssl=1\" data-amp-layout=\"responsive\"\/><\/figure><\/div><div class=\"tiled-gallery__col\" style=\"flex-basis:25.00000%\"><figure class=\"tiled-gallery__item\"><img decoding=\"async\" srcset=\"https:\/\/i2.wp.com\/passerelle2.ac-nantes.fr\/matisse\/wp-content\/uploads\/sites\/311\/2024\/02\/DSCN9620.jpg?strip=info&#038;w=450&#038;ssl=1 450w\" alt=\"\" data-height=\"600\" data-id=\"8348\" data-link=\"https:\/\/passerelle2.ac-nantes.fr\/matisse\/les-maternelles\/annee-2023-2024\/dates-et-animations\/14-fevrier-deguise\/dscn9620\/\" data-url=\"https:\/\/passerelle2.ac-nantes.fr\/matisse\/wp-content\/uploads\/sites\/311\/2024\/02\/DSCN9620.jpg\" data-width=\"450\" src=\"https:\/\/i2.wp.com\/passerelle2.ac-nantes.fr\/matisse\/wp-content\/uploads\/sites\/311\/2024\/02\/DSCN9620.jpg?ssl=1\" data-amp-layout=\"responsive\"\/><\/figure><\/div><div class=\"tiled-gallery__col\" style=\"flex-basis:25.00000%\"><figure class=\"tiled-gallery__item\"><img decoding=\"async\" srcset=\"https:\/\/i2.wp.com\/passerelle2.ac-nantes.fr\/matisse\/wp-content\/uploads\/sites\/311\/2024\/02\/DSCN9623.jpg?strip=info&#038;w=450&#038;ssl=1 450w\" alt=\"\" data-height=\"600\" data-id=\"8349\" data-link=\"https:\/\/passerelle2.ac-nantes.fr\/matisse\/les-maternelles\/annee-2023-2024\/dates-et-animations\/14-fevrier-deguise\/dscn9623\/\" data-url=\"https:\/\/passerelle2.ac-nantes.fr\/matisse\/wp-content\/uploads\/sites\/311\/2024\/02\/DSCN9623.jpg\" data-width=\"450\" src=\"https:\/\/i2.wp.com\/passerelle2.ac-nantes.fr\/matisse\/wp-content\/uploads\/sites\/311\/2024\/02\/DSCN9623.jpg?ssl=1\" data-amp-layout=\"responsive\"\/><\/figure><\/div><div class=\"tiled-gallery__col\" style=\"flex-basis:25.00000%\"><figure class=\"tiled-gallery__item\"><img decoding=\"async\" srcset=\"https:\/\/i0.wp.com\/passerelle2.ac-nantes.fr\/matisse\/wp-content\/uploads\/sites\/311\/2024\/02\/DSCN9632.jpg?strip=info&#038;w=450&#038;ssl=1 450w\" alt=\"\" data-height=\"600\" data-id=\"8350\" data-link=\"https:\/\/passerelle2.ac-nantes.fr\/matisse\/les-maternelles\/annee-2023-2024\/dates-et-animations\/14-fevrier-deguise\/dscn9632\/\" data-url=\"https:\/\/passerelle2.ac-nantes.fr\/matisse\/wp-content\/uploads\/sites\/311\/2024\/02\/DSCN9632.jpg\" data-width=\"450\" src=\"https:\/\/i0.wp.com\/passerelle2.ac-nantes.fr\/matisse\/wp-content\/uploads\/sites\/311\/2024\/02\/DSCN9632.jpg?ssl=1\" data-amp-layout=\"responsive\"\/><\/figure><\/div><\/div><div class=\"tiled-gallery__row\"><div class=\"tiled-gallery__col\" style=\"flex-basis:33.33333%\"><figure class=\"tiled-gallery__item\"><img decoding=\"async\" srcset=\"https:\/\/i1.wp.com\/passerelle2.ac-nantes.fr\/matisse\/wp-content\/uploads\/sites\/311\/2024\/02\/DSCN9633.jpg?strip=info&#038;w=450&#038;ssl=1 450w\" alt=\"\" data-height=\"600\" data-id=\"8351\" data-link=\"https:\/\/passerelle2.ac-nantes.fr\/matisse\/les-maternelles\/annee-2023-2024\/dates-et-animations\/14-fevrier-deguise\/dscn9633\/\" data-url=\"https:\/\/passerelle2.ac-nantes.fr\/matisse\/wp-content\/uploads\/sites\/311\/2024\/02\/DSCN9633.jpg\" data-width=\"450\" src=\"https:\/\/i1.wp.com\/passerelle2.ac-nantes.fr\/matisse\/wp-content\/uploads\/sites\/311\/2024\/02\/DSCN9633.jpg?ssl=1\" data-amp-layout=\"responsive\"\/><\/figure><\/div><div class=\"tiled-gallery__col\" style=\"flex-basis:33.33333%\"><figure class=\"tiled-gallery__item\"><img decoding=\"async\" srcset=\"https:\/\/i0.wp.com\/passerelle2.ac-nantes.fr\/matisse\/wp-content\/uploads\/sites\/311\/2024\/02\/DSCN9638.jpg?strip=info&#038;w=450&#038;ssl=1 450w\" alt=\"\" data-height=\"600\" data-id=\"8352\" data-link=\"https:\/\/passerelle2.ac-nantes.fr\/matisse\/les-maternelles\/annee-2023-2024\/dates-et-animations\/14-fevrier-deguise\/dscn9638\/\" data-url=\"https:\/\/passerelle2.ac-nantes.fr\/matisse\/wp-content\/uploads\/sites\/311\/2024\/02\/DSCN9638.jpg\" data-width=\"450\" src=\"https:\/\/i0.wp.com\/passerelle2.ac-nantes.fr\/matisse\/wp-content\/uploads\/sites\/311\/2024\/02\/DSCN9638.jpg?ssl=1\" data-amp-layout=\"responsive\"\/><\/figure><\/div><div class=\"tiled-gallery__col\" style=\"flex-basis:33.33333%\"><figure class=\"tiled-gallery__item\"><img decoding=\"async\" srcset=\"https:\/\/i1.wp.com\/passerelle2.ac-nantes.fr\/matisse\/wp-content\/uploads\/sites\/311\/2024\/02\/DSCN9619.jpg?strip=info&#038;w=450&#038;ssl=1 450w\" alt=\"\" data-height=\"600\" data-id=\"8354\" data-link=\"https:\/\/passerelle2.ac-nantes.fr\/matisse\/les-maternelles\/annee-2023-2024\/dates-et-animations\/14-fevrier-deguise\/dscn9619\/\" data-url=\"https:\/\/passerelle2.ac-nantes.fr\/matisse\/wp-content\/uploads\/sites\/311\/2024\/02\/DSCN9619.jpg\" data-width=\"450\" src=\"https:\/\/i1.wp.com\/passerelle2.ac-nantes.fr\/matisse\/wp-content\/uploads\/sites\/311\/2024\/02\/DSCN9619.jpg?ssl=1\" data-amp-layout=\"responsive\"\/><\/figure><\/div><\/div><div class=\"tiled-gallery__row\"><div class=\"tiled-gallery__col\" style=\"flex-basis:50.00000%\"><figure class=\"tiled-gallery__item\"><img decoding=\"async\" srcset=\"https:\/\/i2.wp.com\/passerelle2.ac-nantes.fr\/matisse\/wp-content\/uploads\/sites\/311\/2024\/02\/DSCN9621.jpg?strip=info&#038;w=450&#038;ssl=1 450w\" alt=\"\" data-height=\"600\" data-id=\"8355\" data-link=\"https:\/\/passerelle2.ac-nantes.fr\/matisse\/les-maternelles\/annee-2023-2024\/dates-et-animations\/14-fevrier-deguise\/dscn9621\/\" data-url=\"https:\/\/passerelle2.ac-nantes.fr\/matisse\/wp-content\/uploads\/sites\/311\/2024\/02\/DSCN9621.jpg\" data-width=\"450\" src=\"https:\/\/i2.wp.com\/passerelle2.ac-nantes.fr\/matisse\/wp-content\/uploads\/sites\/311\/2024\/02\/DSCN9621.jpg?ssl=1\" data-amp-layout=\"responsive\"\/><\/figure><\/div><div class=\"tiled-gallery__col\" style=\"flex-basis:50.00000%\"><figure class=\"tiled-gallery__item\"><img decoding=\"async\" srcset=\"https:\/\/i2.wp.com\/passerelle2.ac-nantes.fr\/matisse\/wp-content\/uploads\/sites\/311\/2024\/02\/DSCN9630.jpg?strip=info&#038;w=450&#038;ssl=1 450w\" alt=\"\" data-height=\"600\" data-id=\"8356\" data-link=\"https:\/\/passerelle2.ac-nantes.fr\/matisse\/les-maternelles\/annee-2023-2024\/dates-et-animations\/14-fevrier-deguise\/dscn9630\/\" data-url=\"https:\/\/passerelle2.ac-nantes.fr\/matisse\/wp-content\/uploads\/sites\/311\/2024\/02\/DSCN9630.jpg\" data-width=\"450\" src=\"https:\/\/i2.wp.com\/passerelle2.ac-nantes.fr\/matisse\/wp-content\/uploads\/sites\/311\/2024\/02\/DSCN9630.jpg?ssl=1\" data-amp-layout=\"responsive\"\/><\/figure><\/div><\/div><div class=\"tiled-gallery__row\"><div class=\"tiled-gallery__col\" style=\"flex-basis:33.33333%\"><figure class=\"tiled-gallery__item\"><img decoding=\"async\" srcset=\"https:\/\/i2.wp.com\/passerelle2.ac-nantes.fr\/matisse\/wp-content\/uploads\/sites\/311\/2024\/02\/DSCN9635.jpg?strip=info&#038;w=450&#038;ssl=1 450w\" alt=\"\" data-height=\"600\" data-id=\"8357\" data-link=\"https:\/\/passerelle2.ac-nantes.fr\/matisse\/les-maternelles\/annee-2023-2024\/dates-et-animations\/14-fevrier-deguise\/dscn9635\/\" data-url=\"https:\/\/passerelle2.ac-nantes.fr\/matisse\/wp-content\/uploads\/sites\/311\/2024\/02\/DSCN9635.jpg\" data-width=\"450\" src=\"https:\/\/i2.wp.com\/passerelle2.ac-nantes.fr\/matisse\/wp-content\/uploads\/sites\/311\/2024\/02\/DSCN9635.jpg?ssl=1\" data-amp-layout=\"responsive\"\/><\/figure><\/div><div class=\"tiled-gallery__col\" style=\"flex-basis:33.33333%\"><figure class=\"tiled-gallery__item\"><img decoding=\"async\" srcset=\"https:\/\/i0.wp.com\/passerelle2.ac-nantes.fr\/matisse\/wp-content\/uploads\/sites\/311\/2024\/02\/DSCN9636.jpg?strip=info&#038;w=450&#038;ssl=1 450w\" alt=\"\" data-height=\"600\" data-id=\"8358\" data-link=\"https:\/\/passerelle2.ac-nantes.fr\/matisse\/les-maternelles\/annee-2023-2024\/dates-et-animations\/14-fevrier-deguise\/dscn9636\/\" data-url=\"https:\/\/passerelle2.ac-nantes.fr\/matisse\/wp-content\/uploads\/sites\/311\/2024\/02\/DSCN9636.jpg\" data-width=\"450\" src=\"https:\/\/i0.wp.com\/passerelle2.ac-nantes.fr\/matisse\/wp-content\/uploads\/sites\/311\/2024\/02\/DSCN9636.jpg?ssl=1\" data-amp-layout=\"responsive\"\/><\/figure><\/div><div class=\"tiled-gallery__col\" style=\"flex-basis:33.33333%\"><figure class=\"tiled-gallery__item\"><img decoding=\"async\" srcset=\"https:\/\/i2.wp.com\/passerelle2.ac-nantes.fr\/matisse\/wp-content\/uploads\/sites\/311\/2024\/02\/DSCN9637.jpg?strip=info&#038;w=450&#038;ssl=1 450w\" alt=\"\" data-height=\"600\" data-id=\"8359\" data-link=\"https:\/\/passerelle2.ac-nantes.fr\/matisse\/les-maternelles\/annee-2023-2024\/dates-et-animations\/14-fevrier-deguise\/dscn9637\/\" data-url=\"https:\/\/passerelle2.ac-nantes.fr\/matisse\/wp-content\/uploads\/sites\/311\/2024\/02\/DSCN9637.jpg\" data-width=\"450\" src=\"https:\/\/i2.wp.com\/passerelle2.ac-nantes.fr\/matisse\/wp-content\/uploads\/sites\/311\/2024\/02\/DSCN9637.jpg?ssl=1\" data-amp-layout=\"responsive\"\/><\/figure><\/div><\/div><\/div><\/div>\n\n\n\n<div class=\"wp-block-jetpack-tiled-gallery aligncenter is-style-rectangular\"><div class=\"tiled-gallery__gallery\"><div class=\"tiled-gallery__row\"><div class=\"tiled-gallery__col\" style=\"flex-basis:25.00000%\"><figure class=\"tiled-gallery__item\"><img decoding=\"async\" srcset=\"https:\/\/i2.wp.com\/passerelle2.ac-nantes.fr\/matisse\/wp-content\/uploads\/sites\/311\/2024\/02\/DSCN9622.jpg?strip=info&#038;w=450&#038;ssl=1 450w\" alt=\"\" data-height=\"600\" data-id=\"8360\" data-link=\"https:\/\/passerelle2.ac-nantes.fr\/matisse\/les-maternelles\/annee-2023-2024\/dates-et-animations\/14-fevrier-deguise\/dscn9622\/\" data-url=\"https:\/\/passerelle2.ac-nantes.fr\/matisse\/wp-content\/uploads\/sites\/311\/2024\/02\/DSCN9622.jpg\" data-width=\"450\" src=\"https:\/\/i2.wp.com\/passerelle2.ac-nantes.fr\/matisse\/wp-content\/uploads\/sites\/311\/2024\/02\/DSCN9622.jpg?ssl=1\" data-amp-layout=\"responsive\"\/><\/figure><\/div><div class=\"tiled-gallery__col\" style=\"flex-basis:25.00000%\"><figure class=\"tiled-gallery__item\"><img decoding=\"async\" srcset=\"https:\/\/i0.wp.com\/passerelle2.ac-nantes.fr\/matisse\/wp-content\/uploads\/sites\/311\/2024\/02\/DSCN9625.jpg?strip=info&#038;w=450&#038;ssl=1 450w\" alt=\"\" data-height=\"600\" data-id=\"8361\" data-link=\"https:\/\/passerelle2.ac-nantes.fr\/matisse\/les-maternelles\/annee-2023-2024\/dates-et-animations\/14-fevrier-deguise\/dscn9625\/\" data-url=\"https:\/\/passerelle2.ac-nantes.fr\/matisse\/wp-content\/uploads\/sites\/311\/2024\/02\/DSCN9625.jpg\" data-width=\"450\" src=\"https:\/\/i0.wp.com\/passerelle2.ac-nantes.fr\/matisse\/wp-content\/uploads\/sites\/311\/2024\/02\/DSCN9625.jpg?ssl=1\" data-amp-layout=\"responsive\"\/><\/figure><\/div><div class=\"tiled-gallery__col\" style=\"flex-basis:25.00000%\"><figure class=\"tiled-gallery__item\"><img decoding=\"async\" srcset=\"https:\/\/i1.wp.com\/passerelle2.ac-nantes.fr\/matisse\/wp-content\/uploads\/sites\/311\/2024\/02\/DSCN9626.jpg?strip=info&#038;w=450&#038;ssl=1 450w\" alt=\"\" data-height=\"600\" data-id=\"8362\" data-link=\"https:\/\/passerelle2.ac-nantes.fr\/matisse\/les-maternelles\/annee-2023-2024\/dates-et-animations\/14-fevrier-deguise\/dscn9626\/\" data-url=\"https:\/\/passerelle2.ac-nantes.fr\/matisse\/wp-content\/uploads\/sites\/311\/2024\/02\/DSCN9626.jpg\" data-width=\"450\" src=\"https:\/\/i1.wp.com\/passerelle2.ac-nantes.fr\/matisse\/wp-content\/uploads\/sites\/311\/2024\/02\/DSCN9626.jpg?ssl=1\" data-amp-layout=\"responsive\"\/><\/figure><\/div><div class=\"tiled-gallery__col\" style=\"flex-basis:25.00000%\"><figure class=\"tiled-gallery__item\"><img decoding=\"async\" srcset=\"https:\/\/i2.wp.com\/passerelle2.ac-nantes.fr\/matisse\/wp-content\/uploads\/sites\/311\/2024\/02\/DSCN9627.jpg?strip=info&#038;w=450&#038;ssl=1 450w\" alt=\"\" data-height=\"600\" data-id=\"8363\" data-link=\"https:\/\/passerelle2.ac-nantes.fr\/matisse\/les-maternelles\/annee-2023-2024\/dates-et-animations\/14-fevrier-deguise\/dscn9627\/\" data-url=\"https:\/\/passerelle2.ac-nantes.fr\/matisse\/wp-content\/uploads\/sites\/311\/2024\/02\/DSCN9627.jpg\" data-width=\"450\" src=\"https:\/\/i2.wp.com\/passerelle2.ac-nantes.fr\/matisse\/wp-content\/uploads\/sites\/311\/2024\/02\/DSCN9627.jpg?ssl=1\" data-amp-layout=\"responsive\"\/><\/figure><\/div><\/div><div class=\"tiled-gallery__row\"><div class=\"tiled-gallery__col\" style=\"flex-basis:33.33333%\"><figure class=\"tiled-gallery__item\"><img decoding=\"async\" srcset=\"https:\/\/i1.wp.com\/passerelle2.ac-nantes.fr\/matisse\/wp-content\/uploads\/sites\/311\/2024\/02\/DSCN9628.jpg?strip=info&#038;w=450&#038;ssl=1 450w\" alt=\"\" data-height=\"600\" data-id=\"8364\" data-link=\"https:\/\/passerelle2.ac-nantes.fr\/matisse\/les-maternelles\/annee-2023-2024\/dates-et-animations\/14-fevrier-deguise\/dscn9628\/\" data-url=\"https:\/\/passerelle2.ac-nantes.fr\/matisse\/wp-content\/uploads\/sites\/311\/2024\/02\/DSCN9628.jpg\" data-width=\"450\" src=\"https:\/\/i1.wp.com\/passerelle2.ac-nantes.fr\/matisse\/wp-content\/uploads\/sites\/311\/2024\/02\/DSCN9628.jpg?ssl=1\" data-amp-layout=\"responsive\"\/><\/figure><\/div><div class=\"tiled-gallery__col\" style=\"flex-basis:33.33333%\"><figure class=\"tiled-gallery__item\"><img decoding=\"async\" srcset=\"https:\/\/i1.wp.com\/passerelle2.ac-nantes.fr\/matisse\/wp-content\/uploads\/sites\/311\/2024\/02\/DSCN9629.jpg?strip=info&#038;w=450&#038;ssl=1 450w\" alt=\"\" data-height=\"600\" data-id=\"8365\" data-link=\"https:\/\/passerelle2.ac-nantes.fr\/matisse\/les-maternelles\/annee-2023-2024\/dates-et-animations\/14-fevrier-deguise\/dscn9629\/\" data-url=\"https:\/\/passerelle2.ac-nantes.fr\/matisse\/wp-content\/uploads\/sites\/311\/2024\/02\/DSCN9629.jpg\" data-width=\"450\" src=\"https:\/\/i1.wp.com\/passerelle2.ac-nantes.fr\/matisse\/wp-content\/uploads\/sites\/311\/2024\/02\/DSCN9629.jpg?ssl=1\" data-amp-layout=\"responsive\"\/><\/figure><\/div><div class=\"tiled-gallery__col\" style=\"flex-basis:33.33333%\"><figure class=\"tiled-gallery__item\"><img decoding=\"async\" srcset=\"https:\/\/i2.wp.com\/passerelle2.ac-nantes.fr\/matisse\/wp-content\/uploads\/sites\/311\/2024\/02\/DSCN9631.jpg?strip=info&#038;w=450&#038;ssl=1 450w\" alt=\"\" data-height=\"600\" data-id=\"8366\" data-link=\"https:\/\/passerelle2.ac-nantes.fr\/matisse\/les-maternelles\/annee-2023-2024\/dates-et-animations\/14-fevrier-deguise\/dscn9631\/\" data-url=\"https:\/\/passerelle2.ac-nantes.fr\/matisse\/wp-content\/uploads\/sites\/311\/2024\/02\/DSCN9631.jpg\" data-width=\"450\" src=\"https:\/\/i2.wp.com\/passerelle2.ac-nantes.fr\/matisse\/wp-content\/uploads\/sites\/311\/2024\/02\/DSCN9631.jpg?ssl=1\" data-amp-layout=\"responsive\"\/><\/figure><\/div><\/div><div class=\"tiled-gallery__row\"><div class=\"tiled-gallery__col\" style=\"flex-basis:25.00000%\"><figure class=\"tiled-gallery__item\"><img decoding=\"async\" srcset=\"https:\/\/i1.wp.com\/passerelle2.ac-nantes.fr\/matisse\/wp-content\/uploads\/sites\/311\/2024\/02\/DSCN9634.jpg?strip=info&#038;w=450&#038;ssl=1 450w\" alt=\"\" data-height=\"600\" data-id=\"8367\" data-link=\"https:\/\/passerelle2.ac-nantes.fr\/matisse\/les-maternelles\/annee-2023-2024\/dates-et-animations\/14-fevrier-deguise\/dscn9634\/\" data-url=\"https:\/\/passerelle2.ac-nantes.fr\/matisse\/wp-content\/uploads\/sites\/311\/2024\/02\/DSCN9634.jpg\" data-width=\"450\" src=\"https:\/\/i1.wp.com\/passerelle2.ac-nantes.fr\/matisse\/wp-content\/uploads\/sites\/311\/2024\/02\/DSCN9634.jpg?ssl=1\" data-amp-layout=\"responsive\"\/><\/figure><\/div><div class=\"tiled-gallery__col\" style=\"flex-basis:25.00000%\"><figure class=\"tiled-gallery__item\"><img decoding=\"async\" srcset=\"https:\/\/i1.wp.com\/passerelle2.ac-nantes.fr\/matisse\/wp-content\/uploads\/sites\/311\/2024\/02\/DSCN9639.jpg?strip=info&#038;w=450&#038;ssl=1 450w\" alt=\"\" data-height=\"600\" data-id=\"8368\" data-link=\"https:\/\/passerelle2.ac-nantes.fr\/matisse\/les-maternelles\/annee-2023-2024\/dates-et-animations\/14-fevrier-deguise\/dscn9639-2\/\" data-url=\"https:\/\/passerelle2.ac-nantes.fr\/matisse\/wp-content\/uploads\/sites\/311\/2024\/02\/DSCN9639.jpg\" data-width=\"450\" src=\"https:\/\/i1.wp.com\/passerelle2.ac-nantes.fr\/matisse\/wp-content\/uploads\/sites\/311\/2024\/02\/DSCN9639.jpg?ssl=1\" data-amp-layout=\"responsive\"\/><\/figure><\/div><div class=\"tiled-gallery__col\" style=\"flex-basis:25.00000%\"><figure class=\"tiled-gallery__item\"><img decoding=\"async\" srcset=\"https:\/\/i0.wp.com\/passerelle2.ac-nantes.fr\/matisse\/wp-content\/uploads\/sites\/311\/2024\/02\/DSCN9640.jpg?strip=info&#038;w=450&#038;ssl=1 450w\" alt=\"\" data-height=\"600\" data-id=\"8369\" data-link=\"https:\/\/passerelle2.ac-nantes.fr\/matisse\/les-maternelles\/annee-2023-2024\/dates-et-animations\/14-fevrier-deguise\/dscn9640\/\" data-url=\"https:\/\/passerelle2.ac-nantes.fr\/matisse\/wp-content\/uploads\/sites\/311\/2024\/02\/DSCN9640.jpg\" data-width=\"450\" src=\"https:\/\/i0.wp.com\/passerelle2.ac-nantes.fr\/matisse\/wp-content\/uploads\/sites\/311\/2024\/02\/DSCN9640.jpg?ssl=1\" data-amp-layout=\"responsive\"\/><\/figure><\/div><div class=\"tiled-gallery__col\" style=\"flex-basis:25.00000%\"><figure class=\"tiled-gallery__item\"><img decoding=\"async\" srcset=\"https:\/\/i2.wp.com\/passerelle2.ac-nantes.fr\/matisse\/wp-content\/uploads\/sites\/311\/2024\/02\/DSCN9641.jpg?strip=info&#038;w=450&#038;ssl=1 450w\" alt=\"\" data-height=\"600\" data-id=\"8370\" data-link=\"https:\/\/passerelle2.ac-nantes.fr\/matisse\/les-maternelles\/annee-2023-2024\/dates-et-animations\/14-fevrier-deguise\/dscn9641\/\" data-url=\"https:\/\/passerelle2.ac-nantes.fr\/matisse\/wp-content\/uploads\/sites\/311\/2024\/02\/DSCN9641.jpg\" data-width=\"450\" src=\"https:\/\/i2.wp.com\/passerelle2.ac-nantes.fr\/matisse\/wp-content\/uploads\/sites\/311\/2024\/02\/DSCN9641.jpg?ssl=1\" data-amp-layout=\"responsive\"\/><\/figure><\/div><\/div><div class=\"tiled-gallery__row\"><div class=\"tiled-gallery__col\" style=\"flex-basis:25.00000%\"><figure class=\"tiled-gallery__item\"><img decoding=\"async\" srcset=\"https:\/\/i0.wp.com\/passerelle2.ac-nantes.fr\/matisse\/wp-content\/uploads\/sites\/311\/2024\/02\/DSCN9642.jpg?strip=info&#038;w=450&#038;ssl=1 450w\" alt=\"\" data-height=\"600\" data-id=\"8371\" data-link=\"https:\/\/passerelle2.ac-nantes.fr\/matisse\/les-maternelles\/annee-2023-2024\/dates-et-animations\/14-fevrier-deguise\/dscn9642\/\" data-url=\"https:\/\/passerelle2.ac-nantes.fr\/matisse\/wp-content\/uploads\/sites\/311\/2024\/02\/DSCN9642.jpg\" data-width=\"450\" src=\"https:\/\/i0.wp.com\/passerelle2.ac-nantes.fr\/matisse\/wp-content\/uploads\/sites\/311\/2024\/02\/DSCN9642.jpg?ssl=1\" data-amp-layout=\"responsive\"\/><\/figure><\/div><div class=\"tiled-gallery__col\" style=\"flex-basis:25.00000%\"><figure class=\"tiled-gallery__item\"><img decoding=\"async\" srcset=\"https:\/\/i1.wp.com\/passerelle2.ac-nantes.fr\/matisse\/wp-content\/uploads\/sites\/311\/2024\/02\/DSCN9644.jpg?strip=info&#038;w=450&#038;ssl=1 450w\" alt=\"\" data-height=\"600\" data-id=\"8372\" data-link=\"https:\/\/passerelle2.ac-nantes.fr\/matisse\/les-maternelles\/annee-2023-2024\/dates-et-animations\/14-fevrier-deguise\/dscn9644\/\" data-url=\"https:\/\/passerelle2.ac-nantes.fr\/matisse\/wp-content\/uploads\/sites\/311\/2024\/02\/DSCN9644.jpg\" data-width=\"450\" src=\"https:\/\/i1.wp.com\/passerelle2.ac-nantes.fr\/matisse\/wp-content\/uploads\/sites\/311\/2024\/02\/DSCN9644.jpg?ssl=1\" data-amp-layout=\"responsive\"\/><\/figure><\/div><div class=\"tiled-gallery__col\" style=\"flex-basis:25.00000%\"><figure class=\"tiled-gallery__item\"><img decoding=\"async\" srcset=\"https:\/\/i1.wp.com\/passerelle2.ac-nantes.fr\/matisse\/wp-content\/uploads\/sites\/311\/2024\/02\/DSCN9646.jpg?strip=info&#038;w=450&#038;ssl=1 450w\" alt=\"\" data-height=\"600\" data-id=\"8373\" data-link=\"https:\/\/passerelle2.ac-nantes.fr\/matisse\/les-maternelles\/annee-2023-2024\/dates-et-animations\/14-fevrier-deguise\/dscn9646\/\" data-url=\"https:\/\/passerelle2.ac-nantes.fr\/matisse\/wp-content\/uploads\/sites\/311\/2024\/02\/DSCN9646.jpg\" data-width=\"450\" src=\"https:\/\/i1.wp.com\/passerelle2.ac-nantes.fr\/matisse\/wp-content\/uploads\/sites\/311\/2024\/02\/DSCN9646.jpg?ssl=1\" data-amp-layout=\"responsive\"\/><\/figure><\/div><div class=\"tiled-gallery__col\" style=\"flex-basis:25.00000%\"><figure class=\"tiled-gallery__item\"><img decoding=\"async\" srcset=\"https:\/\/i1.wp.com\/passerelle2.ac-nantes.fr\/matisse\/wp-content\/uploads\/sites\/311\/2024\/02\/DSCN9647.jpg?strip=info&#038;w=450&#038;ssl=1 450w\" alt=\"\" data-height=\"600\" data-id=\"8374\" data-link=\"https:\/\/passerelle2.ac-nantes.fr\/matisse\/les-maternelles\/annee-2023-2024\/dates-et-animations\/14-fevrier-deguise\/dscn9647-2\/\" data-url=\"https:\/\/passerelle2.ac-nantes.fr\/matisse\/wp-content\/uploads\/sites\/311\/2024\/02\/DSCN9647.jpg\" data-width=\"450\" src=\"https:\/\/i1.wp.com\/passerelle2.ac-nantes.fr\/matisse\/wp-content\/uploads\/sites\/311\/2024\/02\/DSCN9647.jpg?ssl=1\" data-amp-layout=\"responsive\"\/><\/figure><\/div><\/div><\/div><\/div>\n","protected":false},"excerpt":{"rendered":"<p>INFORMATION Mercredi 14 f\u00e9vrier, nous proposons aux enfants de venir d\u00e9guis\u00e9s \u00e0 l\u2019\u00e9cole et ce pour toute la matin\u00e9e&nbsp;! L\u2018id\u00e9e est de s amuser \u00e0 \u00eatre diff\u00e9rent pour une demie journ\u00e9e, sans aucun jugement&nbsp;!! L\u2019id\u00e9e aussi est de ne rien &hellip; <a href=\"https:\/\/passerelle2.ac-nantes.fr\/matisse\/les-maternelles\/annee-2023-2024\/dates-et-animations\/14-fevrier-deguise\/\">Continuer la lecture <span class=\"meta-nav\">&rarr;<\/span><\/a><\/p>\n","protected":false},"author":5554,"featured_media":0,"parent":7971,"menu_order":0,"comment_status":"closed","ping_status":"closed","template":"","meta":{"ngg_post_thumbnail":0,"h5ap_radio_sources":[],"jetpack_post_was_ever_published":false,"footnotes":""},"folder":[],"class_list":["post-8338","page","type-page","status-publish","hentry"],"jetpack_sharing_enabled":true,"jetpack_shortlink":"https:\/\/wp.me\/P8Njks-2au","_links":{"self":[{"href":"https:\/\/passerelle2.ac-nantes.fr\/matisse\/wp-json\/wp\/v2\/pages\/8338","targetHints":{"allow":["GET"]}}],"collection":[{"href":"https:\/\/passerelle2.ac-nantes.fr\/matisse\/wp-json\/wp\/v2\/pages"}],"about":[{"href":"https:\/\/passerelle2.ac-nantes.fr\/matisse\/wp-json\/wp\/v2\/types\/page"}],"author":[{"embeddable":true,"href":"https:\/\/passerelle2.ac-nantes.fr\/matisse\/wp-json\/wp\/v2\/users\/5554"}],"replies":[{"embeddable":true,"href":"https:\/\/passerelle2.ac-nantes.fr\/matisse\/wp-json\/wp\/v2\/comments?post=8338"}],"version-history":[{"count":0,"href":"https:\/\/passerelle2.ac-nantes.fr\/matisse\/wp-json\/wp\/v2\/pages\/8338\/revisions"}],"up":[{"embeddable":true,"href":"https:\/\/passerelle2.ac-nantes.fr\/matisse\/wp-json\/wp\/v2\/pages\/7971"}],"wp:attachment":[{"href":"https:\/\/passerelle2.ac-nantes.fr\/matisse\/wp-json\/wp\/v2\/media?parent=8338"}],"wp:term":[{"taxonomy":"folder","embeddable":true,"href":"https:\/\/passerelle2.ac-nantes.fr\/matisse\/wp-json\/wp\/v2\/folder?post=8338"}],"curies":[{"name":"wp","href":"https:\/\/api.w.org\/{rel}","templated":true}]}}