
{"id":8393,"date":"2024-03-21T13:03:13","date_gmt":"2024-03-21T12:03:13","guid":{"rendered":"https:\/\/passerelle2.ac-nantes.fr\/matisse\/?page_id=8393"},"modified":"2024-03-21T13:13:21","modified_gmt":"2024-03-21T12:13:21","slug":"3-4-2024-photographe-scolaire","status":"publish","type":"page","link":"https:\/\/passerelle2.ac-nantes.fr\/matisse\/les-maternelles\/annee-2023-2024\/dates-et-animations\/3-4-2024-photographe-scolaire\/","title":{"rendered":"3\/4\/2024: photographe scolaire!"},"content":{"rendered":"\n<p>pour information le photographe scolaire sera pr\u00e9sent dans l&rsquo;\u00e9cole le mercredi 3 avril.<\/p>\n\n\n\n<p>Si des familles souhaitent faire une photo avec un petit fr\u00e8re ou une petite soeur non encore<\/p>\n\n\n\n<p>scolaris\u00e9, cela est possible d\u00e8s 8h30, merci de nous le signaler.<\/p>\n\n\n\n<p>Pour les porteurs de lunettes, dites bien \u00e0 votre enfant si vous pr\u00e9f\u00e9rez la photo avec ou sans lunettes !!<\/p>\n\n\n\n<p>Merci.<\/p>\n\n\n\n<p>L&rsquo;\u00e9quipe enseignante<\/p>\n","protected":false},"excerpt":{"rendered":"<p>pour information le photographe scolaire sera pr\u00e9sent dans l&rsquo;\u00e9cole le mercredi 3 avril. Si des familles souhaitent faire une photo avec un petit fr\u00e8re ou une petite soeur non encore scolaris\u00e9, cela est possible d\u00e8s 8h30, merci de nous le &hellip; <a href=\"https:\/\/passerelle2.ac-nantes.fr\/matisse\/les-maternelles\/annee-2023-2024\/dates-et-animations\/3-4-2024-photographe-scolaire\/\">Continuer la lecture <span class=\"meta-nav\">&rarr;<\/span><\/a><\/p>\n","protected":false},"author":5554,"featured_media":0,"parent":7971,"menu_order":0,"comment_status":"closed","ping_status":"closed","template":"","meta":{"ngg_post_thumbnail":0,"h5ap_radio_sources":[],"jetpack_post_was_ever_published":false,"footnotes":""},"folder":[],"class_list":["post-8393","page","type-page","status-publish","hentry"],"jetpack_sharing_enabled":true,"jetpack_shortlink":"https:\/\/wp.me\/P8Njks-2bn","_links":{"self":[{"href":"https:\/\/passerelle2.ac-nantes.fr\/matisse\/wp-json\/wp\/v2\/pages\/8393","targetHints":{"allow":["GET"]}}],"collection":[{"href":"https:\/\/passerelle2.ac-nantes.fr\/matisse\/wp-json\/wp\/v2\/pages"}],"about":[{"href":"https:\/\/passerelle2.ac-nantes.fr\/matisse\/wp-json\/wp\/v2\/types\/page"}],"author":[{"embeddable":true,"href":"https:\/\/passerelle2.ac-nantes.fr\/matisse\/wp-json\/wp\/v2\/users\/5554"}],"replies":[{"embeddable":true,"href":"https:\/\/passerelle2.ac-nantes.fr\/matisse\/wp-json\/wp\/v2\/comments?post=8393"}],"version-history":[{"count":0,"href":"https:\/\/passerelle2.ac-nantes.fr\/matisse\/wp-json\/wp\/v2\/pages\/8393\/revisions"}],"up":[{"embeddable":true,"href":"https:\/\/passerelle2.ac-nantes.fr\/matisse\/wp-json\/wp\/v2\/pages\/7971"}],"wp:attachment":[{"href":"https:\/\/passerelle2.ac-nantes.fr\/matisse\/wp-json\/wp\/v2\/media?parent=8393"}],"wp:term":[{"taxonomy":"folder","embeddable":true,"href":"https:\/\/passerelle2.ac-nantes.fr\/matisse\/wp-json\/wp\/v2\/folder?post=8393"}],"curies":[{"name":"wp","href":"https:\/\/api.w.org\/{rel}","templated":true}]}}