
{"id":8458,"date":"2024-05-21T12:59:46","date_gmt":"2024-05-21T10:59:46","guid":{"rendered":"https:\/\/passerelle2.ac-nantes.fr\/matisse\/?page_id=8458"},"modified":"2024-05-31T08:38:53","modified_gmt":"2024-05-31T06:38:53","slug":"sortie-au-zoo-de-la-fleche-le-2-6-24","status":"publish","type":"page","link":"https:\/\/passerelle2.ac-nantes.fr\/matisse\/les-maternelles\/annee-2023-2024\/dates-et-animations\/sortie-au-zoo-de-la-fleche-le-2-6-24\/","title":{"rendered":"sortie au zoo de la fl\u00e8che le 3\/6\/24"},"content":{"rendered":"\n<p><strong>Information<\/strong><\/p>\n\n\n\n<p>le lundi 3 juin nous irons en car visiter le zoo de La Fl\u00e8che&nbsp;! <strong>ATTENTION<\/strong> les horaires seront chang\u00e9s avec <strong>un d\u00e9part \u00e0 <\/strong><strong>8h<\/strong><strong> et un retour \u00e0 19h<\/strong>&nbsp;! je vous remercie de ne pas \u00eatre en retard et d avoir bien fait passer vos enfants aux toilettes avant&nbsp;! Nous remercions l\u2019APE qui finance le transport ET les entr\u00e9es du zoo pour toute l\u2019\u00e9cole&nbsp;! Voici ce que votre enfant devra avoir OBLIGATOIREMENT pour ce jour&nbsp;:<\/p>\n\n\n\n<p>&#8211; <strong>un sac \u00e0 dos \u00e0 bretelles<\/strong><\/p>\n\n\n\n<p><strong>&#8211; des baskets \u00e0 ses pieds<\/strong><\/p>\n\n\n\n<p><strong>&#8211; un pique nique pour le midi (sans soda ni bonbons)<\/strong><\/p>\n\n\n\n<p><strong>&#8211; un go\u00fbter<\/strong><\/p>\n\n\n\n<p><strong>&#8211; de l\u2019eau en bouteille ou gourde (on la remplira si elle est vide en cours de journ\u00e9e)<\/strong><\/p>\n\n\n\n<p><strong>&#8211; un v\u00eatement imperm\u00e9able<\/strong><\/p>\n\n\n\n<p><strong>&#8211; un chapeau<\/strong><\/p>\n","protected":false},"excerpt":{"rendered":"<p>Information le lundi 3 juin nous irons en car visiter le zoo de La Fl\u00e8che&nbsp;! ATTENTION les horaires seront chang\u00e9s avec un d\u00e9part \u00e0 8h et un retour \u00e0 19h&nbsp;! je vous remercie de ne pas \u00eatre en retard et &hellip; <a href=\"https:\/\/passerelle2.ac-nantes.fr\/matisse\/les-maternelles\/annee-2023-2024\/dates-et-animations\/sortie-au-zoo-de-la-fleche-le-2-6-24\/\">Continuer la lecture <span class=\"meta-nav\">&rarr;<\/span><\/a><\/p>\n","protected":false},"author":5554,"featured_media":0,"parent":7971,"menu_order":0,"comment_status":"closed","ping_status":"closed","template":"","meta":{"ngg_post_thumbnail":0,"h5ap_radio_sources":[],"jetpack_post_was_ever_published":false,"footnotes":""},"folder":[],"class_list":["post-8458","page","type-page","status-publish","hentry"],"jetpack_sharing_enabled":true,"jetpack_shortlink":"https:\/\/wp.me\/P8Njks-2cq","_links":{"self":[{"href":"https:\/\/passerelle2.ac-nantes.fr\/matisse\/wp-json\/wp\/v2\/pages\/8458","targetHints":{"allow":["GET"]}}],"collection":[{"href":"https:\/\/passerelle2.ac-nantes.fr\/matisse\/wp-json\/wp\/v2\/pages"}],"about":[{"href":"https:\/\/passerelle2.ac-nantes.fr\/matisse\/wp-json\/wp\/v2\/types\/page"}],"author":[{"embeddable":true,"href":"https:\/\/passerelle2.ac-nantes.fr\/matisse\/wp-json\/wp\/v2\/users\/5554"}],"replies":[{"embeddable":true,"href":"https:\/\/passerelle2.ac-nantes.fr\/matisse\/wp-json\/wp\/v2\/comments?post=8458"}],"version-history":[{"count":0,"href":"https:\/\/passerelle2.ac-nantes.fr\/matisse\/wp-json\/wp\/v2\/pages\/8458\/revisions"}],"up":[{"embeddable":true,"href":"https:\/\/passerelle2.ac-nantes.fr\/matisse\/wp-json\/wp\/v2\/pages\/7971"}],"wp:attachment":[{"href":"https:\/\/passerelle2.ac-nantes.fr\/matisse\/wp-json\/wp\/v2\/media?parent=8458"}],"wp:term":[{"taxonomy":"folder","embeddable":true,"href":"https:\/\/passerelle2.ac-nantes.fr\/matisse\/wp-json\/wp\/v2\/folder?post=8458"}],"curies":[{"name":"wp","href":"https:\/\/api.w.org\/{rel}","templated":true}]}}