
{"id":8544,"date":"2024-07-04T18:04:12","date_gmt":"2024-07-04T16:04:12","guid":{"rendered":"https:\/\/passerelle2.ac-nantes.fr\/matisse\/?page_id=8544"},"modified":"2024-07-04T18:09:10","modified_gmt":"2024-07-04T16:09:10","slug":"livret-methodologique-etre-eleve","status":"publish","type":"page","link":"https:\/\/passerelle2.ac-nantes.fr\/matisse\/les-maternelles\/annee-2024-2025\/informations-pratiques\/livret-methodologique-etre-eleve\/","title":{"rendered":"LIVRET METHODOLOGIQUE \u00ab\u00a0\u00caTRE ELEVE\u00a0\u00bb"},"content":{"rendered":"\n<h1 class=\"wp-block-heading\">livret m\u00e9thodologique \u00ab&nbsp;\u00eatre \u00e9l\u00e8ve&nbsp;\u00bb<\/h1>\n\n\n\n<p><object data=\"https:\/\/passerelle2.ac-nantes.fr\/matisse\/wp-content\/uploads\/sites\/311\/2022\/09\/livret-numerique2.pdf\" type=\"application\/pdf\"><\/object><a href=\"https:\/\/passerelle2.ac-nantes.fr\/matisse\/wp-content\/uploads\/sites\/311\/2022\/09\/livret-numerique2.pdf\">livret-numerique2<\/a><a href=\"https:\/\/passerelle2.ac-nantes.fr\/matisse\/wp-content\/uploads\/sites\/311\/2022\/09\/livret-numerique2.pdf\">T\u00e9l\u00e9charger<\/a><\/p>\n","protected":false},"excerpt":{"rendered":"<p>livret m\u00e9thodologique \u00ab&nbsp;\u00eatre \u00e9l\u00e8ve&nbsp;\u00bb livret-numerique2T\u00e9l\u00e9charger<\/p>\n","protected":false},"author":5554,"featured_media":0,"parent":8534,"menu_order":0,"comment_status":"closed","ping_status":"closed","template":"","meta":{"ngg_post_thumbnail":0,"h5ap_radio_sources":[],"jetpack_post_was_ever_published":false,"footnotes":""},"folder":[],"class_list":["post-8544","page","type-page","status-publish","hentry"],"jetpack_sharing_enabled":true,"jetpack_shortlink":"https:\/\/wp.me\/P8Njks-2dO","_links":{"self":[{"href":"https:\/\/passerelle2.ac-nantes.fr\/matisse\/wp-json\/wp\/v2\/pages\/8544","targetHints":{"allow":["GET"]}}],"collection":[{"href":"https:\/\/passerelle2.ac-nantes.fr\/matisse\/wp-json\/wp\/v2\/pages"}],"about":[{"href":"https:\/\/passerelle2.ac-nantes.fr\/matisse\/wp-json\/wp\/v2\/types\/page"}],"author":[{"embeddable":true,"href":"https:\/\/passerelle2.ac-nantes.fr\/matisse\/wp-json\/wp\/v2\/users\/5554"}],"replies":[{"embeddable":true,"href":"https:\/\/passerelle2.ac-nantes.fr\/matisse\/wp-json\/wp\/v2\/comments?post=8544"}],"version-history":[{"count":0,"href":"https:\/\/passerelle2.ac-nantes.fr\/matisse\/wp-json\/wp\/v2\/pages\/8544\/revisions"}],"up":[{"embeddable":true,"href":"https:\/\/passerelle2.ac-nantes.fr\/matisse\/wp-json\/wp\/v2\/pages\/8534"}],"wp:attachment":[{"href":"https:\/\/passerelle2.ac-nantes.fr\/matisse\/wp-json\/wp\/v2\/media?parent=8544"}],"wp:term":[{"taxonomy":"folder","embeddable":true,"href":"https:\/\/passerelle2.ac-nantes.fr\/matisse\/wp-json\/wp\/v2\/folder?post=8544"}],"curies":[{"name":"wp","href":"https:\/\/api.w.org\/{rel}","templated":true}]}}