
{"id":8549,"date":"2024-07-04T18:13:18","date_gmt":"2024-07-04T16:13:18","guid":{"rendered":"https:\/\/passerelle2.ac-nantes.fr\/matisse\/?page_id=8549"},"modified":"2024-07-04T18:14:52","modified_gmt":"2024-07-04T16:14:52","slug":"les-attendus-de-la-classe","status":"publish","type":"page","link":"https:\/\/passerelle2.ac-nantes.fr\/matisse\/les-maternelles\/annee-2024-2025\/informations-pratiques\/les-attendus-de-la-classe\/","title":{"rendered":"LES ATTENDUS DE LA CLASSE"},"content":{"rendered":"\n<h1 class=\"wp-block-heading\">les attendus de la classe\u2026<\/h1>\n\n\n\n<p><strong>Afin de vous permettre de mieux comprendre la vie scolaire de votre enfant, je vous r\u00e9sume ce que je demande r\u00e9guli\u00e8rement aux \u00e9l\u00e8ves en classe&nbsp;(avec une demande plus \u00e9lev\u00e9e pour les GS bien s\u00fbr):<\/strong><\/p>\n\n\n\n<ul class=\"wp-block-list\">\n<li>\u00eatre poli<\/li>\n\n\n\n<li>Bien \u00e9couter (m\u00eame en grand groupe)<\/li>\n\n\n\n<li>Participer<\/li>\n\n\n\n<li>Toujours essayer de faire l\u2019activit\u00e9, m\u00eame si c\u2019est difficile&nbsp;! on a le droit de se tromper, de faire des erreurs, de se corriger et on finira par y arriver&nbsp;! (mais si on attend sans rien faire \u00e7a ne sert \u00e0 rien&nbsp;!)<\/li>\n\n\n\n<li>Ne pas copier sans r\u00e9fl\u00e9chir soi m\u00eame<\/li>\n\n\n\n<li>Demander de l\u2019aide si besoin, dire si on ne comprend pas<\/li>\n\n\n\n<li>Aider ses camarades si c\u2019est n\u00e9cessaire, \u00eatre une \u00e9quipe bienveillante<\/li>\n\n\n\n<li>Respecter les personnes, le mat\u00e9riel et les r\u00e8gles de la classe<\/li>\n\n\n\n<li>Etre dans l\u2019effort pour faire des progr\u00e8s personnels, pour cela s\u2019entra\u00eener selon ses propres besoins.<\/li>\n\n\n\n<li>Ne pas perdre du temps en se m\u00ealant des affaires des autres hors contexte scolaire<\/li>\n\n\n\n<li>Ne pas rester sans rien faire<\/li>\n\n\n\n<li>Dire quand \u00e7a ne va pas, communiquer pour se faire comprendre, m\u00eame sur ses sentiments<\/li>\n\n\n\n<li>Bien dormir, bien manger et ne pas rester devant les \u00e9crans&nbsp;! (si possible\u2026)<\/li>\n<\/ul>\n\n\n\n<p>Merci&nbsp;! Cela vous permettra peut-\u00eatre d\u2019accompagner aussi votre enfant vers son identit\u00e9 d\u2019\u00e9l\u00e8ve.<\/p>\n\n\n\n<p>VOICI LES REGLES DECIDEES PAR TOUTE LA CLASSE:<\/p>\n\n\n\n<figure class=\"wp-block-image\"><img loading=\"lazy\" decoding=\"async\" width=\"765\" height=\"456\" src=\"https:\/\/passerelle2.ac-nantes.fr\/matisse\/wp-content\/uploads\/sites\/311\/2023\/09\/regles-e.jpg\" alt=\"\" class=\"wp-image-8037\" srcset=\"https:\/\/passerelle2.ac-nantes.fr\/matisse\/wp-content\/uploads\/sites\/311\/2023\/09\/regles-e.jpg 765w, https:\/\/passerelle2.ac-nantes.fr\/matisse\/wp-content\/uploads\/sites\/311\/2023\/09\/regles-e-300x179.jpg 300w\" sizes=\"auto, (max-width: 765px) 100vw, 765px\" \/><\/figure>\n\n\n\n<p><\/p>\n","protected":false},"excerpt":{"rendered":"<p>les attendus de la classe\u2026 Afin de vous permettre de mieux comprendre la vie scolaire de votre enfant, je vous r\u00e9sume ce que je demande r\u00e9guli\u00e8rement aux \u00e9l\u00e8ves en classe&nbsp;(avec une demande plus \u00e9lev\u00e9e pour les GS bien s\u00fbr): Merci&nbsp;! &hellip; <a href=\"https:\/\/passerelle2.ac-nantes.fr\/matisse\/les-maternelles\/annee-2024-2025\/informations-pratiques\/les-attendus-de-la-classe\/\">Continuer la lecture <span class=\"meta-nav\">&rarr;<\/span><\/a><\/p>\n","protected":false},"author":5554,"featured_media":0,"parent":8534,"menu_order":0,"comment_status":"closed","ping_status":"closed","template":"","meta":{"ngg_post_thumbnail":0,"h5ap_radio_sources":[],"jetpack_post_was_ever_published":false,"footnotes":""},"folder":[],"class_list":["post-8549","page","type-page","status-publish","hentry"],"jetpack_sharing_enabled":true,"jetpack_shortlink":"https:\/\/wp.me\/P8Njks-2dT","_links":{"self":[{"href":"https:\/\/passerelle2.ac-nantes.fr\/matisse\/wp-json\/wp\/v2\/pages\/8549","targetHints":{"allow":["GET"]}}],"collection":[{"href":"https:\/\/passerelle2.ac-nantes.fr\/matisse\/wp-json\/wp\/v2\/pages"}],"about":[{"href":"https:\/\/passerelle2.ac-nantes.fr\/matisse\/wp-json\/wp\/v2\/types\/page"}],"author":[{"embeddable":true,"href":"https:\/\/passerelle2.ac-nantes.fr\/matisse\/wp-json\/wp\/v2\/users\/5554"}],"replies":[{"embeddable":true,"href":"https:\/\/passerelle2.ac-nantes.fr\/matisse\/wp-json\/wp\/v2\/comments?post=8549"}],"version-history":[{"count":0,"href":"https:\/\/passerelle2.ac-nantes.fr\/matisse\/wp-json\/wp\/v2\/pages\/8549\/revisions"}],"up":[{"embeddable":true,"href":"https:\/\/passerelle2.ac-nantes.fr\/matisse\/wp-json\/wp\/v2\/pages\/8534"}],"wp:attachment":[{"href":"https:\/\/passerelle2.ac-nantes.fr\/matisse\/wp-json\/wp\/v2\/media?parent=8549"}],"wp:term":[{"taxonomy":"folder","embeddable":true,"href":"https:\/\/passerelle2.ac-nantes.fr\/matisse\/wp-json\/wp\/v2\/folder?post=8549"}],"curies":[{"name":"wp","href":"https:\/\/api.w.org\/{rel}","templated":true}]}}