
{"id":8587,"date":"2024-09-06T10:51:08","date_gmt":"2024-09-06T08:51:08","guid":{"rendered":"https:\/\/passerelle2.ac-nantes.fr\/matisse\/?page_id=8587"},"modified":"2025-06-26T12:35:14","modified_gmt":"2025-06-26T10:35:14","slug":"les-documentaires-animaliers","status":"publish","type":"page","link":"https:\/\/passerelle2.ac-nantes.fr\/matisse\/les-maternelles\/annee-2024-2025\/les-documentaires-animaliers\/","title":{"rendered":"les documentaires animaliers"},"content":{"rendered":"\n<p>semaine 1: le panda  <a href=\"http:\/\/(643) Le panda g\u00e9ant (documentaire) - YouTube\">http:\/\/(643) Le panda g\u00e9ant (documentaire) &#8211; YouTube<\/a><\/p>\n\n\n\n<p>semaine 2: le tatou  <a href=\"http:\/\/Le tatou (documentaire) (youtube.com)\">http:\/\/Le tatou (documentaire) (youtube.com)<\/a><\/p>\n\n\n\n<p>semaine 3: l escargot <a href=\"https:\/\/www.youtube.com\/watch?v=cnHTV5PNKIQ&amp;t=7s\">https:\/\/www.youtube.com\/watch?v=cnHTV5PNKIQ&amp;t=7s<\/a><\/p>\n\n\n\n<p>semaine 4: le loup <a href=\"https:\/\/www.youtube.com\/watch?v=l04pXSP7eQQ&amp;t=9s\">Le loup (documentaire) (youtube.com)<\/a><\/p>\n\n\n\n<p>semaine 5: le chat <a href=\"https:\/\/www.youtube.com\/watch?v=BbAtEz5eykw\">https:\/\/www.youtube.com\/watch?v=BbAtEz5eykw<\/a><\/p>\n\n\n\n<p>semaine 6: le crocodile <a href=\"https:\/\/www.youtube.com\/watch?v=RkiJmlSnLi0\">https:\/\/www.youtube.com\/watch?v=RkiJmlSnLi0<\/a><\/p>\n\n\n\n<p>semaine 7: le lapin <a href=\"http:\/\/Le lapin (documentaire) (youtube.com)\">http:\/\/Le lapin (documentaire) (youtube.com)<\/a><\/p>\n\n\n\n<p>semaine 8: la poule <a href=\"http:\/\/La poule (documentaire) (youtube.com)\">http:\/\/La poule (documentaire) (youtube.com)<\/a><\/p>\n\n\n\n<p>semaine 9: le wombat <a href=\"https:\/\/www.youtube.com\/watch?v=imul6LB71Mg&amp;t=70s\">https:\/\/www.youtube.com\/watch?v=imul6LB71Mg&amp;t=70s<\/a><\/p>\n\n\n\n<p>semaine 10: le hamster <a href=\"https:\/\/www.youtube.com\/watch?v=Jbu7_uc6l70\">Les 21 premiers jours dans la vie des hamsters.<\/a><\/p>\n\n\n\n<p>semaine 11: le cochon <a href=\"https:\/\/www.youtube.com\/watch?v=TiRDYKiz8EM\">Le cochon (documentaire) (youtube.com)<\/a><\/p>\n\n\n\n<p>semaine 12: le panda roux  <a href=\"https:\/\/www.youtube.com\/watch?v=kkRKUiuzKak\">Le panda roux (documentaire) (youtube.com)<\/a><\/p>\n\n\n\n<p>semaine 13: la loutre <a href=\"https:\/\/www.youtube.com\/watch?v=a6d6ossMTJo\">La loutre (documentaire) (youtube.com)<\/a><\/p>\n\n\n\n<p>semaine 14: l&rsquo;ours <a href=\"https:\/\/www.youtube.com\/watch?v=YKQcUXpopC8\">Livre documentaire sur l&rsquo;ours<\/a><\/p>\n\n\n\n<p>semaine 15: le canard <a href=\"http:\/\/Le canard (documentaire) (youtube.com)\">http:\/\/Le canard (documentaire) (youtube.com)<\/a><\/p>\n\n\n\n<p>semaine 16: l abeille <a href=\"https:\/\/www.youtube.com\/watch?v=x5SdEBlF0c8\">https:\/\/www.youtube.com\/watch?v=x5SdEBlF0c8<\/a><\/p>\n\n\n\n<p>semaine 17: <a href=\"http:\/\/(643) LE PETIT CHIEN ET LES CHIOTS documentaire animalier pour maternelle - YouTube\">http:\/\/(643) LE PETIT CHIEN ET LES CHIOTS documentaire animalier pour maternelle &#8211; YouTube<\/a><\/p>\n\n\n\n<p>semaine 18: <\/p>\n\n\n\n<figure class=\"wp-block-table\"><table class=\"has-fixed-layout\"><tbody><tr><td><a href=\"https:\/\/www.youtube.com\/watch?v=_rLFoUKCgOI&amp;t=75s\">CHAT &amp; CHATON documentaire animalier pour enfant de maternelle (youtube.com)<\/a><\/td><\/tr><\/tbody><\/table><\/figure>\n\n\n\n<p>semaine 19: <a href=\"https:\/\/www.youtube.com\/watch?v=JCi9aApHEFA\">https:\/\/www.youtube.com\/watch?v=JCi9aApHEFA<\/a><\/p>\n\n\n\n<p>semaine 20: <a href=\"https:\/\/www.youtube.com\/watch?v=QmuueqS5NBg\">Les dinosaures \ud83e\udd95\ud83e\udd95\ud83e\udd95 Petit documentaire pour b\u00e9b\u00e9 et enfant de maternelle<\/a><\/p>\n\n\n\n<p>semaine 21: <a href=\"https:\/\/www.youtube.com\/watch?v=oYpw0T9MAsA\">Try Asana Today I Q4VAA25 I VIDv1 I 15s I fr-FR<\/a><\/p>\n\n\n\n<p>semaine 22: <br><a href=\"https:\/\/www.youtube.com\/watch?v=E3L4uf1C_QM\">Les animaux de la ferme &#8211; leur cri, leurs petits, leur famille (youtube.com)<\/a><\/p>\n\n\n\n<p><a href=\"https:\/\/www.youtube.com\/watch?v=lJmyyaprnTU\">Les fermes d&rsquo;autrefois &#8211; le dindon &#8211; YouTube<\/a><\/p>\n\n\n\n<p>semaine 23: <a href=\"https:\/\/www.youtube.com\/watch?v=64it1SPUD30\">Le requin \ud83e\udd88 Les animaux pour enfants \ud83c\udf0a<\/a><\/p>\n\n\n\n<p>semaine 24: <a href=\"https:\/\/www.youtube.com\/watch?reload=9&amp;v=-TRwh0vPquU&amp;msockid=20e93a8e0ba611f0b366e1a1b41d9e4d\">La baleine bleue est le plus grand tous les animaux<\/a><\/p>\n\n\n\n<p>semaine 25: <a href=\"https:\/\/www.youtube.com\/watch?v=sTFrnRsnBCg\">Les vers de terre pour les enfants &#8211; Les animaux invert\u00e9br\u00e9s &#8211; Sciences naturelles pour les enfants<\/a><\/p>\n\n\n\n<p>semaine 26: <br><a href=\"https:\/\/www.youtube.com\/watch?v=NvPqcnEHVYU\">Les poissons pour enfants &#8211; Les animaux vert\u00e9br\u00e9s &#8211; Sciences naturelles pour enfant (youtube.com)<\/a><\/p>\n\n\n<p>semaine 27: <a href=\"https:\/\/www.youtube.com\/watch?v=rN3Cc__IKg0\">Les coelent\u00e9r\u00e9s &#8211; Les animaux invert\u00e9br\u00e9s &#8211; Sciences naturelles pour les enfants<\/a><\/p>\n\n\n<p>semaine 28: <a href=\"https:\/\/www.youtube.com\/watch?v=TnKK_QjlDHc\">L&rsquo;\u00e9closion d&rsquo;un oeuf de manchot<\/a><\/p>\n\n\n<p><a href=\"https:\/\/www.youtube.com\/watch?v=IcRKhidJ9N4\">Eclosion d&rsquo;un b\u00e9b\u00e9 tortue terrestre<\/a><\/p>\n\n\n<p>semaine 29: <a href=\"https:\/\/www.youtube.com\/watch?v=BcWJtSwcUs0\">Les oiseaux pour enfants &#8211; Les animaux vert\u00e9br\u00e9s &#8211; Sciences naturelles pour enfants<\/a><\/p>\n\n\n\n<p>semaine 30: <a href=\"https:\/\/www.youtube.com\/watch?v=6ncxiJ_smrI\">Les animaux aquatiques pour enfants-Vocabulaire pour les enfants<\/a><\/p>\n\n\n\n<p>semaine 31: <a href=\"https:\/\/www.youtube.com\/watch?v=Ka8N0C5eH-Y\">Les amphibiens pour enfants &#8211; Les animaux vert\u00e9br\u00e9s &#8211; Sciences naturelles pour enfants<\/a><\/p>\n\n\n\n<p>Semaine 32: <a href=\"https:\/\/www.youtube.com\/watch?v=QN4NY8yiU9Y\">Les reptiles pour enfants &#8211; Les animaux vert\u00e9br\u00e9s &#8211; Les sciences naturelles pour enfants<\/a><\/p>\n\n\n\n<p>semaine 33:  <a href=\"https:\/\/www.youtube.com\/watch?v=ikUw73YG2Ow\">Les mollusques pour les enfants &#8211; Les animaux invert\u00e9br\u00e9s &#8211; Sciences naturelles pour les enfants<\/a><\/p>\n\n\n\n<p><\/p>\n","protected":false},"excerpt":{"rendered":"<p>semaine 1: le panda http:\/\/(643) Le panda g\u00e9ant (documentaire) &#8211; YouTube semaine 2: le tatou http:\/\/Le tatou (documentaire) (youtube.com) semaine 3: l escargot https:\/\/www.youtube.com\/watch?v=cnHTV5PNKIQ&amp;t=7s semaine 4: le loup Le loup (documentaire) (youtube.com) semaine 5: le chat https:\/\/www.youtube.com\/watch?v=BbAtEz5eykw semaine 6: le &hellip; <a href=\"https:\/\/passerelle2.ac-nantes.fr\/matisse\/les-maternelles\/annee-2024-2025\/les-documentaires-animaliers\/\">Continuer la lecture <span class=\"meta-nav\">&rarr;<\/span><\/a><\/p>\n","protected":false},"author":5554,"featured_media":0,"parent":8533,"menu_order":0,"comment_status":"closed","ping_status":"closed","template":"","meta":{"ngg_post_thumbnail":0,"h5ap_radio_sources":[],"jetpack_post_was_ever_published":false,"footnotes":""},"folder":[],"class_list":["post-8587","page","type-page","status-publish","hentry"],"jetpack_sharing_enabled":true,"jetpack_shortlink":"https:\/\/wp.me\/P8Njks-2ev","_links":{"self":[{"href":"https:\/\/passerelle2.ac-nantes.fr\/matisse\/wp-json\/wp\/v2\/pages\/8587","targetHints":{"allow":["GET"]}}],"collection":[{"href":"https:\/\/passerelle2.ac-nantes.fr\/matisse\/wp-json\/wp\/v2\/pages"}],"about":[{"href":"https:\/\/passerelle2.ac-nantes.fr\/matisse\/wp-json\/wp\/v2\/types\/page"}],"author":[{"embeddable":true,"href":"https:\/\/passerelle2.ac-nantes.fr\/matisse\/wp-json\/wp\/v2\/users\/5554"}],"replies":[{"embeddable":true,"href":"https:\/\/passerelle2.ac-nantes.fr\/matisse\/wp-json\/wp\/v2\/comments?post=8587"}],"version-history":[{"count":0,"href":"https:\/\/passerelle2.ac-nantes.fr\/matisse\/wp-json\/wp\/v2\/pages\/8587\/revisions"}],"up":[{"embeddable":true,"href":"https:\/\/passerelle2.ac-nantes.fr\/matisse\/wp-json\/wp\/v2\/pages\/8533"}],"wp:attachment":[{"href":"https:\/\/passerelle2.ac-nantes.fr\/matisse\/wp-json\/wp\/v2\/media?parent=8587"}],"wp:term":[{"taxonomy":"folder","embeddable":true,"href":"https:\/\/passerelle2.ac-nantes.fr\/matisse\/wp-json\/wp\/v2\/folder?post=8587"}],"curies":[{"name":"wp","href":"https:\/\/api.w.org\/{rel}","templated":true}]}}