
{"id":9221,"date":"2025-06-27T17:07:15","date_gmt":"2025-06-27T15:07:15","guid":{"rendered":"https:\/\/passerelle2.ac-nantes.fr\/matisse\/?page_id=9221"},"modified":"2026-04-07T18:24:09","modified_gmt":"2026-04-07T16:24:09","slug":"les-documentaires-animaliers","status":"publish","type":"page","link":"https:\/\/passerelle2.ac-nantes.fr\/matisse\/les-maternelles\/annee-2025-2026\/les-documentaires-animaliers\/","title":{"rendered":"LES DOCUMENTAIRES ANIMALIERS"},"content":{"rendered":"\n<p>semaine 1: <a href=\"https:\/\/www.youtube.com\/watch?v=28iNwNIJbAE\">(533) COMPRENDRE : Les lions &#8211; YouTube<\/a><\/p>\n\n\n\n<p>semaine 2: <a href=\"https:\/\/www.youtube.com\/watch?v=B_ACePwKKdE\">La vie sauvage des perroquets aras<\/a><\/p>\n\n\n\n<p>semaine 3: <a href=\"https:\/\/www.youtube.com\/watch?v=IcRKhidJ9N4\">Eclosion d&rsquo;un b\u00e9b\u00e9 tortue terrestre<\/a><\/p>\n\n\n\n<p>semaine 4: <a href=\"https:\/\/www.youtube.com\/watch?v=cvKhHF1RWTI\"><a href=\"https:\/\/www.youtube.com\/watch?v=jojtkjKe7D0\">La libellule : insecte impressionnant &#8211; \u00e9pisode 1<\/a><\/a><\/p>\n\n\n\n<p><a href=\"https:\/\/www.youtube.com\/watch?v=z1BQlSqB_v0\">(645) Bruit de la Libellule Dragonfly Sounds &#8211; YouTube<\/a><\/p>\n\n\n\n<p>semaine 6: <br><a href=\"https:\/\/www.youtube.com\/watch?v=BQ3FUw45TwQ\">L&rsquo;hippopotame, dangereux poids lourd<\/a><\/p>\n\n\n\n<p>semaine 7<br><a href=\"https:\/\/www.youtube.com\/watch?v=LhEwzGjDUjc\">Naissance de b\u00e9b\u00e9 rhinoc\u00e9ros en direct &#8211; ZAPPING SAUVAGE<\/a><\/p>\n\n\n\n<p>semaine 8: <br><a href=\"https:\/\/www.youtube.com\/watch?v=aAcVD_TtlFI\">Le dugong c&rsquo;est la vache des mers &#8211; ZAPPING SAUVAGE<\/a><\/p>\n\n\n\n<p>semaine 9: <\/p>\n\n\n\n<p><a href=\"https:\/\/www.youtube.com\/watch?v=FSmMvL2lhGY\">Flamants roses &#8211; Destination Wild<\/a><\/p>\n\n\n\n<p>semaine 10: <br><a href=\"https:\/\/www.youtube.com\/watch?v=E-T98lsQ0FY\">Le fennec est quand m\u00eame bien mignon &#8211; ZAPPING SAUVAGE<\/a><\/p>\n\n\n\n<p>semaine 11<\/p>\n\n\n\n<p><br><a href=\"https:\/\/www.youtube.com\/watch?v=4RW0zTL73TQ\">La coccinelle &#8211; Les petites d\u00e9couvertes &#8211; \u00c9pisode 61<\/a><\/p>\n\n\n\n<p>semaine 12 :   <a href=\"https:\/\/www.youtube.com\/watch?v=HiDI15t6WF0\">https:\/\/www.youtube.com\/watch?v=HiDI15t6WF0<\/a><\/p>\n\n\n\n<p>semaine 13: <a href=\"https:\/\/www.youtube.com\/watch?v=FYrfvKYbdxs\">https:\/\/www.youtube.com\/watch?v=FYrfvKYbdxs<\/a><\/p>\n\n\n\n<p>semaine 14: <a href=\"https:\/\/www.youtube.com\/watch?v=qg6s_9QfsQo\">https:\/\/www.youtube.com\/watch?v=qg6s_9QfsQo<\/a><\/p>\n\n\n\n<p>LIEN 15: <\/p>\n\n\n\n<figure class=\"wp-block-table\"><table class=\"has-fixed-layout\"><tbody><tr><td><a href=\"https:\/\/www.youtube.com\/watch?v=NAgXIWRz_wg\">Le gigantesque crocodile marin, plus gros reptile du monde<\/a><\/td><\/tr><\/tbody><\/table><\/figure>\n\n\n\n<p>lien 16: <br><a href=\"https:\/\/www.youtube.com\/watch?v=y2-Br0NzcDs\">Les premiers pas d&rsquo;un ourson polaire<\/a><\/p>\n\n\n\n<p>lien 17: <a href=\"https:\/\/www.youtube.com\/watch?v=1OOduTuv784\">https:\/\/www.youtube.com\/watch?v=1OOduTuv784<\/a><\/p>\n\n\n\n<p>lien 18: <a href=\"https:\/\/www.youtube.com\/watch?v=Rhae5tQrI4Y\">https:\/\/www.youtube.com\/watch?v=Rhae5tQrI4Y<\/a><\/p>\n\n\n\n<p>lien 19: <a href=\"https:\/\/www.youtube.com\/watch?v=xPHp59xwsI0\"><a href=\"https:\/\/www.youtube.com\/watch?v=FgFaAoygPyo\">Les invincibles fourmis l\u00e9gionnaires du Rwanda<\/a><\/a><\/p>\n\n\n\n<p>lien 20 <br><a href=\"https:\/\/www.youtube.com\/watch?v=ZakY6fJiKEE\">Comment les araign\u00e9es tissent leurs pi\u00e8ges mortels<\/a><\/p>\n\n\n\n<p><a href=\"https:\/\/www.youtube.com\/watch?v=CZBVSfS9tD8\">La toile d\u2019araign\u00e9e, \u00e0 toute \u00e9preuve | Les super-pouvoirs du vivant<\/a><\/p>\n\n\n\n<p>lien 21: <a href=\"https:\/\/www.youtube.com\/watch?v=pI1xmj1Hwg4\">https:\/\/www.youtube.com\/watch?v=pI1xmj1Hwg4<\/a><\/p>\n\n\n\n<p>lien 22: <a href=\"https:\/\/www.youtube.com\/watch?v=K30yHXasgMM\">https:\/\/www.youtube.com\/watch?v=K30yHXasgMM<\/a><\/p>\n\n\n\n<p>lien 23: <\/p>\n\n\n\n<figure class=\"wp-block-table\"><table class=\"has-fixed-layout\"><tbody><tr><td><a href=\"https:\/\/www.youtube.com\/watch?v=6YUgRdxOURo\">Les girafes, reines g\u00e9antes et majestueuses de la savane<\/a><\/td><\/tr><\/tbody><\/table><\/figure>\n\n\n\n<p>lien 24: <\/p>\n\n\n\n<figure class=\"wp-block-table\"><table class=\"has-fixed-layout\"><tbody><tr><td><a href=\"https:\/\/www.youtube.com\/watch?v=A2fCdcKRcos\">Faire le guet chez les suricates : un v\u00e9ritable m\u00e9tier<\/a><\/td><\/tr><\/tbody><\/table><\/figure>\n\n\n\n<p>lien 25: <\/p>\n\n\n\n<figure class=\"wp-block-table\"><table class=\"has-fixed-layout\"><tbody><tr><td><a href=\"https:\/\/www.youtube.com\/watch?v=9zxL6EvXM6Q\">Chez le manchot empereur, c&rsquo;est le m\u00e2le qui couve les \u0153ufs<\/a><\/td><\/tr><\/tbody><\/table><\/figure>\n\n\n\n<p>lien 26<\/p>\n\n\n\n<p><br><a href=\"https:\/\/www.youtube.com\/watch?v=hp65UhfzUWk\">Le cam\u00e9l\u00e9on, ma\u00eetre incontest\u00e9 du camouflage<\/a><\/p>\n\n\n\n<p>lien 27 <br><a href=\"https:\/\/www.youtube.com\/watch?v=DGb869u9o2U\">Des dragons volants dans la jungle &#8211; ZAPPING SAUVAGE<\/a><\/p>\n","protected":false},"excerpt":{"rendered":"<p>semaine 1: (533) COMPRENDRE : Les lions &#8211; YouTube semaine 2: La vie sauvage des perroquets aras semaine 3: Eclosion d&rsquo;un b\u00e9b\u00e9 tortue terrestre semaine 4: La libellule : insecte impressionnant &#8211; \u00e9pisode 1 (645) Bruit de la Libellule Dragonfly &hellip; <a href=\"https:\/\/passerelle2.ac-nantes.fr\/matisse\/les-maternelles\/annee-2025-2026\/les-documentaires-animaliers\/\">Continuer la lecture <span class=\"meta-nav\">&rarr;<\/span><\/a><\/p>\n","protected":false},"author":5554,"featured_media":0,"parent":9216,"menu_order":0,"comment_status":"closed","ping_status":"closed","template":"","meta":{"ngg_post_thumbnail":0,"h5ap_radio_sources":[],"jetpack_post_was_ever_published":false,"footnotes":""},"folder":[],"class_list":["post-9221","page","type-page","status-publish","hentry"],"jetpack_sharing_enabled":true,"jetpack_shortlink":"https:\/\/wp.me\/P8Njks-2oJ","_links":{"self":[{"href":"https:\/\/passerelle2.ac-nantes.fr\/matisse\/wp-json\/wp\/v2\/pages\/9221","targetHints":{"allow":["GET"]}}],"collection":[{"href":"https:\/\/passerelle2.ac-nantes.fr\/matisse\/wp-json\/wp\/v2\/pages"}],"about":[{"href":"https:\/\/passerelle2.ac-nantes.fr\/matisse\/wp-json\/wp\/v2\/types\/page"}],"author":[{"embeddable":true,"href":"https:\/\/passerelle2.ac-nantes.fr\/matisse\/wp-json\/wp\/v2\/users\/5554"}],"replies":[{"embeddable":true,"href":"https:\/\/passerelle2.ac-nantes.fr\/matisse\/wp-json\/wp\/v2\/comments?post=9221"}],"version-history":[{"count":0,"href":"https:\/\/passerelle2.ac-nantes.fr\/matisse\/wp-json\/wp\/v2\/pages\/9221\/revisions"}],"up":[{"embeddable":true,"href":"https:\/\/passerelle2.ac-nantes.fr\/matisse\/wp-json\/wp\/v2\/pages\/9216"}],"wp:attachment":[{"href":"https:\/\/passerelle2.ac-nantes.fr\/matisse\/wp-json\/wp\/v2\/media?parent=9221"}],"wp:term":[{"taxonomy":"folder","embeddable":true,"href":"https:\/\/passerelle2.ac-nantes.fr\/matisse\/wp-json\/wp\/v2\/folder?post=9221"}],"curies":[{"name":"wp","href":"https:\/\/api.w.org\/{rel}","templated":true}]}}