
{"id":9235,"date":"2025-06-29T19:00:48","date_gmt":"2025-06-29T17:00:48","guid":{"rendered":"https:\/\/passerelle2.ac-nantes.fr\/matisse\/?page_id=9235"},"modified":"2025-06-29T19:17:20","modified_gmt":"2025-06-29T17:17:20","slug":"materiel","status":"publish","type":"page","link":"https:\/\/passerelle2.ac-nantes.fr\/matisse\/les-maternelles\/annee-2025-2026\/informations-pratiques\/materiel\/","title":{"rendered":"mat\u00e9riel"},"content":{"rendered":"\n<p>Votre enfant recommence une nouvelle ann\u00e9e scolaire et, pour que celle-ci se d\u00e9roule dans de bonnes conditions, il lui faudra ramener \u00e0 la rentr\u00e9e &nbsp;:<\/p>\n\n\n\n<ul class=\"wp-block-list\">\n<li>Une blouse de peinture avec manches et pr\u00e9nom (plastifi\u00e9e et pas en tissus)<\/li>\n\n\n\n<li>1 bo\u00eete de mouchoirs en papier<\/li>\n\n\n\n<li>Une serviette de cantine avec pr\u00e9nom pour ceux qui y mangent avec pochette de rangement et \u00e9pingle \u00e0 linge pour l\u2019accrocher.<\/li>\n\n\n\n<li>Pour ceux qui feront la sieste (futurs PS et MS pour ceux qui le souhaitent encore), il faudra ramener un petit drap et une petite couverture. Ceux-ci seront \u00e0 laver chaque mois.<\/li>\n\n\n\n<li>un sac d&rsquo;\u00e9cole pouvant contenir un cahier 24&#215;32<\/li>\n\n\n\n<li>un gobelet, gourde ou bouteille qui reste dans le sac<\/li>\n\n\n\n<li>un chapeau qui reste dans le sac<\/li>\n<\/ul>\n","protected":false},"excerpt":{"rendered":"<p>Votre enfant recommence une nouvelle ann\u00e9e scolaire et, pour que celle-ci se d\u00e9roule dans de bonnes conditions, il lui faudra ramener \u00e0 la rentr\u00e9e &nbsp;:<\/p>\n","protected":false},"author":5554,"featured_media":0,"parent":9218,"menu_order":0,"comment_status":"closed","ping_status":"closed","template":"","meta":{"ngg_post_thumbnail":0,"h5ap_radio_sources":[],"jetpack_post_was_ever_published":false,"footnotes":""},"folder":[],"class_list":["post-9235","page","type-page","status-publish","hentry"],"jetpack_sharing_enabled":true,"jetpack_shortlink":"https:\/\/wp.me\/P8Njks-2oX","_links":{"self":[{"href":"https:\/\/passerelle2.ac-nantes.fr\/matisse\/wp-json\/wp\/v2\/pages\/9235","targetHints":{"allow":["GET"]}}],"collection":[{"href":"https:\/\/passerelle2.ac-nantes.fr\/matisse\/wp-json\/wp\/v2\/pages"}],"about":[{"href":"https:\/\/passerelle2.ac-nantes.fr\/matisse\/wp-json\/wp\/v2\/types\/page"}],"author":[{"embeddable":true,"href":"https:\/\/passerelle2.ac-nantes.fr\/matisse\/wp-json\/wp\/v2\/users\/5554"}],"replies":[{"embeddable":true,"href":"https:\/\/passerelle2.ac-nantes.fr\/matisse\/wp-json\/wp\/v2\/comments?post=9235"}],"version-history":[{"count":0,"href":"https:\/\/passerelle2.ac-nantes.fr\/matisse\/wp-json\/wp\/v2\/pages\/9235\/revisions"}],"up":[{"embeddable":true,"href":"https:\/\/passerelle2.ac-nantes.fr\/matisse\/wp-json\/wp\/v2\/pages\/9218"}],"wp:attachment":[{"href":"https:\/\/passerelle2.ac-nantes.fr\/matisse\/wp-json\/wp\/v2\/media?parent=9235"}],"wp:term":[{"taxonomy":"folder","embeddable":true,"href":"https:\/\/passerelle2.ac-nantes.fr\/matisse\/wp-json\/wp\/v2\/folder?post=9235"}],"curies":[{"name":"wp","href":"https:\/\/api.w.org\/{rel}","templated":true}]}}