
{"id":9264,"date":"2026-02-27T10:34:50","date_gmt":"2026-02-27T09:34:50","guid":{"rendered":"https:\/\/passerelle2.ac-nantes.fr\/matisse\/?page_id=9264"},"modified":"2026-03-13T13:15:08","modified_gmt":"2026-03-13T12:15:08","slug":"projet-7","status":"publish","type":"page","link":"https:\/\/passerelle2.ac-nantes.fr\/matisse\/les-maternelles\/annee-2025-2026\/projet-7\/","title":{"rendered":"PROJET 7"},"content":{"rendered":"\n<p class=\"has-background\" style=\"background:radial-gradient(rgb(255,245,203) 0%,rgb(182,227,212) 50%,rgb(243,232,110) 79%,rgb(51,167,181) 100%)\"><strong>Ce 7e projet nous permet d&rsquo;explorer le corps et ses articulations. nous fabriquerons un pantin articul\u00e9 \u00e0 la mani\u00e8re de Pinocchio!<\/strong><\/p>\n\n\n\n<p><strong>LITTERATURE:<\/strong><\/p>\n\n\n\n<figure class=\"wp-block-image size-full\"><img loading=\"lazy\" decoding=\"async\" width=\"510\" height=\"600\" src=\"https:\/\/passerelle2.ac-nantes.fr\/matisse\/wp-content\/uploads\/sites\/311\/2025\/07\/COUV-1.jpg\" alt=\"\" class=\"wp-image-9265\" srcset=\"https:\/\/passerelle2.ac-nantes.fr\/matisse\/wp-content\/uploads\/sites\/311\/2025\/07\/COUV-1.jpg 510w, https:\/\/passerelle2.ac-nantes.fr\/matisse\/wp-content\/uploads\/sites\/311\/2025\/07\/COUV-1-255x300.jpg 255w\" sizes=\"auto, (max-width: 510px) 100vw, 510px\" \/><\/figure>\n\n\n\n<p>-vocabulaire<\/p>\n\n\n\n<p>-fleur s\u00e9mantique<\/p>\n\n\n\n<p><\/p>\n\n\n\n<p><strong>ARTS VISUELS<\/strong><\/p>\n\n\n\n<p>keith haring<\/p>\n\n\n\n<figure class=\"wp-block-image size-full\"><img loading=\"lazy\" decoding=\"async\" width=\"367\" height=\"254\" src=\"https:\/\/passerelle2.ac-nantes.fr\/matisse\/wp-content\/uploads\/sites\/311\/2025\/07\/telecharger.jpg\" alt=\"\" class=\"wp-image-9266\" srcset=\"https:\/\/passerelle2.ac-nantes.fr\/matisse\/wp-content\/uploads\/sites\/311\/2025\/07\/telecharger.jpg 367w, https:\/\/passerelle2.ac-nantes.fr\/matisse\/wp-content\/uploads\/sites\/311\/2025\/07\/telecharger-300x208.jpg 300w\" sizes=\"auto, (max-width: 367px) 100vw, 367px\" \/><\/figure>\n\n\n\n<div class=\"wp-block-jetpack-tiled-gallery aligncenter is-style-rectangular\"><div class=\"\"><div class=\"tiled-gallery__gallery\"><div class=\"tiled-gallery__row\"><div class=\"tiled-gallery__col\" style=\"flex-basis:100.00000%\"><figure class=\"tiled-gallery__item\"><img decoding=\"async\" srcset=\"https:\/\/i0.wp.com\/passerelle2.ac-nantes.fr\/matisse\/wp-content\/uploads\/sites\/311\/2026\/03\/DSCN8313.jpg?strip=info&#038;w=600&#038;ssl=1 600w,https:\/\/i0.wp.com\/passerelle2.ac-nantes.fr\/matisse\/wp-content\/uploads\/sites\/311\/2026\/03\/DSCN8313.jpg?strip=info&#038;w=800&#038;ssl=1 800w\" alt=\"\" data-height=\"600\" data-id=\"9643\" data-link=\"https:\/\/passerelle2.ac-nantes.fr\/matisse\/les-maternelles\/annee-2025-2026\/projet-7\/dscn8313\/\" data-url=\"https:\/\/passerelle2.ac-nantes.fr\/matisse\/wp-content\/uploads\/sites\/311\/2026\/03\/DSCN8313.jpg\" data-width=\"800\" src=\"https:\/\/i0.wp.com\/passerelle2.ac-nantes.fr\/matisse\/wp-content\/uploads\/sites\/311\/2026\/03\/DSCN8313.jpg?ssl=1\" data-amp-layout=\"responsive\"\/><\/figure><\/div><\/div><\/div><\/div><\/div>\n\n\n\n<p><strong>ARTS SONORES<\/strong><\/p>\n\n\n\n<figure class=\"wp-block-image size-full\"><img loading=\"lazy\" decoding=\"async\" width=\"379\" height=\"600\" src=\"https:\/\/passerelle2.ac-nantes.fr\/matisse\/wp-content\/uploads\/sites\/311\/2025\/07\/SharedScreenshot2.jpg\" alt=\"\" class=\"wp-image-9267\" srcset=\"https:\/\/passerelle2.ac-nantes.fr\/matisse\/wp-content\/uploads\/sites\/311\/2025\/07\/SharedScreenshot2.jpg 379w, https:\/\/passerelle2.ac-nantes.fr\/matisse\/wp-content\/uploads\/sites\/311\/2025\/07\/SharedScreenshot2-190x300.jpg 190w\" sizes=\"auto, (max-width: 379px) 100vw, 379px\" \/><\/figure>\n\n\n\n<figure class=\"wp-block-image size-full\"><img loading=\"lazy\" decoding=\"async\" width=\"422\" height=\"600\" src=\"https:\/\/passerelle2.ac-nantes.fr\/matisse\/wp-content\/uploads\/sites\/311\/2025\/07\/SharedScreenshot-1.jpg\" alt=\"\" class=\"wp-image-9268\" srcset=\"https:\/\/passerelle2.ac-nantes.fr\/matisse\/wp-content\/uploads\/sites\/311\/2025\/07\/SharedScreenshot-1.jpg 422w, https:\/\/passerelle2.ac-nantes.fr\/matisse\/wp-content\/uploads\/sites\/311\/2025\/07\/SharedScreenshot-1-211x300.jpg 211w\" sizes=\"auto, (max-width: 422px) 100vw, 422px\" \/><\/figure>\n\n\n\n<p>chanson: <a href=\"https:\/\/www.youtube.com\/watch?v=BLPdtI7o58k\">https:\/\/www.youtube.com\/watch?v=BLPdtI7o58k<\/a><\/p>\n\n\n\n<figure class=\"wp-block-image size-full\"><img loading=\"lazy\" decoding=\"async\" width=\"424\" height=\"600\" src=\"https:\/\/passerelle2.ac-nantes.fr\/matisse\/wp-content\/uploads\/sites\/311\/2026\/02\/un-petit-pouce-qui-danse-424x600-1.jpg\" alt=\"\" class=\"wp-image-9619\" srcset=\"https:\/\/passerelle2.ac-nantes.fr\/matisse\/wp-content\/uploads\/sites\/311\/2026\/02\/un-petit-pouce-qui-danse-424x600-1.jpg 424w, https:\/\/passerelle2.ac-nantes.fr\/matisse\/wp-content\/uploads\/sites\/311\/2026\/02\/un-petit-pouce-qui-danse-424x600-1-212x300.jpg 212w\" sizes=\"auto, (max-width: 424px) 100vw, 424px\" \/><\/figure>\n\n\n\n<p>EXPLORATION DU MONDE<\/p>\n\n\n\n<p>-le corps: organes et articulations<\/p>\n\n\n\n<p><strong>comment faire un pantin articul\u00e9?<\/strong><\/p>\n\n\n\n<ul class=\"wp-block-list\">\n<li> 1eres id\u00e9es et essais:<\/li>\n<\/ul>\n\n\n\n<div class=\"wp-block-jetpack-tiled-gallery aligncenter is-style-rectangular\"><div class=\"\"><div class=\"tiled-gallery__gallery\"><div class=\"tiled-gallery__row\"><div class=\"tiled-gallery__col\" style=\"flex-basis:66.80258%\"><figure class=\"tiled-gallery__item\"><img decoding=\"async\" srcset=\"https:\/\/i0.wp.com\/passerelle2.ac-nantes.fr\/matisse\/wp-content\/uploads\/sites\/311\/2026\/03\/1ers-essais-gs-1.jpg?strip=info&#038;w=600&#038;ssl=1 600w,https:\/\/i0.wp.com\/passerelle2.ac-nantes.fr\/matisse\/wp-content\/uploads\/sites\/311\/2026\/03\/1ers-essais-gs-1.jpg?strip=info&#038;w=800&#038;ssl=1 800w\" alt=\"\" data-height=\"600\" data-id=\"9621\" data-link=\"https:\/\/passerelle2.ac-nantes.fr\/matisse\/les-maternelles\/annee-2025-2026\/projet-7\/1ers-essais-gs-1\/\" data-url=\"https:\/\/passerelle2.ac-nantes.fr\/matisse\/wp-content\/uploads\/sites\/311\/2026\/03\/1ers-essais-gs-1.jpg\" data-width=\"800\" src=\"https:\/\/i0.wp.com\/passerelle2.ac-nantes.fr\/matisse\/wp-content\/uploads\/sites\/311\/2026\/03\/1ers-essais-gs-1.jpg?ssl=1\" data-amp-layout=\"responsive\"\/><\/figure><\/div><div class=\"tiled-gallery__col\" style=\"flex-basis:33.19742%\"><figure class=\"tiled-gallery__item\"><img decoding=\"async\" srcset=\"https:\/\/i0.wp.com\/passerelle2.ac-nantes.fr\/matisse\/wp-content\/uploads\/sites\/311\/2026\/03\/1ers-essais-gs-2.jpg?strip=info&#038;w=600&#038;ssl=1 600w,https:\/\/i0.wp.com\/passerelle2.ac-nantes.fr\/matisse\/wp-content\/uploads\/sites\/311\/2026\/03\/1ers-essais-gs-2.jpg?strip=info&#038;w=800&#038;ssl=1 800w\" alt=\"\" data-height=\"600\" data-id=\"9624\" data-link=\"https:\/\/passerelle2.ac-nantes.fr\/matisse\/les-maternelles\/annee-2025-2026\/projet-7\/1ers-essais-gs-2\/\" data-url=\"https:\/\/passerelle2.ac-nantes.fr\/matisse\/wp-content\/uploads\/sites\/311\/2026\/03\/1ers-essais-gs-2.jpg\" data-width=\"800\" src=\"https:\/\/i0.wp.com\/passerelle2.ac-nantes.fr\/matisse\/wp-content\/uploads\/sites\/311\/2026\/03\/1ers-essais-gs-2.jpg?ssl=1\" data-amp-layout=\"responsive\"\/><\/figure><figure class=\"tiled-gallery__item\"><img decoding=\"async\" srcset=\"https:\/\/i0.wp.com\/passerelle2.ac-nantes.fr\/matisse\/wp-content\/uploads\/sites\/311\/2026\/03\/1ers-essais-ms.jpg?strip=info&#038;w=600&#038;ssl=1 600w,https:\/\/i0.wp.com\/passerelle2.ac-nantes.fr\/matisse\/wp-content\/uploads\/sites\/311\/2026\/03\/1ers-essais-ms.jpg?strip=info&#038;w=800&#038;ssl=1 800w\" alt=\"\" data-height=\"600\" data-id=\"9622\" data-link=\"https:\/\/passerelle2.ac-nantes.fr\/matisse\/les-maternelles\/annee-2025-2026\/projet-7\/1ers-essais-ms\/\" data-url=\"https:\/\/passerelle2.ac-nantes.fr\/matisse\/wp-content\/uploads\/sites\/311\/2026\/03\/1ers-essais-ms.jpg\" data-width=\"800\" src=\"https:\/\/i0.wp.com\/passerelle2.ac-nantes.fr\/matisse\/wp-content\/uploads\/sites\/311\/2026\/03\/1ers-essais-ms.jpg?ssl=1\" data-amp-layout=\"responsive\"\/><\/figure><\/div><\/div><div class=\"tiled-gallery__row\"><div class=\"tiled-gallery__col\" style=\"flex-basis:100.00000%\"><figure class=\"tiled-gallery__item\"><img decoding=\"async\" srcset=\"https:\/\/i0.wp.com\/passerelle2.ac-nantes.fr\/matisse\/wp-content\/uploads\/sites\/311\/2026\/03\/1ers-essais-ps.jpg?strip=info&#038;w=600&#038;ssl=1 600w,https:\/\/i0.wp.com\/passerelle2.ac-nantes.fr\/matisse\/wp-content\/uploads\/sites\/311\/2026\/03\/1ers-essais-ps.jpg?strip=info&#038;w=800&#038;ssl=1 800w\" alt=\"\" data-height=\"600\" data-id=\"9623\" data-link=\"https:\/\/passerelle2.ac-nantes.fr\/matisse\/les-maternelles\/annee-2025-2026\/projet-7\/1ers-essais-ps\/\" data-url=\"https:\/\/passerelle2.ac-nantes.fr\/matisse\/wp-content\/uploads\/sites\/311\/2026\/03\/1ers-essais-ps.jpg\" data-width=\"800\" src=\"https:\/\/i0.wp.com\/passerelle2.ac-nantes.fr\/matisse\/wp-content\/uploads\/sites\/311\/2026\/03\/1ers-essais-ps.jpg?ssl=1\" data-amp-layout=\"responsive\"\/><\/figure><\/div><\/div><\/div><\/div><\/div>\n\n\n\n<p>2emes essais<\/p>\n\n\n\n<div class=\"wp-block-jetpack-tiled-gallery aligncenter is-style-rectangular\"><div class=\"\"><div class=\"tiled-gallery__gallery\"><div class=\"tiled-gallery__row\"><div class=\"tiled-gallery__col\" style=\"flex-basis:66.80258%\"><figure class=\"tiled-gallery__item\"><img decoding=\"async\" srcset=\"https:\/\/i0.wp.com\/passerelle2.ac-nantes.fr\/matisse\/wp-content\/uploads\/sites\/311\/2026\/03\/2e-essai-ps-1.jpg?strip=info&#038;w=600&#038;ssl=1 600w,https:\/\/i0.wp.com\/passerelle2.ac-nantes.fr\/matisse\/wp-content\/uploads\/sites\/311\/2026\/03\/2e-essai-ps-1.jpg?strip=info&#038;w=800&#038;ssl=1 800w\" alt=\"\" data-height=\"600\" data-id=\"9632\" data-link=\"https:\/\/passerelle2.ac-nantes.fr\/matisse\/les-maternelles\/annee-2025-2026\/projet-7\/2e-essai-ps-2\/\" data-url=\"https:\/\/passerelle2.ac-nantes.fr\/matisse\/wp-content\/uploads\/sites\/311\/2026\/03\/2e-essai-ps-1.jpg\" data-width=\"800\" src=\"https:\/\/i0.wp.com\/passerelle2.ac-nantes.fr\/matisse\/wp-content\/uploads\/sites\/311\/2026\/03\/2e-essai-ps-1.jpg?ssl=1\" data-amp-layout=\"responsive\"\/><\/figure><\/div><div class=\"tiled-gallery__col\" style=\"flex-basis:33.19742%\"><figure class=\"tiled-gallery__item\"><img decoding=\"async\" srcset=\"https:\/\/i0.wp.com\/passerelle2.ac-nantes.fr\/matisse\/wp-content\/uploads\/sites\/311\/2026\/03\/2e-essai-ms.jpg?strip=info&#038;w=600&#038;ssl=1 600w,https:\/\/i0.wp.com\/passerelle2.ac-nantes.fr\/matisse\/wp-content\/uploads\/sites\/311\/2026\/03\/2e-essai-ms.jpg?strip=info&#038;w=800&#038;ssl=1 800w\" alt=\"\" data-height=\"600\" data-id=\"9633\" data-link=\"https:\/\/passerelle2.ac-nantes.fr\/matisse\/les-maternelles\/annee-2025-2026\/projet-7\/2e-essai-ms\/\" data-url=\"https:\/\/passerelle2.ac-nantes.fr\/matisse\/wp-content\/uploads\/sites\/311\/2026\/03\/2e-essai-ms.jpg\" data-width=\"800\" src=\"https:\/\/i0.wp.com\/passerelle2.ac-nantes.fr\/matisse\/wp-content\/uploads\/sites\/311\/2026\/03\/2e-essai-ms.jpg?ssl=1\" data-amp-layout=\"responsive\"\/><\/figure><figure class=\"tiled-gallery__item\"><img decoding=\"async\" srcset=\"https:\/\/i0.wp.com\/passerelle2.ac-nantes.fr\/matisse\/wp-content\/uploads\/sites\/311\/2026\/03\/2e-essais-gs-1.jpg?strip=info&#038;w=600&#038;ssl=1 600w,https:\/\/i0.wp.com\/passerelle2.ac-nantes.fr\/matisse\/wp-content\/uploads\/sites\/311\/2026\/03\/2e-essais-gs-1.jpg?strip=info&#038;w=800&#038;ssl=1 800w\" alt=\"\" data-height=\"600\" data-id=\"9635\" data-link=\"https:\/\/passerelle2.ac-nantes.fr\/matisse\/les-maternelles\/annee-2025-2026\/projet-7\/2e-essais-gs-1\/\" data-url=\"https:\/\/passerelle2.ac-nantes.fr\/matisse\/wp-content\/uploads\/sites\/311\/2026\/03\/2e-essais-gs-1.jpg\" data-width=\"800\" src=\"https:\/\/i0.wp.com\/passerelle2.ac-nantes.fr\/matisse\/wp-content\/uploads\/sites\/311\/2026\/03\/2e-essais-gs-1.jpg?ssl=1\" data-amp-layout=\"responsive\"\/><\/figure><\/div><\/div><div class=\"tiled-gallery__row\"><div class=\"tiled-gallery__col\" style=\"flex-basis:100.00000%\"><figure class=\"tiled-gallery__item\"><img decoding=\"async\" srcset=\"https:\/\/i0.wp.com\/passerelle2.ac-nantes.fr\/matisse\/wp-content\/uploads\/sites\/311\/2026\/03\/2e-essais-gs-2.jpg?strip=info&#038;w=600&#038;ssl=1 600w,https:\/\/i0.wp.com\/passerelle2.ac-nantes.fr\/matisse\/wp-content\/uploads\/sites\/311\/2026\/03\/2e-essais-gs-2.jpg?strip=info&#038;w=800&#038;ssl=1 800w\" alt=\"\" data-height=\"600\" data-id=\"9636\" data-link=\"https:\/\/passerelle2.ac-nantes.fr\/matisse\/les-maternelles\/annee-2025-2026\/projet-7\/2e-essais-gs-2\/\" data-url=\"https:\/\/passerelle2.ac-nantes.fr\/matisse\/wp-content\/uploads\/sites\/311\/2026\/03\/2e-essais-gs-2.jpg\" data-width=\"800\" src=\"https:\/\/i0.wp.com\/passerelle2.ac-nantes.fr\/matisse\/wp-content\/uploads\/sites\/311\/2026\/03\/2e-essais-gs-2.jpg?ssl=1\" data-amp-layout=\"responsive\"\/><\/figure><\/div><\/div><\/div><\/div><\/div>\n\n\n\n<p>3emes essai<\/p>\n\n\n\n<div class=\"wp-block-jetpack-tiled-gallery aligncenter is-style-rectangular\"><div class=\"\"><div class=\"tiled-gallery__gallery\"><div class=\"tiled-gallery__row\"><div class=\"tiled-gallery__col\" style=\"flex-basis:66.80258%\"><figure class=\"tiled-gallery__item\"><img decoding=\"async\" srcset=\"https:\/\/i0.wp.com\/passerelle2.ac-nantes.fr\/matisse\/wp-content\/uploads\/sites\/311\/2026\/03\/3e-essai-ps-1.jpg?strip=info&#038;w=600&#038;ssl=1 600w,https:\/\/i0.wp.com\/passerelle2.ac-nantes.fr\/matisse\/wp-content\/uploads\/sites\/311\/2026\/03\/3e-essai-ps-1.jpg?strip=info&#038;w=800&#038;ssl=1 800w\" alt=\"\" data-height=\"600\" data-id=\"9640\" data-link=\"https:\/\/passerelle2.ac-nantes.fr\/matisse\/les-maternelles\/annee-2025-2026\/projet-7\/3e-essai-ps-1\/\" data-url=\"https:\/\/passerelle2.ac-nantes.fr\/matisse\/wp-content\/uploads\/sites\/311\/2026\/03\/3e-essai-ps-1.jpg\" data-width=\"800\" src=\"https:\/\/i0.wp.com\/passerelle2.ac-nantes.fr\/matisse\/wp-content\/uploads\/sites\/311\/2026\/03\/3e-essai-ps-1.jpg?ssl=1\" data-amp-layout=\"responsive\"\/><\/figure><\/div><div class=\"tiled-gallery__col\" style=\"flex-basis:33.19742%\"><figure class=\"tiled-gallery__item\"><img decoding=\"async\" srcset=\"https:\/\/i0.wp.com\/passerelle2.ac-nantes.fr\/matisse\/wp-content\/uploads\/sites\/311\/2026\/03\/3e-essai-ps-2.jpg?strip=info&#038;w=600&#038;ssl=1 600w,https:\/\/i0.wp.com\/passerelle2.ac-nantes.fr\/matisse\/wp-content\/uploads\/sites\/311\/2026\/03\/3e-essai-ps-2.jpg?strip=info&#038;w=800&#038;ssl=1 800w\" alt=\"\" data-height=\"600\" data-id=\"9641\" data-link=\"https:\/\/passerelle2.ac-nantes.fr\/matisse\/les-maternelles\/annee-2025-2026\/projet-7\/3e-essai-ps-2\/\" data-url=\"https:\/\/passerelle2.ac-nantes.fr\/matisse\/wp-content\/uploads\/sites\/311\/2026\/03\/3e-essai-ps-2.jpg\" data-width=\"800\" src=\"https:\/\/i0.wp.com\/passerelle2.ac-nantes.fr\/matisse\/wp-content\/uploads\/sites\/311\/2026\/03\/3e-essai-ps-2.jpg?ssl=1\" data-amp-layout=\"responsive\"\/><\/figure><figure class=\"tiled-gallery__item\"><img decoding=\"async\" srcset=\"https:\/\/i0.wp.com\/passerelle2.ac-nantes.fr\/matisse\/wp-content\/uploads\/sites\/311\/2026\/03\/3e-essai-ms.jpg?strip=info&#038;w=600&#038;ssl=1 600w,https:\/\/i0.wp.com\/passerelle2.ac-nantes.fr\/matisse\/wp-content\/uploads\/sites\/311\/2026\/03\/3e-essai-ms.jpg?strip=info&#038;w=800&#038;ssl=1 800w\" alt=\"\" data-height=\"600\" data-id=\"9642\" data-link=\"https:\/\/passerelle2.ac-nantes.fr\/matisse\/les-maternelles\/annee-2025-2026\/projet-7\/3e-essai-ms\/\" data-url=\"https:\/\/passerelle2.ac-nantes.fr\/matisse\/wp-content\/uploads\/sites\/311\/2026\/03\/3e-essai-ms.jpg\" data-width=\"800\" src=\"https:\/\/i0.wp.com\/passerelle2.ac-nantes.fr\/matisse\/wp-content\/uploads\/sites\/311\/2026\/03\/3e-essai-ms.jpg?ssl=1\" data-amp-layout=\"responsive\"\/><\/figure><\/div><\/div><div class=\"tiled-gallery__row\"><div class=\"tiled-gallery__col\" style=\"flex-basis:100.00000%\"><figure class=\"tiled-gallery__item\"><img decoding=\"async\" srcset=\"https:\/\/i0.wp.com\/passerelle2.ac-nantes.fr\/matisse\/wp-content\/uploads\/sites\/311\/2026\/03\/3e-essai-gs.jpg?strip=info&#038;w=600&#038;ssl=1 600w,https:\/\/i0.wp.com\/passerelle2.ac-nantes.fr\/matisse\/wp-content\/uploads\/sites\/311\/2026\/03\/3e-essai-gs.jpg?strip=info&#038;w=800&#038;ssl=1 800w\" alt=\"\" data-height=\"600\" data-id=\"9644\" data-link=\"https:\/\/passerelle2.ac-nantes.fr\/matisse\/les-maternelles\/annee-2025-2026\/projet-7\/3e-essai-gs\/\" data-url=\"https:\/\/passerelle2.ac-nantes.fr\/matisse\/wp-content\/uploads\/sites\/311\/2026\/03\/3e-essai-gs.jpg\" data-width=\"800\" src=\"https:\/\/i0.wp.com\/passerelle2.ac-nantes.fr\/matisse\/wp-content\/uploads\/sites\/311\/2026\/03\/3e-essai-gs.jpg?ssl=1\" data-amp-layout=\"responsive\"\/><\/figure><\/div><\/div><\/div><\/div><\/div>\n\n\n\n<p>-quelles sont les articulations? <\/p>\n\n\n\n<p>id\u00e9es: les organes, les sens, \u00e0 manger<\/p>\n\n\n\n<p>-recherches: <\/p>\n\n\n\n<div class=\"wp-block-jetpack-tiled-gallery aligncenter is-style-rectangular\"><div class=\"\"><div class=\"tiled-gallery__gallery\"><div class=\"tiled-gallery__row\"><div class=\"tiled-gallery__col\" style=\"flex-basis:39.72409%\"><figure class=\"tiled-gallery__item\"><img decoding=\"async\" srcset=\"https:\/\/i0.wp.com\/passerelle2.ac-nantes.fr\/matisse\/wp-content\/uploads\/sites\/311\/2026\/03\/DSCN9968.jpg?strip=info&#038;w=600&#038;ssl=1 600w,https:\/\/i0.wp.com\/passerelle2.ac-nantes.fr\/matisse\/wp-content\/uploads\/sites\/311\/2026\/03\/DSCN9968.jpg?strip=info&#038;w=631&#038;ssl=1 631w\" alt=\"\" data-height=\"600\" data-id=\"9626\" data-link=\"https:\/\/passerelle2.ac-nantes.fr\/matisse\/les-maternelles\/annee-2025-2026\/projet-7\/dscn9968-3\/\" data-url=\"https:\/\/passerelle2.ac-nantes.fr\/matisse\/wp-content\/uploads\/sites\/311\/2026\/03\/DSCN9968.jpg\" data-width=\"631\" src=\"https:\/\/i0.wp.com\/passerelle2.ac-nantes.fr\/matisse\/wp-content\/uploads\/sites\/311\/2026\/03\/DSCN9968.jpg?ssl=1\" data-amp-layout=\"responsive\"\/><\/figure><figure class=\"tiled-gallery__item\"><img decoding=\"async\" srcset=\"https:\/\/i0.wp.com\/passerelle2.ac-nantes.fr\/matisse\/wp-content\/uploads\/sites\/311\/2026\/03\/DSCN9969.jpg?strip=info&#038;w=600&#038;ssl=1 600w,https:\/\/i0.wp.com\/passerelle2.ac-nantes.fr\/matisse\/wp-content\/uploads\/sites\/311\/2026\/03\/DSCN9969.jpg?strip=info&#038;w=800&#038;ssl=1 800w\" alt=\"\" data-height=\"600\" data-id=\"9627\" data-link=\"https:\/\/passerelle2.ac-nantes.fr\/matisse\/les-maternelles\/annee-2025-2026\/projet-7\/dscn9969-3\/\" data-url=\"https:\/\/passerelle2.ac-nantes.fr\/matisse\/wp-content\/uploads\/sites\/311\/2026\/03\/DSCN9969.jpg\" data-width=\"800\" src=\"https:\/\/i0.wp.com\/passerelle2.ac-nantes.fr\/matisse\/wp-content\/uploads\/sites\/311\/2026\/03\/DSCN9969.jpg?ssl=1\" data-amp-layout=\"responsive\"\/><\/figure><\/div><div class=\"tiled-gallery__col\" style=\"flex-basis:60.27591%\"><figure class=\"tiled-gallery__item\"><img decoding=\"async\" srcset=\"https:\/\/i0.wp.com\/passerelle2.ac-nantes.fr\/matisse\/wp-content\/uploads\/sites\/311\/2026\/03\/PERS.jpg?strip=info&#038;w=391&#038;ssl=1 391w\" alt=\"\" data-height=\"441\" data-id=\"9625\" data-link=\"https:\/\/passerelle2.ac-nantes.fr\/matisse\/les-maternelles\/annee-2025-2026\/projet-7\/pers-6\/\" data-url=\"https:\/\/passerelle2.ac-nantes.fr\/matisse\/wp-content\/uploads\/sites\/311\/2026\/03\/PERS.jpg\" data-width=\"391\" src=\"https:\/\/i0.wp.com\/passerelle2.ac-nantes.fr\/matisse\/wp-content\/uploads\/sites\/311\/2026\/03\/PERS.jpg?ssl=1\" data-amp-layout=\"responsive\"\/><\/figure><\/div><\/div><div class=\"tiled-gallery__row\"><div class=\"tiled-gallery__col\" style=\"flex-basis:63.95540%\"><figure class=\"tiled-gallery__item\"><img decoding=\"async\" srcset=\"https:\/\/i0.wp.com\/passerelle2.ac-nantes.fr\/matisse\/wp-content\/uploads\/sites\/311\/2026\/03\/DSCN8303.jpg?strip=info&#038;w=600&#038;ssl=1 600w,https:\/\/i0.wp.com\/passerelle2.ac-nantes.fr\/matisse\/wp-content\/uploads\/sites\/311\/2026\/03\/DSCN8303.jpg?strip=info&#038;w=800&#038;ssl=1 800w\" alt=\"\" data-height=\"600\" data-id=\"9637\" data-link=\"https:\/\/passerelle2.ac-nantes.fr\/matisse\/les-maternelles\/annee-2025-2026\/projet-7\/dscn8303-2\/\" data-url=\"https:\/\/passerelle2.ac-nantes.fr\/matisse\/wp-content\/uploads\/sites\/311\/2026\/03\/DSCN8303.jpg\" data-width=\"800\" src=\"https:\/\/i0.wp.com\/passerelle2.ac-nantes.fr\/matisse\/wp-content\/uploads\/sites\/311\/2026\/03\/DSCN8303.jpg?ssl=1\" data-amp-layout=\"responsive\"\/><\/figure><\/div><div class=\"tiled-gallery__col\" style=\"flex-basis:36.04460%\"><figure class=\"tiled-gallery__item\"><img decoding=\"async\" srcset=\"https:\/\/i0.wp.com\/passerelle2.ac-nantes.fr\/matisse\/wp-content\/uploads\/sites\/311\/2026\/03\/DSCN8304.jpg?strip=info&#038;w=450&#038;ssl=1 450w\" alt=\"\" data-height=\"600\" data-id=\"9638\" data-link=\"https:\/\/passerelle2.ac-nantes.fr\/matisse\/les-maternelles\/annee-2025-2026\/projet-7\/dscn8304\/\" data-url=\"https:\/\/passerelle2.ac-nantes.fr\/matisse\/wp-content\/uploads\/sites\/311\/2026\/03\/DSCN8304.jpg\" data-width=\"450\" src=\"https:\/\/i0.wp.com\/passerelle2.ac-nantes.fr\/matisse\/wp-content\/uploads\/sites\/311\/2026\/03\/DSCN8304.jpg?ssl=1\" data-amp-layout=\"responsive\"\/><\/figure><\/div><\/div><\/div><\/div><\/div>\n","protected":false},"excerpt":{"rendered":"<p>Ce 7e projet nous permet d&rsquo;explorer le corps et ses articulations. nous fabriquerons un pantin articul\u00e9 \u00e0 la mani\u00e8re de Pinocchio! LITTERATURE: -vocabulaire -fleur s\u00e9mantique ARTS VISUELS keith haring ARTS SONORES chanson: https:\/\/www.youtube.com\/watch?v=BLPdtI7o58k EXPLORATION DU MONDE -le corps: organes et &hellip; <a href=\"https:\/\/passerelle2.ac-nantes.fr\/matisse\/les-maternelles\/annee-2025-2026\/projet-7\/\">Continuer la lecture <span class=\"meta-nav\">&rarr;<\/span><\/a><\/p>\n","protected":false},"author":5554,"featured_media":0,"parent":9216,"menu_order":0,"comment_status":"closed","ping_status":"closed","template":"","meta":{"ngg_post_thumbnail":0,"h5ap_radio_sources":[],"jetpack_post_was_ever_published":false,"footnotes":""},"folder":[],"class_list":["post-9264","page","type-page","status-publish","hentry"],"jetpack_sharing_enabled":true,"jetpack_shortlink":"https:\/\/wp.me\/P8Njks-2pq","_links":{"self":[{"href":"https:\/\/passerelle2.ac-nantes.fr\/matisse\/wp-json\/wp\/v2\/pages\/9264","targetHints":{"allow":["GET"]}}],"collection":[{"href":"https:\/\/passerelle2.ac-nantes.fr\/matisse\/wp-json\/wp\/v2\/pages"}],"about":[{"href":"https:\/\/passerelle2.ac-nantes.fr\/matisse\/wp-json\/wp\/v2\/types\/page"}],"author":[{"embeddable":true,"href":"https:\/\/passerelle2.ac-nantes.fr\/matisse\/wp-json\/wp\/v2\/users\/5554"}],"replies":[{"embeddable":true,"href":"https:\/\/passerelle2.ac-nantes.fr\/matisse\/wp-json\/wp\/v2\/comments?post=9264"}],"version-history":[{"count":0,"href":"https:\/\/passerelle2.ac-nantes.fr\/matisse\/wp-json\/wp\/v2\/pages\/9264\/revisions"}],"up":[{"embeddable":true,"href":"https:\/\/passerelle2.ac-nantes.fr\/matisse\/wp-json\/wp\/v2\/pages\/9216"}],"wp:attachment":[{"href":"https:\/\/passerelle2.ac-nantes.fr\/matisse\/wp-json\/wp\/v2\/media?parent=9264"}],"wp:term":[{"taxonomy":"folder","embeddable":true,"href":"https:\/\/passerelle2.ac-nantes.fr\/matisse\/wp-json\/wp\/v2\/folder?post=9264"}],"curies":[{"name":"wp","href":"https:\/\/api.w.org\/{rel}","templated":true}]}}