
{"id":9478,"date":"2025-12-19T16:28:08","date_gmt":"2025-12-19T15:28:08","guid":{"rendered":"https:\/\/passerelle2.ac-nantes.fr\/matisse\/?page_id=9478"},"modified":"2025-12-19T16:30:09","modified_gmt":"2025-12-19T15:30:09","slug":"19-12-25-jeux-et-gouter-de-noel","status":"publish","type":"page","link":"https:\/\/passerelle2.ac-nantes.fr\/matisse\/les-maternelles\/annee-2025-2026\/dates-et-animations\/19-12-25-jeux-et-gouter-de-noel\/","title":{"rendered":"19\/12\/25: jeux et go\u00fbter de no\u00ebl"},"content":{"rendered":"\n<p>vendredi apr\u00e8s midi, nous avons jou\u00e9 en musique  ensemble en classe avec des jeux ramen\u00e9s de chez nous! nous avons aussi fait un go\u00fbter en classe ET nous avons eu la surprise de trouver des cadeaux dans la classe!!! UNE MAISON POUR LA COUR DE RECREATION ET DES ARDOISES MAGIQUES!!!<\/p>\n\n\n\n<p>merci au papa de ma\u00ebl qui a d\u00e9j\u00e0 mont\u00e9 la maison pendant qu&rsquo;on jouait!!<\/p>\n\n\n\n<div class=\"wp-block-jetpack-tiled-gallery aligncenter is-style-rectangular\"><div class=\"\"><div class=\"tiled-gallery__gallery\"><div class=\"tiled-gallery__row\"><div class=\"tiled-gallery__col\" style=\"flex-basis:66.80258%\"><figure class=\"tiled-gallery__item\"><img decoding=\"async\" srcset=\"https:\/\/i0.wp.com\/passerelle2.ac-nantes.fr\/matisse\/wp-content\/uploads\/sites\/311\/2025\/12\/1.jpg?strip=info&#038;w=600&#038;ssl=1 600w,https:\/\/i0.wp.com\/passerelle2.ac-nantes.fr\/matisse\/wp-content\/uploads\/sites\/311\/2025\/12\/1.jpg?strip=info&#038;w=800&#038;ssl=1 800w\" alt=\"\" data-height=\"600\" data-id=\"9480\" data-link=\"https:\/\/passerelle2.ac-nantes.fr\/matisse\/?attachment_id=9480\" data-url=\"https:\/\/passerelle2.ac-nantes.fr\/matisse\/wp-content\/uploads\/sites\/311\/2025\/12\/1.jpg\" data-width=\"800\" src=\"https:\/\/i0.wp.com\/passerelle2.ac-nantes.fr\/matisse\/wp-content\/uploads\/sites\/311\/2025\/12\/1.jpg?ssl=1\" data-amp-layout=\"responsive\"\/><\/figure><\/div><div class=\"tiled-gallery__col\" style=\"flex-basis:33.19742%\"><figure class=\"tiled-gallery__item\"><img decoding=\"async\" srcset=\"https:\/\/i0.wp.com\/passerelle2.ac-nantes.fr\/matisse\/wp-content\/uploads\/sites\/311\/2025\/12\/2.jpg?strip=info&#038;w=600&#038;ssl=1 600w,https:\/\/i0.wp.com\/passerelle2.ac-nantes.fr\/matisse\/wp-content\/uploads\/sites\/311\/2025\/12\/2.jpg?strip=info&#038;w=800&#038;ssl=1 800w\" alt=\"\" data-height=\"600\" data-id=\"9479\" data-link=\"https:\/\/passerelle2.ac-nantes.fr\/matisse\/?attachment_id=9479\" data-url=\"https:\/\/passerelle2.ac-nantes.fr\/matisse\/wp-content\/uploads\/sites\/311\/2025\/12\/2.jpg\" data-width=\"800\" src=\"https:\/\/i0.wp.com\/passerelle2.ac-nantes.fr\/matisse\/wp-content\/uploads\/sites\/311\/2025\/12\/2.jpg?ssl=1\" data-amp-layout=\"responsive\"\/><\/figure><figure class=\"tiled-gallery__item\"><img decoding=\"async\" srcset=\"https:\/\/i0.wp.com\/passerelle2.ac-nantes.fr\/matisse\/wp-content\/uploads\/sites\/311\/2025\/12\/1-1.jpg?strip=info&#038;w=600&#038;ssl=1 600w,https:\/\/i0.wp.com\/passerelle2.ac-nantes.fr\/matisse\/wp-content\/uploads\/sites\/311\/2025\/12\/1-1.jpg?strip=info&#038;w=800&#038;ssl=1 800w\" alt=\"\" data-height=\"600\" data-id=\"9482\" data-link=\"https:\/\/passerelle2.ac-nantes.fr\/matisse\/?attachment_id=9482\" data-url=\"https:\/\/passerelle2.ac-nantes.fr\/matisse\/wp-content\/uploads\/sites\/311\/2025\/12\/1-1.jpg\" data-width=\"800\" src=\"https:\/\/i0.wp.com\/passerelle2.ac-nantes.fr\/matisse\/wp-content\/uploads\/sites\/311\/2025\/12\/1-1.jpg?ssl=1\" data-amp-layout=\"responsive\"\/><\/figure><\/div><\/div><div class=\"tiled-gallery__row\"><div class=\"tiled-gallery__col\" style=\"flex-basis:33.33333%\"><figure class=\"tiled-gallery__item\"><img decoding=\"async\" srcset=\"https:\/\/i0.wp.com\/passerelle2.ac-nantes.fr\/matisse\/wp-content\/uploads\/sites\/311\/2025\/12\/2-1.jpg?strip=info&#038;w=600&#038;ssl=1 600w,https:\/\/i0.wp.com\/passerelle2.ac-nantes.fr\/matisse\/wp-content\/uploads\/sites\/311\/2025\/12\/2-1.jpg?strip=info&#038;w=800&#038;ssl=1 800w\" alt=\"\" data-height=\"600\" data-id=\"9481\" data-link=\"https:\/\/passerelle2.ac-nantes.fr\/matisse\/?attachment_id=9481\" data-url=\"https:\/\/passerelle2.ac-nantes.fr\/matisse\/wp-content\/uploads\/sites\/311\/2025\/12\/2-1.jpg\" data-width=\"800\" src=\"https:\/\/i0.wp.com\/passerelle2.ac-nantes.fr\/matisse\/wp-content\/uploads\/sites\/311\/2025\/12\/2-1.jpg?ssl=1\" data-amp-layout=\"responsive\"\/><\/figure><\/div><div class=\"tiled-gallery__col\" style=\"flex-basis:33.33333%\"><figure class=\"tiled-gallery__item\"><img decoding=\"async\" srcset=\"https:\/\/i0.wp.com\/passerelle2.ac-nantes.fr\/matisse\/wp-content\/uploads\/sites\/311\/2025\/12\/DSCN8156.jpg?strip=info&#038;w=600&#038;ssl=1 600w,https:\/\/i0.wp.com\/passerelle2.ac-nantes.fr\/matisse\/wp-content\/uploads\/sites\/311\/2025\/12\/DSCN8156.jpg?strip=info&#038;w=800&#038;ssl=1 800w\" alt=\"\" data-height=\"600\" data-id=\"9486\" data-link=\"https:\/\/passerelle2.ac-nantes.fr\/matisse\/?attachment_id=9486\" data-url=\"https:\/\/passerelle2.ac-nantes.fr\/matisse\/wp-content\/uploads\/sites\/311\/2025\/12\/DSCN8156.jpg\" data-width=\"800\" src=\"https:\/\/i0.wp.com\/passerelle2.ac-nantes.fr\/matisse\/wp-content\/uploads\/sites\/311\/2025\/12\/DSCN8156.jpg?ssl=1\" data-amp-layout=\"responsive\"\/><\/figure><\/div><div class=\"tiled-gallery__col\" style=\"flex-basis:33.33333%\"><figure class=\"tiled-gallery__item\"><img decoding=\"async\" srcset=\"https:\/\/i0.wp.com\/passerelle2.ac-nantes.fr\/matisse\/wp-content\/uploads\/sites\/311\/2025\/12\/DSCN8157.jpg?strip=info&#038;w=600&#038;ssl=1 600w,https:\/\/i0.wp.com\/passerelle2.ac-nantes.fr\/matisse\/wp-content\/uploads\/sites\/311\/2025\/12\/DSCN8157.jpg?strip=info&#038;w=800&#038;ssl=1 800w\" alt=\"\" data-height=\"600\" data-id=\"9487\" data-link=\"https:\/\/passerelle2.ac-nantes.fr\/matisse\/?attachment_id=9487\" data-url=\"https:\/\/passerelle2.ac-nantes.fr\/matisse\/wp-content\/uploads\/sites\/311\/2025\/12\/DSCN8157.jpg\" data-width=\"800\" src=\"https:\/\/i0.wp.com\/passerelle2.ac-nantes.fr\/matisse\/wp-content\/uploads\/sites\/311\/2025\/12\/DSCN8157.jpg?ssl=1\" data-amp-layout=\"responsive\"\/><\/figure><\/div><\/div><div class=\"tiled-gallery__row\"><div class=\"tiled-gallery__col\" style=\"flex-basis:33.19742%\"><figure class=\"tiled-gallery__item\"><img decoding=\"async\" srcset=\"https:\/\/i0.wp.com\/passerelle2.ac-nantes.fr\/matisse\/wp-content\/uploads\/sites\/311\/2025\/12\/DSCN8159.jpg?strip=info&#038;w=600&#038;ssl=1 600w,https:\/\/i0.wp.com\/passerelle2.ac-nantes.fr\/matisse\/wp-content\/uploads\/sites\/311\/2025\/12\/DSCN8159.jpg?strip=info&#038;w=800&#038;ssl=1 800w\" alt=\"\" data-height=\"600\" data-id=\"9484\" data-link=\"https:\/\/passerelle2.ac-nantes.fr\/matisse\/?attachment_id=9484\" data-url=\"https:\/\/passerelle2.ac-nantes.fr\/matisse\/wp-content\/uploads\/sites\/311\/2025\/12\/DSCN8159.jpg\" data-width=\"800\" src=\"https:\/\/i0.wp.com\/passerelle2.ac-nantes.fr\/matisse\/wp-content\/uploads\/sites\/311\/2025\/12\/DSCN8159.jpg?ssl=1\" data-amp-layout=\"responsive\"\/><\/figure><figure class=\"tiled-gallery__item\"><img decoding=\"async\" srcset=\"https:\/\/i0.wp.com\/passerelle2.ac-nantes.fr\/matisse\/wp-content\/uploads\/sites\/311\/2025\/12\/DSCN8161.jpg?strip=info&#038;w=600&#038;ssl=1 600w,https:\/\/i0.wp.com\/passerelle2.ac-nantes.fr\/matisse\/wp-content\/uploads\/sites\/311\/2025\/12\/DSCN8161.jpg?strip=info&#038;w=800&#038;ssl=1 800w\" alt=\"\" data-height=\"600\" data-id=\"9488\" data-link=\"https:\/\/passerelle2.ac-nantes.fr\/matisse\/?attachment_id=9488\" data-url=\"https:\/\/passerelle2.ac-nantes.fr\/matisse\/wp-content\/uploads\/sites\/311\/2025\/12\/DSCN8161.jpg\" data-width=\"800\" src=\"https:\/\/i0.wp.com\/passerelle2.ac-nantes.fr\/matisse\/wp-content\/uploads\/sites\/311\/2025\/12\/DSCN8161.jpg?ssl=1\" data-amp-layout=\"responsive\"\/><\/figure><\/div><div class=\"tiled-gallery__col\" style=\"flex-basis:66.80258%\"><figure class=\"tiled-gallery__item\"><img decoding=\"async\" srcset=\"https:\/\/i0.wp.com\/passerelle2.ac-nantes.fr\/matisse\/wp-content\/uploads\/sites\/311\/2025\/12\/DSCN8162.jpg?strip=info&#038;w=600&#038;ssl=1 600w,https:\/\/i0.wp.com\/passerelle2.ac-nantes.fr\/matisse\/wp-content\/uploads\/sites\/311\/2025\/12\/DSCN8162.jpg?strip=info&#038;w=800&#038;ssl=1 800w\" alt=\"\" data-height=\"600\" data-id=\"9485\" data-link=\"https:\/\/passerelle2.ac-nantes.fr\/matisse\/?attachment_id=9485\" data-url=\"https:\/\/passerelle2.ac-nantes.fr\/matisse\/wp-content\/uploads\/sites\/311\/2025\/12\/DSCN8162.jpg\" data-width=\"800\" src=\"https:\/\/i0.wp.com\/passerelle2.ac-nantes.fr\/matisse\/wp-content\/uploads\/sites\/311\/2025\/12\/DSCN8162.jpg?ssl=1\" data-amp-layout=\"responsive\"\/><\/figure><\/div><\/div><div class=\"tiled-gallery__row\"><div class=\"tiled-gallery__col\" style=\"flex-basis:50.00000%\"><figure class=\"tiled-gallery__item\"><img decoding=\"async\" srcset=\"https:\/\/i0.wp.com\/passerelle2.ac-nantes.fr\/matisse\/wp-content\/uploads\/sites\/311\/2025\/12\/DSCN8168.jpg?strip=info&#038;w=600&#038;ssl=1 600w,https:\/\/i0.wp.com\/passerelle2.ac-nantes.fr\/matisse\/wp-content\/uploads\/sites\/311\/2025\/12\/DSCN8168.jpg?strip=info&#038;w=800&#038;ssl=1 800w\" alt=\"\" data-height=\"600\" data-id=\"9483\" data-link=\"https:\/\/passerelle2.ac-nantes.fr\/matisse\/?attachment_id=9483\" data-url=\"https:\/\/passerelle2.ac-nantes.fr\/matisse\/wp-content\/uploads\/sites\/311\/2025\/12\/DSCN8168.jpg\" data-width=\"800\" src=\"https:\/\/i0.wp.com\/passerelle2.ac-nantes.fr\/matisse\/wp-content\/uploads\/sites\/311\/2025\/12\/DSCN8168.jpg?ssl=1\" data-amp-layout=\"responsive\"\/><\/figure><\/div><div class=\"tiled-gallery__col\" style=\"flex-basis:50.00000%\"><figure class=\"tiled-gallery__item\"><img decoding=\"async\" srcset=\"https:\/\/i0.wp.com\/passerelle2.ac-nantes.fr\/matisse\/wp-content\/uploads\/sites\/311\/2025\/12\/DSCN8172.jpg?strip=info&#038;w=600&#038;ssl=1 600w,https:\/\/i0.wp.com\/passerelle2.ac-nantes.fr\/matisse\/wp-content\/uploads\/sites\/311\/2025\/12\/DSCN8172.jpg?strip=info&#038;w=800&#038;ssl=1 800w\" alt=\"\" data-height=\"600\" data-id=\"9489\" data-link=\"https:\/\/passerelle2.ac-nantes.fr\/matisse\/?attachment_id=9489\" data-url=\"https:\/\/passerelle2.ac-nantes.fr\/matisse\/wp-content\/uploads\/sites\/311\/2025\/12\/DSCN8172.jpg\" data-width=\"800\" src=\"https:\/\/i0.wp.com\/passerelle2.ac-nantes.fr\/matisse\/wp-content\/uploads\/sites\/311\/2025\/12\/DSCN8172.jpg?ssl=1\" data-amp-layout=\"responsive\"\/><\/figure><\/div><\/div><div class=\"tiled-gallery__row\"><div class=\"tiled-gallery__col\" style=\"flex-basis:31.95428%\"><figure class=\"tiled-gallery__item\"><img decoding=\"async\" srcset=\"https:\/\/i0.wp.com\/passerelle2.ac-nantes.fr\/matisse\/wp-content\/uploads\/sites\/311\/2025\/12\/DSCN8173.jpg?strip=info&#038;w=600&#038;ssl=1 600w,https:\/\/i0.wp.com\/passerelle2.ac-nantes.fr\/matisse\/wp-content\/uploads\/sites\/311\/2025\/12\/DSCN8173.jpg?strip=info&#038;w=800&#038;ssl=1 800w\" alt=\"\" data-height=\"600\" data-id=\"9490\" data-link=\"https:\/\/passerelle2.ac-nantes.fr\/matisse\/?attachment_id=9490\" data-url=\"https:\/\/passerelle2.ac-nantes.fr\/matisse\/wp-content\/uploads\/sites\/311\/2025\/12\/DSCN8173.jpg\" data-width=\"800\" src=\"https:\/\/i0.wp.com\/passerelle2.ac-nantes.fr\/matisse\/wp-content\/uploads\/sites\/311\/2025\/12\/DSCN8173.jpg?ssl=1\" data-amp-layout=\"responsive\"\/><\/figure><\/div><div class=\"tiled-gallery__col\" style=\"flex-basis:31.95428%\"><figure class=\"tiled-gallery__item\"><img decoding=\"async\" srcset=\"https:\/\/i0.wp.com\/passerelle2.ac-nantes.fr\/matisse\/wp-content\/uploads\/sites\/311\/2025\/12\/DSCN8175.jpg?strip=info&#038;w=600&#038;ssl=1 600w,https:\/\/i0.wp.com\/passerelle2.ac-nantes.fr\/matisse\/wp-content\/uploads\/sites\/311\/2025\/12\/DSCN8175.jpg?strip=info&#038;w=800&#038;ssl=1 800w\" alt=\"\" data-height=\"600\" data-id=\"9491\" data-link=\"https:\/\/passerelle2.ac-nantes.fr\/matisse\/?attachment_id=9491\" data-url=\"https:\/\/passerelle2.ac-nantes.fr\/matisse\/wp-content\/uploads\/sites\/311\/2025\/12\/DSCN8175.jpg\" data-width=\"800\" src=\"https:\/\/i0.wp.com\/passerelle2.ac-nantes.fr\/matisse\/wp-content\/uploads\/sites\/311\/2025\/12\/DSCN8175.jpg?ssl=1\" data-amp-layout=\"responsive\"\/><\/figure><\/div><div class=\"tiled-gallery__col\" style=\"flex-basis:18.04572%\"><figure class=\"tiled-gallery__item\"><img decoding=\"async\" srcset=\"https:\/\/i0.wp.com\/passerelle2.ac-nantes.fr\/matisse\/wp-content\/uploads\/sites\/311\/2025\/12\/DSCN8178.jpg?strip=info&#038;w=450&#038;ssl=1 450w\" alt=\"\" data-height=\"600\" data-id=\"9492\" data-link=\"https:\/\/passerelle2.ac-nantes.fr\/matisse\/?attachment_id=9492\" data-url=\"https:\/\/passerelle2.ac-nantes.fr\/matisse\/wp-content\/uploads\/sites\/311\/2025\/12\/DSCN8178.jpg\" data-width=\"450\" src=\"https:\/\/i0.wp.com\/passerelle2.ac-nantes.fr\/matisse\/wp-content\/uploads\/sites\/311\/2025\/12\/DSCN8178.jpg?ssl=1\" data-amp-layout=\"responsive\"\/><\/figure><\/div><div class=\"tiled-gallery__col\" style=\"flex-basis:18.04572%\"><figure class=\"tiled-gallery__item\"><img decoding=\"async\" srcset=\"https:\/\/i0.wp.com\/passerelle2.ac-nantes.fr\/matisse\/wp-content\/uploads\/sites\/311\/2025\/12\/DSCN8179.jpg?strip=info&#038;w=450&#038;ssl=1 450w\" alt=\"\" data-height=\"600\" data-id=\"9493\" data-link=\"https:\/\/passerelle2.ac-nantes.fr\/matisse\/?attachment_id=9493\" data-url=\"https:\/\/passerelle2.ac-nantes.fr\/matisse\/wp-content\/uploads\/sites\/311\/2025\/12\/DSCN8179.jpg\" data-width=\"450\" src=\"https:\/\/i0.wp.com\/passerelle2.ac-nantes.fr\/matisse\/wp-content\/uploads\/sites\/311\/2025\/12\/DSCN8179.jpg?ssl=1\" data-amp-layout=\"responsive\"\/><\/figure><\/div><\/div><\/div><\/div><\/div>\n","protected":false},"excerpt":{"rendered":"<p>vendredi apr\u00e8s midi, nous avons jou\u00e9 en musique ensemble en classe avec des jeux ramen\u00e9s de chez nous! nous avons aussi fait un go\u00fbter en classe ET nous avons eu la surprise de trouver des cadeaux dans la classe!!! UNE &hellip; <a href=\"https:\/\/passerelle2.ac-nantes.fr\/matisse\/les-maternelles\/annee-2025-2026\/dates-et-animations\/19-12-25-jeux-et-gouter-de-noel\/\">Continuer la lecture <span class=\"meta-nav\">&rarr;<\/span><\/a><\/p>\n","protected":false},"author":5554,"featured_media":0,"parent":9219,"menu_order":0,"comment_status":"closed","ping_status":"closed","template":"","meta":{"ngg_post_thumbnail":0,"h5ap_radio_sources":[],"jetpack_post_was_ever_published":false,"footnotes":""},"folder":[],"class_list":["post-9478","page","type-page","status-publish","hentry"],"jetpack_sharing_enabled":true,"jetpack_shortlink":"https:\/\/wp.me\/P8Njks-2sS","_links":{"self":[{"href":"https:\/\/passerelle2.ac-nantes.fr\/matisse\/wp-json\/wp\/v2\/pages\/9478","targetHints":{"allow":["GET"]}}],"collection":[{"href":"https:\/\/passerelle2.ac-nantes.fr\/matisse\/wp-json\/wp\/v2\/pages"}],"about":[{"href":"https:\/\/passerelle2.ac-nantes.fr\/matisse\/wp-json\/wp\/v2\/types\/page"}],"author":[{"embeddable":true,"href":"https:\/\/passerelle2.ac-nantes.fr\/matisse\/wp-json\/wp\/v2\/users\/5554"}],"replies":[{"embeddable":true,"href":"https:\/\/passerelle2.ac-nantes.fr\/matisse\/wp-json\/wp\/v2\/comments?post=9478"}],"version-history":[{"count":0,"href":"https:\/\/passerelle2.ac-nantes.fr\/matisse\/wp-json\/wp\/v2\/pages\/9478\/revisions"}],"up":[{"embeddable":true,"href":"https:\/\/passerelle2.ac-nantes.fr\/matisse\/wp-json\/wp\/v2\/pages\/9219"}],"wp:attachment":[{"href":"https:\/\/passerelle2.ac-nantes.fr\/matisse\/wp-json\/wp\/v2\/media?parent=9478"}],"wp:term":[{"taxonomy":"folder","embeddable":true,"href":"https:\/\/passerelle2.ac-nantes.fr\/matisse\/wp-json\/wp\/v2\/folder?post=9478"}],"curies":[{"name":"wp","href":"https:\/\/api.w.org\/{rel}","templated":true}]}}