
{"id":9550,"date":"2026-01-18T14:31:06","date_gmt":"2026-01-18T13:31:06","guid":{"rendered":"https:\/\/passerelle2.ac-nantes.fr\/matisse\/?page_id=9550"},"modified":"2026-02-05T12:32:04","modified_gmt":"2026-02-05T11:32:04","slug":"27-1-26-les-grands-a-paris","status":"publish","type":"page","link":"https:\/\/passerelle2.ac-nantes.fr\/matisse\/les-maternelles\/annee-2025-2026\/dates-et-animations\/27-1-26-les-grands-a-paris\/","title":{"rendered":"27\/1\/26 les grands \u00e0 paris!"},"content":{"rendered":"\n<p><br>le 27\/1\/26, j\u2019emm\u00e8nerai les grandes sections \u00e0 Paris afin de participer \u00e0 la c\u00e9r\u00e9monie de remise de prix de l\u2019Acad\u00e9mie des sciences. Je serai remplac\u00e9e pour les petits et les moyens qui auront donc \u00e9cole comme d\u2019habitude&nbsp;! Pour rappel je ne peux emmener qu\u2019un petit groupe car les places sont limit\u00e9es dans la palais de l\u2019institut de France. Cordialement, Mme Pourcel .<\/p>\n\n\n\n<figure class=\"wp-block-image size-full\"><img loading=\"lazy\" decoding=\"async\" width=\"793\" height=\"566\" src=\"https:\/\/passerelle2.ac-nantes.fr\/matisse\/wp-content\/uploads\/sites\/311\/2026\/01\/Capture-decran_18-1-2026_143021_.jpeg\" alt=\"\" class=\"wp-image-9576\" srcset=\"https:\/\/passerelle2.ac-nantes.fr\/matisse\/wp-content\/uploads\/sites\/311\/2026\/01\/Capture-decran_18-1-2026_143021_.jpeg 793w, https:\/\/passerelle2.ac-nantes.fr\/matisse\/wp-content\/uploads\/sites\/311\/2026\/01\/Capture-decran_18-1-2026_143021_-300x214.jpeg 300w, https:\/\/passerelle2.ac-nantes.fr\/matisse\/wp-content\/uploads\/sites\/311\/2026\/01\/Capture-decran_18-1-2026_143021_-768x548.jpeg 768w\" sizes=\"auto, (max-width: 793px) 100vw, 793px\" \/><\/figure>\n\n\n\n<p>lien: <a href=\"https:\/\/fondation-lamap.org\/actualites\/palmares-des-prix-la-main-a-la-pate-de-l-academie-des-sciences-2025\">Palmar\u00e8s des Prix La main \u00e0 la p\u00e2te de l&rsquo;Acad\u00e9mie des Sciences 2025 | La Fondation La main \u00e0 la p\u00e2te<\/a><\/p>\n\n\n\n<div class=\"wp-block-jetpack-tiled-gallery aligncenter is-style-rectangular\"><div class=\"\"><div class=\"tiled-gallery__gallery\"><div class=\"tiled-gallery__row\"><div class=\"tiled-gallery__col\" style=\"flex-basis:53.98449%\"><figure class=\"tiled-gallery__item\"><img decoding=\"async\" srcset=\"https:\/\/i0.wp.com\/passerelle2.ac-nantes.fr\/matisse\/wp-content\/uploads\/sites\/311\/2026\/01\/IMG_20260127_082959.jpg?strip=info&#038;w=600&#038;ssl=1 600w,https:\/\/i0.wp.com\/passerelle2.ac-nantes.fr\/matisse\/wp-content\/uploads\/sites\/311\/2026\/01\/IMG_20260127_082959.jpg?strip=info&#038;w=800&#038;ssl=1 800w\" alt=\"\" data-height=\"600\" data-id=\"9583\" data-link=\"https:\/\/passerelle2.ac-nantes.fr\/matisse\/les-maternelles\/annee-2025-2026\/dates-et-animations\/27-1-26-les-grands-a-paris\/img_20260127_082959\/\" data-url=\"https:\/\/passerelle2.ac-nantes.fr\/matisse\/wp-content\/uploads\/sites\/311\/2026\/01\/IMG_20260127_082959.jpg\" data-width=\"800\" src=\"https:\/\/i0.wp.com\/passerelle2.ac-nantes.fr\/matisse\/wp-content\/uploads\/sites\/311\/2026\/01\/IMG_20260127_082959.jpg?ssl=1\" data-amp-layout=\"responsive\"\/><\/figure><figure class=\"tiled-gallery__item\"><img decoding=\"async\" srcset=\"https:\/\/i0.wp.com\/passerelle2.ac-nantes.fr\/matisse\/wp-content\/uploads\/sites\/311\/2026\/01\/IMG_20260127_144102.jpg?strip=info&#038;w=600&#038;ssl=1 600w,https:\/\/i0.wp.com\/passerelle2.ac-nantes.fr\/matisse\/wp-content\/uploads\/sites\/311\/2026\/01\/IMG_20260127_144102.jpg?strip=info&#038;w=800&#038;ssl=1 800w\" alt=\"\" data-height=\"600\" data-id=\"9582\" data-link=\"https:\/\/passerelle2.ac-nantes.fr\/matisse\/les-maternelles\/annee-2025-2026\/dates-et-animations\/27-1-26-les-grands-a-paris\/img_20260127_144102\/\" data-url=\"https:\/\/passerelle2.ac-nantes.fr\/matisse\/wp-content\/uploads\/sites\/311\/2026\/01\/IMG_20260127_144102.jpg\" data-width=\"800\" src=\"https:\/\/i0.wp.com\/passerelle2.ac-nantes.fr\/matisse\/wp-content\/uploads\/sites\/311\/2026\/01\/IMG_20260127_144102.jpg?ssl=1\" data-amp-layout=\"responsive\"\/><\/figure><\/div><div class=\"tiled-gallery__col\" style=\"flex-basis:46.01551%\"><figure class=\"tiled-gallery__item\"><img decoding=\"async\" srcset=\"https:\/\/i0.wp.com\/passerelle2.ac-nantes.fr\/matisse\/wp-content\/uploads\/sites\/311\/2026\/01\/IMG_20260127_144725.jpg?strip=info&#038;w=338&#038;ssl=1 338w\" alt=\"\" data-height=\"600\" data-id=\"9580\" data-link=\"https:\/\/passerelle2.ac-nantes.fr\/matisse\/les-maternelles\/annee-2025-2026\/dates-et-animations\/27-1-26-les-grands-a-paris\/img_20260127_144725\/\" data-url=\"https:\/\/passerelle2.ac-nantes.fr\/matisse\/wp-content\/uploads\/sites\/311\/2026\/01\/IMG_20260127_144725.jpg\" data-width=\"338\" src=\"https:\/\/i0.wp.com\/passerelle2.ac-nantes.fr\/matisse\/wp-content\/uploads\/sites\/311\/2026\/01\/IMG_20260127_144725.jpg?ssl=1\" data-amp-layout=\"responsive\"\/><\/figure><\/div><\/div><div class=\"tiled-gallery__row\"><div class=\"tiled-gallery__col\" style=\"flex-basis:42.90263%\"><figure class=\"tiled-gallery__item\"><img decoding=\"async\" srcset=\"https:\/\/i0.wp.com\/passerelle2.ac-nantes.fr\/matisse\/wp-content\/uploads\/sites\/311\/2026\/01\/IMG_20260127_164526.jpg?strip=info&#038;w=600&#038;ssl=1 600w,https:\/\/i0.wp.com\/passerelle2.ac-nantes.fr\/matisse\/wp-content\/uploads\/sites\/311\/2026\/01\/IMG_20260127_164526.jpg?strip=info&#038;w=800&#038;ssl=1 800w\" alt=\"\" data-height=\"600\" data-id=\"9584\" data-link=\"https:\/\/passerelle2.ac-nantes.fr\/matisse\/les-maternelles\/annee-2025-2026\/dates-et-animations\/27-1-26-les-grands-a-paris\/img_20260127_164526\/\" data-url=\"https:\/\/passerelle2.ac-nantes.fr\/matisse\/wp-content\/uploads\/sites\/311\/2026\/01\/IMG_20260127_164526.jpg\" data-width=\"800\" src=\"https:\/\/i0.wp.com\/passerelle2.ac-nantes.fr\/matisse\/wp-content\/uploads\/sites\/311\/2026\/01\/IMG_20260127_164526.jpg?ssl=1\" data-amp-layout=\"responsive\"\/><\/figure><\/div><div class=\"tiled-gallery__col\" style=\"flex-basis:57.09737%\"><figure class=\"tiled-gallery__item\"><img decoding=\"async\" srcset=\"https:\/\/i0.wp.com\/passerelle2.ac-nantes.fr\/matisse\/wp-content\/uploads\/sites\/311\/2026\/01\/IMG_20260127_165237.jpg?strip=info&#038;w=600&#038;ssl=1 600w,https:\/\/i0.wp.com\/passerelle2.ac-nantes.fr\/matisse\/wp-content\/uploads\/sites\/311\/2026\/01\/IMG_20260127_165237.jpg?strip=info&#038;w=900&#038;ssl=1 900w,https:\/\/i0.wp.com\/passerelle2.ac-nantes.fr\/matisse\/wp-content\/uploads\/sites\/311\/2026\/01\/IMG_20260127_165237.jpg?strip=info&#038;w=940&#038;ssl=1 940w\" alt=\"\" data-height=\"529\" data-id=\"9581\" data-link=\"https:\/\/passerelle2.ac-nantes.fr\/matisse\/les-maternelles\/annee-2025-2026\/dates-et-animations\/27-1-26-les-grands-a-paris\/img_20260127_165237\/\" data-url=\"https:\/\/passerelle2.ac-nantes.fr\/matisse\/wp-content\/uploads\/sites\/311\/2026\/01\/IMG_20260127_165237.jpg\" data-width=\"940\" src=\"https:\/\/i0.wp.com\/passerelle2.ac-nantes.fr\/matisse\/wp-content\/uploads\/sites\/311\/2026\/01\/IMG_20260127_165237.jpg?ssl=1\" data-amp-layout=\"responsive\"\/><\/figure><\/div><\/div><div class=\"tiled-gallery__row\"><div class=\"tiled-gallery__col\" style=\"flex-basis:27.90105%\"><figure class=\"tiled-gallery__item\"><img decoding=\"async\" srcset=\"https:\/\/i0.wp.com\/passerelle2.ac-nantes.fr\/matisse\/wp-content\/uploads\/sites\/311\/2026\/01\/IMG_20260127_165909.jpg?strip=info&#038;w=436&#038;ssl=1 436w\" alt=\"\" data-height=\"600\" data-id=\"9579\" data-link=\"https:\/\/passerelle2.ac-nantes.fr\/matisse\/les-maternelles\/annee-2025-2026\/dates-et-animations\/27-1-26-les-grands-a-paris\/img_20260127_165909\/\" data-url=\"https:\/\/passerelle2.ac-nantes.fr\/matisse\/wp-content\/uploads\/sites\/311\/2026\/01\/IMG_20260127_165909.jpg\" data-width=\"436\" src=\"https:\/\/i0.wp.com\/passerelle2.ac-nantes.fr\/matisse\/wp-content\/uploads\/sites\/311\/2026\/01\/IMG_20260127_165909.jpg?ssl=1\" data-amp-layout=\"responsive\"\/><\/figure><\/div><div class=\"tiled-gallery__col\" style=\"flex-basis:28.79368%\"><figure class=\"tiled-gallery__item\"><img decoding=\"async\" srcset=\"https:\/\/i0.wp.com\/passerelle2.ac-nantes.fr\/matisse\/wp-content\/uploads\/sites\/311\/2026\/01\/IMG_20260127_174501.jpg?strip=info&#038;w=450&#038;ssl=1 450w\" alt=\"\" data-height=\"600\" data-id=\"9586\" data-link=\"https:\/\/passerelle2.ac-nantes.fr\/matisse\/les-maternelles\/annee-2025-2026\/dates-et-animations\/27-1-26-les-grands-a-paris\/img_20260127_174501\/\" data-url=\"https:\/\/passerelle2.ac-nantes.fr\/matisse\/wp-content\/uploads\/sites\/311\/2026\/01\/IMG_20260127_174501.jpg\" data-width=\"450\" src=\"https:\/\/i0.wp.com\/passerelle2.ac-nantes.fr\/matisse\/wp-content\/uploads\/sites\/311\/2026\/01\/IMG_20260127_174501.jpg?ssl=1\" data-amp-layout=\"responsive\"\/><\/figure><\/div><div class=\"tiled-gallery__col\" style=\"flex-basis:21.65264%\"><figure class=\"tiled-gallery__item\"><img decoding=\"async\" srcset=\"https:\/\/i0.wp.com\/passerelle2.ac-nantes.fr\/matisse\/wp-content\/uploads\/sites\/311\/2026\/01\/IMG-20260127-WA0009.jpeg?strip=info&#038;w=338&#038;ssl=1 338w\" alt=\"\" data-height=\"600\" data-id=\"9585\" data-link=\"https:\/\/passerelle2.ac-nantes.fr\/matisse\/les-maternelles\/annee-2025-2026\/dates-et-animations\/27-1-26-les-grands-a-paris\/img-20260127-wa0009\/\" data-url=\"https:\/\/passerelle2.ac-nantes.fr\/matisse\/wp-content\/uploads\/sites\/311\/2026\/01\/IMG-20260127-WA0009.jpeg\" data-width=\"338\" src=\"https:\/\/i0.wp.com\/passerelle2.ac-nantes.fr\/matisse\/wp-content\/uploads\/sites\/311\/2026\/01\/IMG-20260127-WA0009.jpeg?ssl=1\" data-amp-layout=\"responsive\"\/><\/figure><\/div><div class=\"tiled-gallery__col\" style=\"flex-basis:21.65264%\"><figure class=\"tiled-gallery__item\"><img decoding=\"async\" srcset=\"https:\/\/i0.wp.com\/passerelle2.ac-nantes.fr\/matisse\/wp-content\/uploads\/sites\/311\/2026\/01\/IMG-20260127-WA0012.jpeg?strip=info&#038;w=338&#038;ssl=1 338w\" alt=\"\" data-height=\"600\" data-id=\"9587\" data-link=\"https:\/\/passerelle2.ac-nantes.fr\/matisse\/les-maternelles\/annee-2025-2026\/dates-et-animations\/27-1-26-les-grands-a-paris\/img-20260127-wa0012\/\" data-url=\"https:\/\/passerelle2.ac-nantes.fr\/matisse\/wp-content\/uploads\/sites\/311\/2026\/01\/IMG-20260127-WA0012.jpeg\" data-width=\"338\" src=\"https:\/\/i0.wp.com\/passerelle2.ac-nantes.fr\/matisse\/wp-content\/uploads\/sites\/311\/2026\/01\/IMG-20260127-WA0012.jpeg?ssl=1\" data-amp-layout=\"responsive\"\/><\/figure><\/div><\/div><div class=\"tiled-gallery__row\"><div class=\"tiled-gallery__col\" style=\"flex-basis:39.11412%\"><figure class=\"tiled-gallery__item\"><img decoding=\"async\" srcset=\"https:\/\/i0.wp.com\/passerelle2.ac-nantes.fr\/matisse\/wp-content\/uploads\/sites\/311\/2026\/01\/IMG-20260127-WA0025.jpeg?strip=info&#038;w=338&#038;ssl=1 338w\" alt=\"\" data-height=\"600\" data-id=\"9588\" data-link=\"https:\/\/passerelle2.ac-nantes.fr\/matisse\/les-maternelles\/annee-2025-2026\/dates-et-animations\/27-1-26-les-grands-a-paris\/img-20260127-wa0025\/\" data-url=\"https:\/\/passerelle2.ac-nantes.fr\/matisse\/wp-content\/uploads\/sites\/311\/2026\/01\/IMG-20260127-WA0025.jpeg\" data-width=\"338\" src=\"https:\/\/i0.wp.com\/passerelle2.ac-nantes.fr\/matisse\/wp-content\/uploads\/sites\/311\/2026\/01\/IMG-20260127-WA0025.jpeg?ssl=1\" data-amp-layout=\"responsive\"\/><\/figure><\/div><div class=\"tiled-gallery__col\" style=\"flex-basis:60.88588%\"><figure class=\"tiled-gallery__item\"><img decoding=\"async\" srcset=\"https:\/\/i0.wp.com\/passerelle2.ac-nantes.fr\/matisse\/wp-content\/uploads\/sites\/311\/2026\/01\/IMG-20260127-WA0071.jpeg?strip=info&#038;w=600&#038;ssl=1 600w,https:\/\/i0.wp.com\/passerelle2.ac-nantes.fr\/matisse\/wp-content\/uploads\/sites\/311\/2026\/01\/IMG-20260127-WA0071.jpeg?strip=info&#038;w=900&#038;ssl=1 900w,https:\/\/i0.wp.com\/passerelle2.ac-nantes.fr\/matisse\/wp-content\/uploads\/sites\/311\/2026\/01\/IMG-20260127-WA0071.jpeg?strip=info&#038;w=940&#038;ssl=1 940w\" alt=\"\" data-height=\"529\" data-id=\"9589\" data-link=\"https:\/\/passerelle2.ac-nantes.fr\/matisse\/les-maternelles\/annee-2025-2026\/dates-et-animations\/27-1-26-les-grands-a-paris\/img-20260127-wa0071\/\" data-url=\"https:\/\/passerelle2.ac-nantes.fr\/matisse\/wp-content\/uploads\/sites\/311\/2026\/01\/IMG-20260127-WA0071.jpeg\" data-width=\"940\" src=\"https:\/\/i0.wp.com\/passerelle2.ac-nantes.fr\/matisse\/wp-content\/uploads\/sites\/311\/2026\/01\/IMG-20260127-WA0071.jpeg?ssl=1\" data-amp-layout=\"responsive\"\/><\/figure><figure class=\"tiled-gallery__item\"><img decoding=\"async\" srcset=\"https:\/\/i0.wp.com\/passerelle2.ac-nantes.fr\/matisse\/wp-content\/uploads\/sites\/311\/2026\/01\/IMG-20260127-WA0083.jpeg?strip=info&#038;w=600&#038;ssl=1 600w,https:\/\/i0.wp.com\/passerelle2.ac-nantes.fr\/matisse\/wp-content\/uploads\/sites\/311\/2026\/01\/IMG-20260127-WA0083.jpeg?strip=info&#038;w=900&#038;ssl=1 900w,https:\/\/i0.wp.com\/passerelle2.ac-nantes.fr\/matisse\/wp-content\/uploads\/sites\/311\/2026\/01\/IMG-20260127-WA0083.jpeg?strip=info&#038;w=940&#038;ssl=1 940w\" alt=\"\" data-height=\"529\" data-id=\"9590\" data-link=\"https:\/\/passerelle2.ac-nantes.fr\/matisse\/les-maternelles\/annee-2025-2026\/dates-et-animations\/27-1-26-les-grands-a-paris\/img-20260127-wa0083\/\" data-url=\"https:\/\/passerelle2.ac-nantes.fr\/matisse\/wp-content\/uploads\/sites\/311\/2026\/01\/IMG-20260127-WA0083.jpeg\" data-width=\"940\" src=\"https:\/\/i0.wp.com\/passerelle2.ac-nantes.fr\/matisse\/wp-content\/uploads\/sites\/311\/2026\/01\/IMG-20260127-WA0083.jpeg?ssl=1\" data-amp-layout=\"responsive\"\/><\/figure><\/div><\/div><\/div><\/div><\/div>\n","protected":false},"excerpt":{"rendered":"<p>le 27\/1\/26, j\u2019emm\u00e8nerai les grandes sections \u00e0 Paris afin de participer \u00e0 la c\u00e9r\u00e9monie de remise de prix de l\u2019Acad\u00e9mie des sciences. Je serai remplac\u00e9e pour les petits et les moyens qui auront donc \u00e9cole comme d\u2019habitude&nbsp;! Pour rappel je &hellip; <a href=\"https:\/\/passerelle2.ac-nantes.fr\/matisse\/les-maternelles\/annee-2025-2026\/dates-et-animations\/27-1-26-les-grands-a-paris\/\">Continuer la lecture <span class=\"meta-nav\">&rarr;<\/span><\/a><\/p>\n","protected":false},"author":5554,"featured_media":0,"parent":9219,"menu_order":0,"comment_status":"closed","ping_status":"closed","template":"","meta":{"ngg_post_thumbnail":0,"h5ap_radio_sources":[],"jetpack_post_was_ever_published":false,"footnotes":""},"folder":[],"class_list":["post-9550","page","type-page","status-publish","hentry"],"jetpack_sharing_enabled":true,"jetpack_shortlink":"https:\/\/wp.me\/P8Njks-2u2","_links":{"self":[{"href":"https:\/\/passerelle2.ac-nantes.fr\/matisse\/wp-json\/wp\/v2\/pages\/9550","targetHints":{"allow":["GET"]}}],"collection":[{"href":"https:\/\/passerelle2.ac-nantes.fr\/matisse\/wp-json\/wp\/v2\/pages"}],"about":[{"href":"https:\/\/passerelle2.ac-nantes.fr\/matisse\/wp-json\/wp\/v2\/types\/page"}],"author":[{"embeddable":true,"href":"https:\/\/passerelle2.ac-nantes.fr\/matisse\/wp-json\/wp\/v2\/users\/5554"}],"replies":[{"embeddable":true,"href":"https:\/\/passerelle2.ac-nantes.fr\/matisse\/wp-json\/wp\/v2\/comments?post=9550"}],"version-history":[{"count":0,"href":"https:\/\/passerelle2.ac-nantes.fr\/matisse\/wp-json\/wp\/v2\/pages\/9550\/revisions"}],"up":[{"embeddable":true,"href":"https:\/\/passerelle2.ac-nantes.fr\/matisse\/wp-json\/wp\/v2\/pages\/9219"}],"wp:attachment":[{"href":"https:\/\/passerelle2.ac-nantes.fr\/matisse\/wp-json\/wp\/v2\/media?parent=9550"}],"wp:term":[{"taxonomy":"folder","embeddable":true,"href":"https:\/\/passerelle2.ac-nantes.fr\/matisse\/wp-json\/wp\/v2\/folder?post=9550"}],"curies":[{"name":"wp","href":"https:\/\/api.w.org\/{rel}","templated":true}]}}