
{"id":9639,"date":"2026-04-15T14:36:22","date_gmt":"2026-04-15T12:36:22","guid":{"rendered":"https:\/\/passerelle2.ac-nantes.fr\/matisse\/?page_id=9639"},"modified":"2026-04-15T14:36:22","modified_gmt":"2026-04-15T12:36:22","slug":"13-5-rencontre-danse","status":"publish","type":"page","link":"https:\/\/passerelle2.ac-nantes.fr\/matisse\/les-maternelles\/annee-2025-2026\/dates-et-animations\/13-5-rencontre-danse\/","title":{"rendered":"13\/5 rencontre danse"},"content":{"rendered":"\n<p>Rencontre danse<\/p>\n\n\n\n<p>le 13\/5\/2026 matin, nous nous rendrons en car \u00e0 la salle Ath\u00e9na afin de participer \u00e0 une rencontre danse&nbsp;! Le spectacle commen\u00e7ant t\u00f4t, nous partirons \u00e0 8H et serons revenus pour 12h.<\/p>\n\n\n\n<p>Je vous remercie d\u2019une part de remplir et signer l autorisation ci dessous, de noter que l\u2019heure d\u2019arriv\u00e9e \u00e0 l\u2019\u00e9cole changera et de bien faire passer vos enfants aux toilettes avant car nous partirons directement&nbsp;! Je vous remercie, cordialement Mme Pourcel<\/p>\n\n\n\n<p>\u2026\u2026\u2026\u2026\u2026\u2026\u2026\u2026\u2026\u2026\u2026\u2026\u2026\u2026\u2026\u2026\u2026\u2026\u2026\u2026\u2026\u2026\u2026\u2026\u2026\u2026\u2026\u2026\u2026\u2026\u2026\u2026\u2026\u2026\u2026\u2026\u2026\u2026\u2026\u2026<\/p>\n\n\n\n<p>Je soussign\u00e9, Mme\/ Mr\u2026\u2026\u2026\u2026\u2026\u2026\u2026\u2026\u2026\u2026\u2026\u2026\u2026\u2026\u2026\u2026\u2026\u2026, autorisons notre enfant nomm\u00e9\u2026\u2026\u2026\u2026\u2026\u2026\u2026\u2026\u2026\u2026\u2026\u2026\u2026\u2026\u2026\u2026\u2026\u2026\u2026. Scolaris\u00e9 en cycle 1 \u00e0 l\u2019\u00e9cole de Pr\u00e9val \u00e0 prendre le car le 13\/5\/26 \u00e0 8h pour participer \u00e0 une rencontre danse.<\/p>\n\n\n\n<p>Signature&nbsp;:<\/p>\n","protected":false},"excerpt":{"rendered":"<p>Rencontre danse le 13\/5\/2026 matin, nous nous rendrons en car \u00e0 la salle Ath\u00e9na afin de participer \u00e0 une rencontre danse&nbsp;! Le spectacle commen\u00e7ant t\u00f4t, nous partirons \u00e0 8H et serons revenus pour 12h. Je vous remercie d\u2019une part de &hellip; <a href=\"https:\/\/passerelle2.ac-nantes.fr\/matisse\/les-maternelles\/annee-2025-2026\/dates-et-animations\/13-5-rencontre-danse\/\">Continuer la lecture <span class=\"meta-nav\">&rarr;<\/span><\/a><\/p>\n","protected":false},"author":5554,"featured_media":0,"parent":9219,"menu_order":0,"comment_status":"closed","ping_status":"closed","template":"","meta":{"ngg_post_thumbnail":0,"h5ap_radio_sources":[],"jetpack_post_was_ever_published":false,"footnotes":""},"folder":[],"class_list":["post-9639","page","type-page","status-publish","hentry"],"jetpack_sharing_enabled":true,"jetpack_shortlink":"https:\/\/wp.me\/P8Njks-2vt","_links":{"self":[{"href":"https:\/\/passerelle2.ac-nantes.fr\/matisse\/wp-json\/wp\/v2\/pages\/9639","targetHints":{"allow":["GET"]}}],"collection":[{"href":"https:\/\/passerelle2.ac-nantes.fr\/matisse\/wp-json\/wp\/v2\/pages"}],"about":[{"href":"https:\/\/passerelle2.ac-nantes.fr\/matisse\/wp-json\/wp\/v2\/types\/page"}],"author":[{"embeddable":true,"href":"https:\/\/passerelle2.ac-nantes.fr\/matisse\/wp-json\/wp\/v2\/users\/5554"}],"replies":[{"embeddable":true,"href":"https:\/\/passerelle2.ac-nantes.fr\/matisse\/wp-json\/wp\/v2\/comments?post=9639"}],"version-history":[{"count":0,"href":"https:\/\/passerelle2.ac-nantes.fr\/matisse\/wp-json\/wp\/v2\/pages\/9639\/revisions"}],"up":[{"embeddable":true,"href":"https:\/\/passerelle2.ac-nantes.fr\/matisse\/wp-json\/wp\/v2\/pages\/9219"}],"wp:attachment":[{"href":"https:\/\/passerelle2.ac-nantes.fr\/matisse\/wp-json\/wp\/v2\/media?parent=9639"}],"wp:term":[{"taxonomy":"folder","embeddable":true,"href":"https:\/\/passerelle2.ac-nantes.fr\/matisse\/wp-json\/wp\/v2\/folder?post=9639"}],"curies":[{"name":"wp","href":"https:\/\/api.w.org\/{rel}","templated":true}]}}