
{"id":127,"date":"2019-09-06T11:32:49","date_gmt":"2019-09-06T09:32:49","guid":{"rendered":"https:\/\/passerelle2.ac-nantes.fr\/sectionsinternationales\/?page_id=127"},"modified":"2020-03-04T09:24:18","modified_gmt":"2020-03-04T08:24:18","slug":"qui-sommes-nous","status":"publish","type":"page","link":"https:\/\/passerelle2.ac-nantes.fr\/sectionsinternationales\/qui-sommes-nous\/","title":{"rendered":"Qui sommes-nous ?"},"content":{"rendered":"\n<p><\/p>\n\n\n\n<p>Situ\u00e9s dans le quartier de l&rsquo;Ile de Nantes, trois \u00e9tablissements publics proposent une Section Internationale : <\/p>\n\n\n\n<p><strong>Ecole \u00e9l\u00e9mentaire Anatole de Monzie<\/strong> : <strong>Section Internationale Am\u00e9ricaine<\/strong> : la section accueille des \u00e9l\u00e8ves fran\u00e7ais et anglophones qui suivent 3 heures d&rsquo;enseignement en anglais par semaine (litt\u00e9rature, langue et civilisation et divers projets men\u00e9s en langue anglaise).<\/p>\n\n\n\n<p>Renseignements : ce.0442074r@ac-nantes.fr  \/ 02 40 89 17 78 <\/p>\n\n\n\n<p><\/p>\n\n\n\n<p><strong>Coll\u00e8ge Aristide Briand : Section Internationale Britannique<\/strong> : en compl\u00e9ment du programme officiel dispens\u00e9 en fran\u00e7ais, les \u00e9l\u00e8ves inscrits en S.I.B.  b\u00e9n\u00e9ficient de 6 heures d\u2019enseignement en anglais  (4 heures en langue et litt\u00e9rature ; 2 heures en histoire-g\u00e9ographie, selon un programme sp\u00e9cifique).<\/p>\n\n\n\n<p>Renseignements : <\/p>\n\n\n\n<p>ce.0440049p@ac-nantes.fr  \/ abriand-nantes.loire-atlantique.e-lyco.fr  \/ 02 40 35 05 50<\/p>\n\n\n\n<p><strong>Lyc\u00e9e Nelson Mandela : Section Internationale Am\u00e9ricaine<\/strong> : les lyc\u00e9ens de la section b\u00e9n\u00e9ficient d\u2019un programme sp\u00e9cifique de 12 heures d\u2019enseignement en anglais  : 5 heures en histoire-g\u00e9ographie et 7  heures de litt\u00e9rature, langue et civilisation.<\/p>\n\n\n\n<p>Renseignements : <\/p>\n\n\n\n<p>ce.0442765s@ac-nantes.fr  \/ nelson-mandela.paysdelaloire.e-lyco.fr \/ 02 51 72 86 60<\/p>\n\n\n\n<p><\/p>\n","protected":false},"excerpt":{"rendered":"<p>Situ\u00e9s dans le quartier de l&rsquo;Ile de Nantes, trois \u00e9tablissements publics proposent une Section Internationale : Ecole \u00e9l\u00e9mentaire Anatole de Monzie : Section Internationale Am\u00e9ricaine : la section accueille des \u00e9l\u00e8ves fran\u00e7ais et anglophones qui suivent 3 heures d&rsquo;enseignement en &hellip; <a href=\"https:\/\/passerelle2.ac-nantes.fr\/sectionsinternationales\/qui-sommes-nous\/\">Continuer la lecture <span class=\"meta-nav\">&rarr;<\/span><\/a><\/p>\n","protected":false},"author":7950,"featured_media":0,"parent":0,"menu_order":0,"comment_status":"closed","ping_status":"closed","template":"","meta":{"ngg_post_thumbnail":0,"h5ap_radio_sources":[],"footnotes":""},"folder":[],"class_list":["post-127","page","type-page","status-publish","hentry"],"_links":{"self":[{"href":"https:\/\/passerelle2.ac-nantes.fr\/sectionsinternationales\/wp-json\/wp\/v2\/pages\/127","targetHints":{"allow":["GET"]}}],"collection":[{"href":"https:\/\/passerelle2.ac-nantes.fr\/sectionsinternationales\/wp-json\/wp\/v2\/pages"}],"about":[{"href":"https:\/\/passerelle2.ac-nantes.fr\/sectionsinternationales\/wp-json\/wp\/v2\/types\/page"}],"author":[{"embeddable":true,"href":"https:\/\/passerelle2.ac-nantes.fr\/sectionsinternationales\/wp-json\/wp\/v2\/users\/7950"}],"replies":[{"embeddable":true,"href":"https:\/\/passerelle2.ac-nantes.fr\/sectionsinternationales\/wp-json\/wp\/v2\/comments?post=127"}],"version-history":[{"count":0,"href":"https:\/\/passerelle2.ac-nantes.fr\/sectionsinternationales\/wp-json\/wp\/v2\/pages\/127\/revisions"}],"wp:attachment":[{"href":"https:\/\/passerelle2.ac-nantes.fr\/sectionsinternationales\/wp-json\/wp\/v2\/media?parent=127"}],"wp:term":[{"taxonomy":"folder","embeddable":true,"href":"https:\/\/passerelle2.ac-nantes.fr\/sectionsinternationales\/wp-json\/wp\/v2\/folder?post=127"}],"curies":[{"name":"wp","href":"https:\/\/api.w.org\/{rel}","templated":true}]}}