
{"id":96,"date":"2019-07-04T14:51:03","date_gmt":"2019-07-04T12:51:03","guid":{"rendered":"https:\/\/passerelle2.ac-nantes.fr\/sectionsinternationales\/?page_id=96"},"modified":"2021-01-26T15:10:45","modified_gmt":"2021-01-26T14:10:45","slug":"mentions-legales","status":"publish","type":"page","link":"https:\/\/passerelle2.ac-nantes.fr\/sectionsinternationales\/mentions-legales\/","title":{"rendered":"Mentions l\u00e9gales"},"content":{"rendered":"<p>Renseignements \u00e9ditoriaux<\/p>\n<p>Vous \u00eates connect\u00e9s \u00e0 la plateforme de blogs passerelle <\/p>\n<p>Responsable \u00e9ditorial : Daphn\u00e9 Unal \/ Fabienne Ridoret<\/p>\n<p>H\u00e9bergeur : Rectorat de Nantes.<\/p>\n<p>4 rue de la Houssini\u00e8re<\/p>\n<p>BP 72626 44326 NANTES Cedex 3<\/p>\n<p>Pour nous contacter<\/p>\n<p>Conform\u00e9ment \u00e0 l\u2019article 34 de la loi Informatique et Libert\u00e9s du 6 janvier 1978, vous disposez d\u2019un droit d\u2019acc\u00e8s aux informations vous concernant. Vous pouvez \u00e9galement demander la modification ou la suppression de ces informations. Il vous suffit d\u2019\u00e9crire \u00e0 l\u2019adresse suivante, \u00e0 l\u2019attention de :<\/p>\n<p>Nom du directeur : Daphn\u00e9 Unal<\/p>\n<p>Adresse de l\u2019\u00e9cole : 3 rue L\u00e9on Buerne 44200 Nantes<\/p>\n<p>Pour en savoir plus sur le traitement des donn\u00e9es, veuillez consulter notre politique de confidentialit\u00e9.<\/p>\n","protected":false},"excerpt":{"rendered":"","protected":false},"author":7950,"featured_media":0,"parent":0,"menu_order":0,"comment_status":"closed","ping_status":"closed","template":"","meta":{"ngg_post_thumbnail":0,"h5ap_radio_sources":[],"footnotes":""},"folder":[],"class_list":["post-96","page","type-page","status-publish","hentry"],"_links":{"self":[{"href":"https:\/\/passerelle2.ac-nantes.fr\/sectionsinternationales\/wp-json\/wp\/v2\/pages\/96","targetHints":{"allow":["GET"]}}],"collection":[{"href":"https:\/\/passerelle2.ac-nantes.fr\/sectionsinternationales\/wp-json\/wp\/v2\/pages"}],"about":[{"href":"https:\/\/passerelle2.ac-nantes.fr\/sectionsinternationales\/wp-json\/wp\/v2\/types\/page"}],"author":[{"embeddable":true,"href":"https:\/\/passerelle2.ac-nantes.fr\/sectionsinternationales\/wp-json\/wp\/v2\/users\/7950"}],"replies":[{"embeddable":true,"href":"https:\/\/passerelle2.ac-nantes.fr\/sectionsinternationales\/wp-json\/wp\/v2\/comments?post=96"}],"version-history":[{"count":0,"href":"https:\/\/passerelle2.ac-nantes.fr\/sectionsinternationales\/wp-json\/wp\/v2\/pages\/96\/revisions"}],"wp:attachment":[{"href":"https:\/\/passerelle2.ac-nantes.fr\/sectionsinternationales\/wp-json\/wp\/v2\/media?parent=96"}],"wp:term":[{"taxonomy":"folder","embeddable":true,"href":"https:\/\/passerelle2.ac-nantes.fr\/sectionsinternationales\/wp-json\/wp\/v2\/folder?post=96"}],"curies":[{"name":"wp","href":"https:\/\/api.w.org\/{rel}","templated":true}]}}